{"id":2368,"date":"2025-07-22T14:55:47","date_gmt":"2025-07-22T14:55:47","guid":{"rendered":"https:\/\/wp-lp-dev.simetrik.com\/information-security-privacy-policy\/"},"modified":"2025-08-18T00:03:52","modified_gmt":"2025-08-18T00:03:52","slug":"information-security-privacy-policy","status":"publish","type":"page","link":"https:\/\/wp-lp-dev.simetrik.com\/pt-br\/information-security-privacy-policy\/","title":{"rendered":"Pol\u00edtica de Seguran\u00e7a da Informa\u00e7\u00e3o e Privacidade"},"content":{"rendered":"\n<h3 class=\"wp-block-heading\"><strong>1. OBJETIVO&nbsp;<\/strong><\/h3>\n\n\n\n<p>Proteger os ativos de informa\u00e7\u00e3o da Simetrik contra riscos e amea\u00e7as, tanto internos quanto externos, garantindo a&nbsp;<strong>confidencialidade<\/strong>,<strong>&nbsp;integridade<\/strong>,&nbsp;<strong>disponibilidade<\/strong>&nbsp;e<strong>&nbsp;privacidade<\/strong>&nbsp;da informa\u00e7\u00e3o.<\/p>\n\n\n\n<p>Na Simetrik, a seguran\u00e7a da informa\u00e7\u00e3o \u00e9 um pilar fundamental para a prote\u00e7\u00e3o dos nossos ativos, a confian\u00e7a dos nossos clientes e o cumprimento das normas internacionais.<\/p>\n\n\n\n<h3 class=\"wp-block-heading\"><strong>2. ESCOPO<\/strong><\/h3>\n\n\n\n<p>Esta pol\u00edtica se aplica a todos os colaboradores, contratados, fornecedores e qualquer pessoa ou entidade com acesso aos sistemas, informa\u00e7\u00f5es e ativos de informa\u00e7\u00e3o da Simetrik.<\/p>\n\n\n\n<h3 class=\"wp-block-heading\"><strong>3. PRINC\u00cdPIOS DE SEGURAN\u00c7A<\/strong><\/h3>\n\n\n\n<p>Adotamos uma abordagem baseada em riscos para proteger os ativos de informa\u00e7\u00e3o e os dados dos clientes contra amea\u00e7as de alto impacto e probabilidade.<\/p>\n\n\n\n<p>Al\u00e9m disso, integramos os princ\u00edpios de seguran\u00e7a da informa\u00e7\u00e3o na cultura organizacional, tornando a seguran\u00e7a da informa\u00e7\u00e3o uma responsabilidade compartilhada entre a alta administra\u00e7\u00e3o, colaboradores, contratados e terceiros, garantindo assim uma estrutura de seguran\u00e7a robusta.<\/p>\n\n\n\n<p>A Simetrik assume um firme compromisso com os seguintes princ\u00edpios fundamentais de seguran\u00e7a e privacidade:<\/p>\n\n\n\n<ul class=\"wp-block-list\">\n<li><strong>Confidencialidade:<\/strong>\u00a0Garantimos que apenas pessoas autorizadas tenham acesso \u00e0 informa\u00e7\u00e3o, evitando acessos n\u00e3o autorizados ou divulga\u00e7\u00f5es indevidas.<\/li>\n\n\n\n<li><strong>Integridade:\u00a0<\/strong>Asseguramos que a informa\u00e7\u00e3o esteja protegida contra modifica\u00e7\u00f5es n\u00e3o autorizadas, mantendo-a precisa, confi\u00e1vel e completa.<\/li>\n\n\n\n<li><strong>Disponibilidade:\u00a0<\/strong>Garantimos que a informa\u00e7\u00e3o esteja dispon\u00edvel sempre que necess\u00e1rio, sem interrup\u00e7\u00f5es que afetem nossas opera\u00e7\u00f5es.<\/li>\n\n\n\n<li><strong>Privacidade:\u00a0<\/strong>Protegemos os dados pessoais, respeitando a privacidade de clientes, colaboradores e terceiros, sempre em conformidade com as leis e regulamentos aplic\u00e1veis.<\/li>\n<\/ul>\n\n\n\n<p>Diretrizes principais:<\/p>\n\n\n\n<ul class=\"wp-block-list\">\n<li>A Confidencialidade, Integridade, Disponibilidade e Privacidade dos ativos de informa\u00e7\u00e3o da Simetrik devem ser sempre garantidas.<\/li>\n\n\n\n<li>Todos os sistemas de informa\u00e7\u00e3o e ativos de informa\u00e7\u00e3o utilizados nas opera\u00e7\u00f5es e na presta\u00e7\u00e3o de servi\u00e7os devem cumprir os controles de seguran\u00e7a definidos pelo Infosec.<\/li>\n\n\n\n<li>Todos os colaboradores, contratados e terceiros devem receber forma\u00e7\u00e3o e conscientiza\u00e7\u00e3o anual em seguran\u00e7a da informa\u00e7\u00e3o para garantir que possuam o conhecimento, habilidades e ferramentas necess\u00e1rias para contribuir com a prote\u00e7\u00e3o da informa\u00e7\u00e3o e dos ativos de informa\u00e7\u00e3o aos quais t\u00eam acesso.<\/li>\n\n\n\n<li>Devem ser aplicadas medidas para prevenir, detectar, responder, analisar, recuperar e investigar amea\u00e7as e vulnerabilidades de forma proativa.<\/li>\n\n\n\n<li>Devem ser implementadas metodologias e ferramentas que permitam uma adapta\u00e7\u00e3o \u00e1gil \u00e0s mudan\u00e7as no ambiente tecnol\u00f3gico e \u00e0s novas amea\u00e7as.<\/li>\n\n\n\n<li>A seguran\u00e7a da informa\u00e7\u00e3o deve estar integrada em todos os processos estrat\u00e9gicos e operacionais, garantindo que agregue valor e apoie o crescimento da Simetrik.<\/li>\n\n\n\n<li>A Simetrik deve garantir o cumprimento de todas as leis, normas e padr\u00f5es de seguran\u00e7a aplic\u00e1veis, incluindo:\n<ul class=\"wp-block-list\">\n<li>Regulamentos internacionais e locais de privacidade e seguran\u00e7a de dados.<\/li>\n\n\n\n<li>Padr\u00e3o de Seguran\u00e7a de Dados PCI DSS.<\/li>\n\n\n\n<li>Melhores pr\u00e1ticas de seguran\u00e7a da informa\u00e7\u00e3o, incluindo ISO 27001, ISO 27701 e ISO 27018.<\/li>\n\n\n\n<li>Acordos contratuais e compromissos com clientes.<\/li>\n\n\n\n<li>Todas as leis e regulamentos aplic\u00e1veis nas jurisdi\u00e7\u00f5es onde operamos.<\/li>\n<\/ul>\n<\/li>\n<\/ul>\n\n\n\n<h3 class=\"wp-block-heading\"><strong>4. RESPONSABILIDADES EM SEGURAN\u00c7A DA INFORMA\u00c7\u00c3O<\/strong><\/h3>\n\n\n\n<p>A seguran\u00e7a da informa\u00e7\u00e3o \u00e9 uma responsabilidade compartilhada dentro da Simetrik.<\/p>\n\n\n\n<p>Todos os colaboradores, fornecedores e terceiros com acesso aos nossos sistemas devem:<\/p>\n\n\n\n<ul class=\"wp-block-list\">\n<li>Cumprir com as pol\u00edticas e diretrizes de seguran\u00e7a estabelecidas.<\/li>\n\n\n\n<li>Aplicar medidas adequadas para a prote\u00e7\u00e3o da informa\u00e7\u00e3o.<\/li>\n\n\n\n<li>Relatar imediatamente qualquer incidente ou anomalia de seguran\u00e7a.<\/li>\n\n\n\n<li>Participar dos programas de forma\u00e7\u00e3o em seguran\u00e7a da informa\u00e7\u00e3o.<\/li>\n<\/ul>\n\n\n\n<p>O&nbsp;<strong><em>Diretor de Seguran\u00e7a da Informa\u00e7\u00e3o<\/em><\/strong>&nbsp;\u00e9 respons\u00e1vel por proteger os ativos de informa\u00e7\u00e3o e minimizar os riscos associados a esses ativos.<\/p>\n\n\n\n<p>Para mais informa\u00e7\u00f5es sobre fun\u00e7\u00f5es espec\u00edficas, consulte o documento de&nbsp;<strong><em>Pap\u00e9is<\/em><\/strong>&nbsp;e&nbsp;<strong><em>Responsabilidades<\/em><\/strong>.<\/p>\n\n\n\n<h3 class=\"wp-block-heading\"><strong>5. CONTROLES E MEDIDAS&nbsp;<\/strong><\/h3>\n\n\n\n<p><strong>5.1 SEGURAN\u00c7A DA INFORMA\u00c7\u00c3O<\/strong><\/p>\n\n\n\n<p>Implementamos controles para garantir a prote\u00e7\u00e3o da informa\u00e7\u00e3o nas seguintes \u00e1reas:<\/p>\n\n\n\n<ul class=\"wp-block-list\">\n<li><strong>Controle de acesso:<\/strong>\u00a0Gest\u00e3o de credenciais, autentica\u00e7\u00e3o multifator (MFA) e princ\u00edpio de privil\u00e9gio m\u00ednimo.<\/li>\n\n\n\n<li><strong>Prote\u00e7\u00e3o de dados:\u00a0<\/strong>Criptografia em tr\u00e2nsito e em repouso, anonimiza\u00e7\u00e3o e controle de acesso a dados sens\u00edveis.<\/li>\n\n\n\n<li><strong>Seguran\u00e7a na nuvem:\u00a0<\/strong>Aplica\u00e7\u00e3o de controles de seguran\u00e7a em servi\u00e7os cloud<strong>.<\/strong><\/li>\n\n\n\n<li><strong>Seguran\u00e7a no desenvolvimento de software:<\/strong>\u00a0Implementa\u00e7\u00e3o de pr\u00e1ticas de desenvolvimento seguro e testes de vulnerabilidades.<\/li>\n\n\n\n<li><strong>Gest\u00e3o de incidentes de seguran\u00e7a:<\/strong>\u00a0Plano de resposta, an\u00e1lise de eventos e mitiga\u00e7\u00e3o de riscos.<\/li>\n\n\n\n<li><strong>Gest\u00e3o de riscos:\u00a0<\/strong>Avalia\u00e7\u00e3o e mitiga\u00e7\u00e3o cont\u00ednua de amea\u00e7as.<\/li>\n\n\n\n<li><strong>Monitoramento e auditoria:\u00a0<\/strong>An\u00e1lise cont\u00ednua de atividades e detec\u00e7\u00e3o de anomalias.<\/li>\n\n\n\n<li><strong>Seguran\u00e7a em fornecedores e terceiros:\u00a0<\/strong>Avalia\u00e7\u00e3o de riscos, cumprimento de requisitos de seguran\u00e7a e acordos contratuais.<\/li>\n\n\n\n<li><strong>Continuidade do neg\u00f3cio e recupera\u00e7\u00e3o de desastres:\u00a0<\/strong>Planos de conting\u00eancia para garantir a operacionalidade em caso de incidentes.<\/li>\n\n\n\n<li><strong>Conscientiza\u00e7\u00e3o e forma\u00e7\u00e3o em seguran\u00e7a:\u00a0<\/strong>Treinamento cont\u00ednuo para colaboradores e terceiros em boas pr\u00e1ticas de seguran\u00e7a, incluindo ciberseguran\u00e7a, engenharia social e phishing.<\/li>\n<\/ul>\n\n\n\n<p><strong>5.2 CIBERSEGURAN\u00c7A<\/strong><\/p>\n\n\n\n<p>A Simetrik adota uma abordagem de ciberseguran\u00e7a para proteger sua infraestrutura, dados e opera\u00e7\u00f5es contra amea\u00e7as digitais em constante evolu\u00e7\u00e3o. Para isso, s\u00e3o estabelecidos os seguintes princ\u00edpios e controles:<\/p>\n\n\n\n<ul class=\"wp-block-list\">\n<li><strong>Gest\u00e3o de amea\u00e7as e vulnerabilidades:\u00a0<\/strong>Monitoramento cont\u00ednuo de amea\u00e7as, an\u00e1lise de vulnerabilidades e gest\u00e3o de riscos cibern\u00e9ticos.<\/li>\n\n\n\n<li><strong>Prote\u00e7\u00e3o contra ataques cibern\u00e9ticos:\u00a0<\/strong>Implementa\u00e7\u00e3o de solu\u00e7\u00f5es avan\u00e7adas de seguran\u00e7a, como WAF, antiv\u00edrus e ferramentas de resposta a ataques.<\/li>\n\n\n\n<li><strong>Seguran\u00e7a na rede:\u00a0<\/strong>Aplica\u00e7\u00e3o de controles para proteger redes internas e externas por meio de segmenta\u00e7\u00e3o, protocolos seguros e monitoramento de tr\u00e1fego.<\/li>\n\n\n\n<li><strong>Seguran\u00e7a em identidades e acessos:<\/strong>\u00a0Implementa\u00e7\u00e3o de pol\u00edticas de autentica\u00e7\u00e3o robusta e gest\u00e3o de identidades para minimizar os riscos de acesso n\u00e3o autorizado.<\/li>\n\n\n\n<li><strong>Ciberseguran\u00e7a em dispositivos:\u00a0<\/strong>Aplica\u00e7\u00e3o de controles de seguran\u00e7a em endpoints e equipamentos corporativos para prevenir ataques direcionados.<\/li>\n<\/ul>\n\n\n\n<h3 class=\"wp-block-heading\"><strong>6. COMUNICA\u00c7\u00c3O E RELAT\u00d3RIO DE INCIDENTES<\/strong><\/h3>\n\n\n\n<p>A equipe de Seguran\u00e7a da Informa\u00e7\u00e3o da Simetrik est\u00e1 dispon\u00edvel para esclarecer d\u00favidas ou receber relatos de incidentes pelo e-mail&nbsp;&nbsp;<a href=\"mailto:incidents@simetrik.com\">incidents@simetrik.com<\/a>.&nbsp;<\/p>\n\n\n\n<p>N\u00e3o relatar incidentes ou viola\u00e7\u00f5es pode resultar em a\u00e7\u00f5es disciplinares e\/ou corretivas, conforme aplic\u00e1vel.<\/p>\n\n\n\n<h3 class=\"wp-block-heading\"><strong>7. EXCE\u00c7\u00d5ES<\/strong><\/h3>\n\n\n\n<p>Qualquer exce\u00e7\u00e3o a esta pol\u00edtica deve ser aprovada pelo&nbsp;<strong>Diretor de Seguran\u00e7a da Informa\u00e7\u00e3o.<\/strong><\/p>\n\n\n\n<h3 class=\"wp-block-heading\"><strong>8. CONFORMIDADE<\/strong><\/h3>\n\n\n\n<p>A seguran\u00e7a da informa\u00e7\u00e3o \u00e9 parte da nossa identidade e compromisso com a confian\u00e7a e excel\u00eancia.<\/p>\n\n\n\n<p>O descumprimento desta pol\u00edtica ser\u00e1 considerado uma falta grave e poder\u00e1 resultar em medidas disciplinares, incluindo san\u00e7\u00f5es administrativas ou rescis\u00e3o do contrato de trabalho, conforme a legisla\u00e7\u00e3o vigente e as pol\u00edticas internas da Simetrik.<\/p>\n\n\n\n<p>Todos os colaboradores, contratados e terceiros s\u00e3o respons\u00e1veis pelo cumprimento desta pol\u00edtica.<\/p>\n\n\n\n<p>\u200d<\/p>\n\n\n\n<p><strong>Emiliano Mur\u00faa Cuesta<\/strong><\/p>\n\n\n\n<p><strong>Diretor de Seguran\u00e7a da Informa\u00e7\u00e3o<\/strong><\/p>\n\n\n\n<p>\u200d<\/p>\n\n\n\n<p><strong>\u00daltima atualiza\u00e7\u00e3o:<\/strong><strong>&nbsp;20 de mar\u00e7o de 2025<\/strong><\/p>\n","protected":false},"excerpt":{"rendered":"<p>1. OBJETIVO&nbsp; Proteger os ativos de informa\u00e7\u00e3o da Simetrik contra riscos e amea\u00e7as, tanto internos quanto externos, garantindo a&nbsp;confidencialidade,&nbsp;integridade,&nbsp;disponibilidade&nbsp;e&nbsp;privacidade&nbsp;da informa\u00e7\u00e3o. Na Simetrik, a seguran\u00e7a da informa\u00e7\u00e3o \u00e9 um pilar fundamental para a prote\u00e7\u00e3o dos nossos ativos, a confian\u00e7a dos nossos clientes e o cumprimento das normas internacionais. 2. ESCOPO Esta pol\u00edtica se aplica a todos<a class=\"excerpt-read-more\" href=\"https:\/\/wp-lp-dev.simetrik.com\/pt-br\/information-security-privacy-policy\/\" title=\"ReadPol\u00edtica de Seguran\u00e7a da Informa\u00e7\u00e3o e Privacidade\">&#8230; Read more &raquo;<\/a><\/p>\n","protected":false},"author":1,"featured_media":0,"parent":0,"menu_order":0,"comment_status":"closed","ping_status":"open","template":"","meta":{"_acf_changed":true,"inline_featured_image":false,"footnotes":""},"class_list":["post-2368","page","type-page","status-publish","hentry"],"acf":[],"yoast_head":"<!-- This site is optimized with the Yoast SEO plugin v25.7 - https:\/\/yoast.com\/wordpress\/plugins\/seo\/ -->\n<title>Pol\u00edtica de Seguran\u00e7a da Informa\u00e7\u00e3o e Privacidade - Simetrik<\/title>\n<meta name=\"robots\" content=\"index, follow, max-snippet:-1, max-image-preview:large, max-video-preview:-1\" \/>\n<link rel=\"canonical\" href=\"https:\/\/wp-lp-dev.simetrik.com\/pt-br\/information-security-privacy-policy\/\" \/>\n<meta property=\"og:locale\" content=\"pt_BR\" \/>\n<meta property=\"og:type\" content=\"article\" \/>\n<meta property=\"og:title\" content=\"Pol\u00edtica de Seguran\u00e7a da Informa\u00e7\u00e3o e Privacidade - Simetrik\" \/>\n<meta property=\"og:description\" content=\"1. OBJETIVO&nbsp; Proteger os ativos de informa\u00e7\u00e3o da Simetrik contra riscos e amea\u00e7as, tanto internos quanto externos, garantindo a&nbsp;confidencialidade,&nbsp;integridade,&nbsp;disponibilidade&nbsp;e&nbsp;privacidade&nbsp;da informa\u00e7\u00e3o. Na Simetrik, a seguran\u00e7a da informa\u00e7\u00e3o \u00e9 um pilar fundamental para a prote\u00e7\u00e3o dos nossos ativos, a confian\u00e7a dos nossos clientes e o cumprimento das normas internacionais. 2. ESCOPO Esta pol\u00edtica se aplica a todos... Read more &raquo;\" \/>\n<meta property=\"og:url\" content=\"https:\/\/wp-lp-dev.simetrik.com\/pt-br\/information-security-privacy-policy\/\" \/>\n<meta property=\"og:site_name\" content=\"Simetrik\" \/>\n<meta property=\"article:modified_time\" content=\"2025-08-18T00:03:52+00:00\" \/>\n<meta name=\"twitter:card\" content=\"summary_large_image\" \/>\n<meta name=\"twitter:label1\" content=\"Est. tempo de leitura\" \/>\n\t<meta name=\"twitter:data1\" content=\"5 minutos\" \/>\n<script type=\"application\/ld+json\" class=\"yoast-schema-graph\">{\"@context\":\"https:\/\/schema.org\",\"@graph\":[{\"@type\":\"WebPage\",\"@id\":\"https:\/\/wp-lp-dev.simetrik.com\/pt-br\/information-security-privacy-policy\/\",\"url\":\"https:\/\/wp-lp-dev.simetrik.com\/pt-br\/information-security-privacy-policy\/\",\"name\":\"Pol\u00edtica de Seguran\u00e7a da Informa\u00e7\u00e3o e Privacidade - Simetrik\",\"isPartOf\":{\"@id\":\"https:\/\/wp-lp-dev.simetrik.com\/pt-br\/#website\"},\"datePublished\":\"2025-07-22T14:55:47+00:00\",\"dateModified\":\"2025-08-18T00:03:52+00:00\",\"breadcrumb\":{\"@id\":\"https:\/\/wp-lp-dev.simetrik.com\/pt-br\/information-security-privacy-policy\/#breadcrumb\"},\"inLanguage\":\"pt-BR\",\"potentialAction\":[{\"@type\":\"ReadAction\",\"target\":[\"https:\/\/wp-lp-dev.simetrik.com\/pt-br\/information-security-privacy-policy\/\"]}]},{\"@type\":\"BreadcrumbList\",\"@id\":\"https:\/\/wp-lp-dev.simetrik.com\/pt-br\/information-security-privacy-policy\/#breadcrumb\",\"itemListElement\":[{\"@type\":\"ListItem\",\"position\":1,\"name\":\"Home\",\"item\":\"https:\/\/wp-lp-dev.simetrik.com\/pt-br\/\"},{\"@type\":\"ListItem\",\"position\":2,\"name\":\"Pol\u00edtica de Seguran\u00e7a da Informa\u00e7\u00e3o e Privacidade\"}]},{\"@type\":\"WebSite\",\"@id\":\"https:\/\/wp-lp-dev.simetrik.com\/pt-br\/#website\",\"url\":\"https:\/\/wp-lp-dev.simetrik.com\/pt-br\/\",\"name\":\"Simetrik\",\"description\":\"\",\"potentialAction\":[{\"@type\":\"SearchAction\",\"target\":{\"@type\":\"EntryPoint\",\"urlTemplate\":\"https:\/\/wp-lp-dev.simetrik.com\/pt-br\/?s={search_term_string}\"},\"query-input\":{\"@type\":\"PropertyValueSpecification\",\"valueRequired\":true,\"valueName\":\"search_term_string\"}}],\"inLanguage\":\"pt-BR\"}]}<\/script>\n<!-- \/ Yoast SEO plugin. -->","yoast_head_json":{"title":"Pol\u00edtica de Seguran\u00e7a da Informa\u00e7\u00e3o e Privacidade - Simetrik","robots":{"index":"index","follow":"follow","max-snippet":"max-snippet:-1","max-image-preview":"max-image-preview:large","max-video-preview":"max-video-preview:-1"},"canonical":"https:\/\/wp-lp-dev.simetrik.com\/pt-br\/information-security-privacy-policy\/","og_locale":"pt_BR","og_type":"article","og_title":"Pol\u00edtica de Seguran\u00e7a da Informa\u00e7\u00e3o e Privacidade - Simetrik","og_description":"1. OBJETIVO&nbsp; Proteger os ativos de informa\u00e7\u00e3o da Simetrik contra riscos e amea\u00e7as, tanto internos quanto externos, garantindo a&nbsp;confidencialidade,&nbsp;integridade,&nbsp;disponibilidade&nbsp;e&nbsp;privacidade&nbsp;da informa\u00e7\u00e3o. Na Simetrik, a seguran\u00e7a da informa\u00e7\u00e3o \u00e9 um pilar fundamental para a prote\u00e7\u00e3o dos nossos ativos, a confian\u00e7a dos nossos clientes e o cumprimento das normas internacionais. 2. ESCOPO Esta pol\u00edtica se aplica a todos... Read more &raquo;","og_url":"https:\/\/wp-lp-dev.simetrik.com\/pt-br\/information-security-privacy-policy\/","og_site_name":"Simetrik","article_modified_time":"2025-08-18T00:03:52+00:00","twitter_card":"summary_large_image","twitter_misc":{"Est. tempo de leitura":"5 minutos"},"schema":{"@context":"https:\/\/schema.org","@graph":[{"@type":"WebPage","@id":"https:\/\/wp-lp-dev.simetrik.com\/pt-br\/information-security-privacy-policy\/","url":"https:\/\/wp-lp-dev.simetrik.com\/pt-br\/information-security-privacy-policy\/","name":"Pol\u00edtica de Seguran\u00e7a da Informa\u00e7\u00e3o e Privacidade - Simetrik","isPartOf":{"@id":"https:\/\/wp-lp-dev.simetrik.com\/pt-br\/#website"},"datePublished":"2025-07-22T14:55:47+00:00","dateModified":"2025-08-18T00:03:52+00:00","breadcrumb":{"@id":"https:\/\/wp-lp-dev.simetrik.com\/pt-br\/information-security-privacy-policy\/#breadcrumb"},"inLanguage":"pt-BR","potentialAction":[{"@type":"ReadAction","target":["https:\/\/wp-lp-dev.simetrik.com\/pt-br\/information-security-privacy-policy\/"]}]},{"@type":"BreadcrumbList","@id":"https:\/\/wp-lp-dev.simetrik.com\/pt-br\/information-security-privacy-policy\/#breadcrumb","itemListElement":[{"@type":"ListItem","position":1,"name":"Home","item":"https:\/\/wp-lp-dev.simetrik.com\/pt-br\/"},{"@type":"ListItem","position":2,"name":"Pol\u00edtica de Seguran\u00e7a da Informa\u00e7\u00e3o e Privacidade"}]},{"@type":"WebSite","@id":"https:\/\/wp-lp-dev.simetrik.com\/pt-br\/#website","url":"https:\/\/wp-lp-dev.simetrik.com\/pt-br\/","name":"Simetrik","description":"","potentialAction":[{"@type":"SearchAction","target":{"@type":"EntryPoint","urlTemplate":"https:\/\/wp-lp-dev.simetrik.com\/pt-br\/?s={search_term_string}"},"query-input":{"@type":"PropertyValueSpecification","valueRequired":true,"valueName":"search_term_string"}}],"inLanguage":"pt-BR"}]}},"_links":{"self":[{"href":"https:\/\/wp-lp-dev.simetrik.com\/pt-br\/wp-json\/wp\/v2\/pages\/2368","targetHints":{"allow":["GET"]}}],"collection":[{"href":"https:\/\/wp-lp-dev.simetrik.com\/pt-br\/wp-json\/wp\/v2\/pages"}],"about":[{"href":"https:\/\/wp-lp-dev.simetrik.com\/pt-br\/wp-json\/wp\/v2\/types\/page"}],"author":[{"embeddable":true,"href":"https:\/\/wp-lp-dev.simetrik.com\/pt-br\/wp-json\/wp\/v2\/users\/1"}],"replies":[{"embeddable":true,"href":"https:\/\/wp-lp-dev.simetrik.com\/pt-br\/wp-json\/wp\/v2\/comments?post=2368"}],"version-history":[{"count":0,"href":"https:\/\/wp-lp-dev.simetrik.com\/pt-br\/wp-json\/wp\/v2\/pages\/2368\/revisions"}],"wp:attachment":[{"href":"https:\/\/wp-lp-dev.simetrik.com\/pt-br\/wp-json\/wp\/v2\/media?parent=2368"}],"curies":[{"name":"wp","href":"https:\/\/api.w.org\/{rel}","templated":true}]}}