{"id":2362,"date":"2025-08-13T21:14:25","date_gmt":"2025-08-13T21:14:25","guid":{"rendered":"https:\/\/wp-lp-dev.simetrik.com\/privacy-notice\/"},"modified":"2025-08-19T01:12:43","modified_gmt":"2025-08-19T01:12:43","slug":"privacy-notice","status":"publish","type":"page","link":"https:\/\/wp-lp-dev.simetrik.com\/pt-br\/privacy-notice\/","title":{"rendered":"Aviso de Privacidade"},"content":{"rendered":"\n<p>Em cumprimento ao disposto na Lei 1266 de 2008, na Lei 1581 de 2012, bem como no Decreto compilat\u00f3rio 1074 de 2015 (Se\u00e7\u00e3o 2.2.2.25.3), al\u00e9m disso, referenciando as diretrizes estabelecidas pelo Regulamento Geral de Prote\u00e7\u00e3o de Dados (RGPD) e pela Lei Geral de Prote\u00e7\u00e3o de Dados Pessoais (LGPD), e especialmente sobre a necessidade e import\u00e2ncia de desenvolver e aplicar um AVISO DE PRIVACIDADE nos casos em que n\u00e3o seja poss\u00edvel ou f\u00e1cil disponibilizar ao Titular as pol\u00edticas de privacidade e tratamento das informa\u00e7\u00f5es, a SIMETRIK INC, sociedade estadunidense do Estado de Delaware, com domic\u00edlio na cidade de San Francisco, Calif\u00f3rnia, identificada com EIN No. 61-1863197, na qualidade de matriz. SIMETRIK S.A.S, sociedade colombiana, constitu\u00edda sob as leis da Rep\u00fablica da Col\u00f4mbia, com domic\u00edlio na cidade de Bogot\u00e1 D.C., identificada com NIT. 901.030.030-8, na qualidade de sociedade filial a seguir denominada SIMETRIK, que atua como RESPONS\u00c1VEL PELO TRATAMENTO DE DADOS PESSOAIS, informa \u00e0s partes interessadas que as informa\u00e7\u00f5es identific\u00e1veis de car\u00e1ter pessoal (dados pessoais) ser\u00e3o tratadas de acordo com a\u00a0<strong>POL\u00cdTICA DE GEST\u00c3O DA PRIVACIDADE E PROTE\u00c7\u00c3O DAS INFORMA\u00c7\u00d5ES IDENTIFIC\u00c1VEIS DE CAR\u00c1TER PESSOAL (DADOS PESSOAIS) EM SUA\u00a0<\/strong><\/p>\n\n\n\n<p><strong>ADMINISTRA\u00c7\u00c3O E TRATAMENTO&nbsp;<\/strong>desenvolvida, mantida e dispon\u00edvel fisicamente em qualquer uma das suas sedes, bem como em seu site https:\/\/simetrik.com\/legal?q=privacy_policy, em conformidade com o quadro de requisitos sobre gest\u00e3o e tratamento de dados pessoais.<\/p>\n\n\n\n<h2 class=\"wp-block-heading\">Tratamento<\/h2>\n\n\n\n<p>A administra\u00e7\u00e3o e tratamento que a SIMETRIK d\u00e1 aos dados pessoais limita-se \u00e0 coleta, armazenamento, uso e circula\u00e7\u00e3o interna da empresa, bem como \u00e0 transfer\u00eancia internacional para sua matriz SIMETRIK INC, e igualmente a fornecedores, conforme aplic\u00e1vel, para os fins autorizados. Uma vez que os objetivos do tratamento para os quais a autoriza\u00e7\u00e3o do titular foi concedida tenham sido cumpridos, os dados pessoais ser\u00e3o exclu\u00eddos das bases de dados da entidade. Os dados pessoais coletados pela SIMETRIK s\u00e3o usados essencialmente para o desenvolvimento do objeto social da empresa e o alcance dos seus objetivos estrat\u00e9gicos, estabelecidos no quadro normativo colombiano.<\/p>\n\n\n\n<h2 class=\"wp-block-heading\">Finalidades do tratamento<\/h2>\n\n\n\n<p>Os dados pessoais que obtemos poder\u00e3o ser recolhidos, armazenados e utilizados para os seguintes fins:<\/p>\n\n\n\n<p>\u2714 Efetuar as gest\u00f5es pertinentes para o desenvolvimento do objeto social da empresa no que tem a ver com o cumprimento do objeto do contrato celebrado com o Titular da informa\u00e7\u00e3o.<\/p>\n\n\n\n<p>\u2714 Cumprir com as obriga\u00e7\u00f5es contra\u00eddas pela Simetrik com o Titular da Informa\u00e7\u00e3o.<\/p>\n\n\n\n<p>\u2714 Transferir dados pessoais para fora do pa\u00eds \u00e0 empresa matriz da Simetrik.<\/p>\n\n\n\n<p>\u2714 Prestar os servi\u00e7os oferecidos pela Simetrik conforme aceitos no contrato assinado.<\/p>\n\n\n\n<p>\u2714 Transmitir os dados pessoais para fora do pa\u00eds a terceiros com os quais a Simetrik tenha celebrado um contrato de tratamento de dados e seja necess\u00e1rio entreg\u00e1-los para o cumprimento do objeto contratual.<\/p>\n\n\n\n<p>\u2714 Fornecer informa\u00e7\u00f5es a terceiros com os quais a Simetrik tenha rela\u00e7\u00e3o contratual e seja necess\u00e1rio entreg\u00e1-las para o cumprimento do objeto contratado.<\/p>\n\n\n\n<p>Se n\u00e3o desejar que seus dados pessoais sejam processados para esses fins adicionais, voc\u00ea pode manifest\u00e1-lo enviando um e-mail para&nbsp;<a href=\"mailto:datospersonales@simetrik.com\"><strong>dataprivacy@simetrik.com<\/strong><\/a>.<\/p>\n\n\n\n<p>Portanto, aqueles que acessam aos servi\u00e7os e\/ou produtos da SIMETRIK dever\u00e3o fornecer voluntariamente seus dados de identifica\u00e7\u00e3o f\u00edsica ou pessoal, tais como, entre outros: nome, sobrenome, identifica\u00e7\u00e3o, idade, g\u00eanero, telefone, endere\u00e7o f\u00edsico e eletr\u00f4nico, pa\u00eds, cidade e outros dados necess\u00e1rios solicitados durante o processo de cadastro como funcion\u00e1rio, fornecedor, visitante ou cliente da SIMETRIK.<\/p>\n\n\n\n<h2 class=\"wp-block-heading\">Dados pessoais obtidos<\/h2>\n\n\n\n<p>Para os fins mencionados anteriormente, os seguintes dados ser\u00e3o solicitados: Dados da Entidade: &nbsp;<\/p>\n\n\n\n<p>Endere\u00e7o: &nbsp;<\/p>\n\n\n\n<p>Telefone: &nbsp;<\/p>\n\n\n\n<p>e-mail institucional: &nbsp;<\/p>\n\n\n\n<p>Al\u00e9m disso, os dados que forem obtidos e classificados como sens\u00edveis est\u00e3o protegidos pelas pol\u00edticas de Privacidade de Dados Pessoais e Pol\u00edtica de Seguran\u00e7a da Informa\u00e7\u00e3o da SIMETRIK, publicadas em&nbsp;<a href=\"https:\/\/simetrik.com\/\">https:\/\/simetrik.com\/<\/a>.<\/p>\n\n\n\n<h2 class=\"wp-block-heading\">Fundamento legal<\/h2>\n\n\n\n<p>O fundamento para o tratamento de dados pessoais \u00e9: Lei 1581\/2012 Art. 2\u00ba. \u00c2mbito de aplica\u00e7\u00e3o. Lei 1266\/2008 Art. 2\u00ba. \u00c2mbito de aplica\u00e7\u00e3o. Decreto 1074\/2015 Art. 2.2.2.25.3.2 (Decreto 1377 de 2013, Art. 14). Aviso de privacidade. Decreto 1074\/2015 Art. 2.2.2.25.3.3 (Decreto 1377 de 2013, Art. 15). Conte\u00fado m\u00ednimo do Aviso de Privacidade. Al\u00e9m disso, tomando como refer\u00eancia as diretrizes estabelecidas pelo Regulamento Geral de Prote\u00e7\u00e3o de Dados (RGPD) e pela Lei Geral de Prote\u00e7\u00e3o de Dados Pessoais (LGPD)<\/p>\n\n\n\n<h2 class=\"wp-block-heading\"><strong>Transfer\u00eancia de dados pessoais<\/strong>.<\/h2>\n\n\n\n<p>Informamos que seus dados pessoais s\u00e3o compartilhados com pessoas, empresas, organiza\u00e7\u00f5es e autoridades diferentes do respons\u00e1vel, e para os fins descritos abaixo<\/p>\n\n\n\n<figure class=\"wp-block-image size-large\"><img decoding=\"async\" src=\"https:\/\/wp-lp-dev.simetrik.com\/wp-content\/uploads\/2025\/08\/1746033127-privacy-notice-recipient-of-personal-data_pt.svg\" alt=\"\" class=\"wp-image-2364\"\/><\/figure>\n\n\n\n<h3 class=\"wp-block-heading\">A descri\u00e7\u00e3o da finalidade marcada com uma estrela (*) requer o seu consentimento. Se voc\u00ea n\u00e3o expressar sua obje\u00e7\u00e3o a essas transfer\u00eancias, entender-se-\u00e1 que voc\u00ea concedeu seu consentimento.\u200d<\/h3>\n\n\n\n<h2 class=\"wp-block-heading\">Direitos do Titular<\/h2>\n\n\n\n<p>Voc\u00ea tem o direito de saber quais dados pessoais temos sobre voc\u00ea, para que s\u00e3o usados e as condi\u00e7\u00f5es de uso que damos a eles&nbsp;<strong>(Acesso)<\/strong>. Da mesma forma, \u00e9 seu direito solicitar a corre\u00e7\u00e3o das suas informa\u00e7\u00f5es pessoais caso estejam desatualizadas, imprecisas ou incompletas&nbsp;<strong>(Retifica\u00e7\u00e3o)<\/strong>; que as removamos dos nossos registros ou bases de dados quando considerar que n\u00e3o est\u00e3o sendo usadas de acordo com os princ\u00edpios, deveres e obriga\u00e7\u00f5es previstos na lei&nbsp;<strong>(Cancelamento)<\/strong>; bem como opor-se ao uso de seus dados pessoais para fins espec\u00edficos&nbsp;<strong>(Oposi\u00e7\u00e3o).<\/strong><\/p>\n\n\n\n<p>Para exercer qualquer um dos direitos do Titular, voc\u00ea pode apresentar uma solicita\u00e7\u00e3o por escrito para o e-mail&nbsp;<a href=\"mailto:datospersonales@simetrik.com\"><strong>dataprivacy@simetrik.com<\/strong><\/a>, ou nos nossos pontos de servi\u00e7o ao cliente.<\/p>\n\n\n\n<p>A informa\u00e7\u00e3o deve conter:<\/p>\n\n\n\n<ul class=\"wp-block-list\">\n<li>O nome do titular e seu endere\u00e7o ou qualquer outro meio para receber notifica\u00e7\u00f5es;<\/li>\n\n\n\n<li>Os documentos que comprovem a identidade do titular,<\/li>\n\n\n\n<li>Uma descri\u00e7\u00e3o clara e precisa da sua solicita\u00e7\u00e3o<\/li>\n\n\n\n<li>A descri\u00e7\u00e3o do direito que se pretende exercer (Acesso, Retifica\u00e7\u00e3o, Cancelamento, Oposi\u00e7\u00e3o), bem como qualquer outro elemento ou documento que facilite a localiza\u00e7\u00e3o dos dados pessoais.<\/li>\n<\/ul>\n\n\n\n<p>No caso de solicitar a retifica\u00e7\u00e3o, tamb\u00e9m deve indicar as modifica\u00e7\u00f5es a serem feitas e fornecer a documenta\u00e7\u00e3o necess\u00e1ria que sustente sua solicita\u00e7\u00e3o.<\/p>\n\n\n\n<p>No direito de cancelamento, voc\u00ea deve expressar as raz\u00f5es que motivam a exclus\u00e3o.<\/p>\n\n\n\n<p>No direito de oposi\u00e7\u00e3o, voc\u00ea deve indicar os motivos que justificam o t\u00e9rmino do tratamento dos dados pessoais e o dano ou preju\u00edzo que isso causaria, ou, se a oposi\u00e7\u00e3o for parcial, deve especificar as finalidades espec\u00edficas com as quais voc\u00ea n\u00e3o concorda, desde que n\u00e3o seja um requisito obrigat\u00f3rio.<\/p>\n\n\n\n<p>O respons\u00e1vel pelo tratamento dos dados responder\u00e1 no endere\u00e7o ou meio designado pelo titular dos dados pessoais na sua solicita\u00e7\u00e3o, dentro de um prazo de 15 dias \u00fateis, que pode ser prorrogado por mais 10 dias \u00fateis mediante notifica\u00e7\u00e3o pr\u00e9via.<\/p>\n\n\n\n<p>A resposta indicar\u00e1 se a solicita\u00e7\u00e3o de acesso, retifica\u00e7\u00e3o, cancelamento ou oposi\u00e7\u00e3o \u00e9 procedente e, se for o caso, ser\u00e1 efetivada dentro de 15 dias \u00fateis ap\u00f3s a data em que a resposta for comunicada.<\/p>\n\n\n\n<h2 class=\"wp-block-heading\">Dados da Entidade Respons\u00e1vel pelo Tratamento de Dados<\/h2>\n\n\n\n<p>Endere\u00e7o: Cl. 91 # 11-29, Bogot\u00e1<\/p>\n\n\n\n<p>Telefone: 3043877835<\/p>\n\n\n\n<p>e-mail institucional:&nbsp;<a href=\"mailto:datospersonales@simetrik.com\"><strong>dataprivacy@simetrik.com<\/strong><\/a>.<\/p>\n\n\n\n<h2 class=\"wp-block-heading\">Altera\u00e7\u00f5es ao Aviso de Privacidade<\/h2>\n\n\n\n<p>Em caso de realizar alguma altera\u00e7\u00e3o ao Aviso de Privacidade, voc\u00ea ser\u00e1 informado por e-mail ou poder\u00e1 verific\u00e1-lo atrav\u00e9s de nossa p\u00e1gina da web&nbsp;<a href=\"https:\/\/simetrik.com\/\">https:\/\/simetrik.com\/<\/a>.<\/p>\n\n\n\n<p>\u200d<\/p>\n\n\n\n<p>A \u00faltima vers\u00e3o atualizada data de 23 de &nbsp;julho &nbsp;de 2024.<\/p>\n","protected":false},"excerpt":{"rendered":"<p>Em cumprimento ao disposto na Lei 1266 de 2008, na Lei 1581 de 2012, bem como no Decreto compilat\u00f3rio 1074 de 2015 (Se\u00e7\u00e3o 2.2.2.25.3), al\u00e9m disso, referenciando as diretrizes estabelecidas pelo Regulamento Geral de Prote\u00e7\u00e3o de Dados (RGPD) e pela Lei Geral de Prote\u00e7\u00e3o de Dados Pessoais (LGPD), e especialmente sobre a necessidade e import\u00e2ncia<a class=\"excerpt-read-more\" href=\"https:\/\/wp-lp-dev.simetrik.com\/pt-br\/privacy-notice\/\" title=\"ReadAviso de Privacidade\">&#8230; Read more &raquo;<\/a><\/p>\n","protected":false},"author":4,"featured_media":0,"parent":0,"menu_order":0,"comment_status":"closed","ping_status":"closed","template":"","meta":{"_acf_changed":false,"inline_featured_image":false,"footnotes":""},"class_list":["post-2362","page","type-page","status-publish","hentry"],"acf":[],"yoast_head":"<!-- This site is optimized with the Yoast SEO plugin v25.7 - https:\/\/yoast.com\/wordpress\/plugins\/seo\/ -->\n<title>Aviso de Privacidade - Simetrik<\/title>\n<meta name=\"robots\" content=\"index, follow, max-snippet:-1, max-image-preview:large, max-video-preview:-1\" \/>\n<link rel=\"canonical\" href=\"https:\/\/wp-lp-dev.simetrik.com\/pt-br\/privacy-notice\/\" \/>\n<meta property=\"og:locale\" content=\"pt_BR\" \/>\n<meta property=\"og:type\" content=\"article\" \/>\n<meta property=\"og:title\" content=\"Aviso de Privacidade - Simetrik\" \/>\n<meta property=\"og:description\" content=\"Em cumprimento ao disposto na Lei 1266 de 2008, na Lei 1581 de 2012, bem como no Decreto compilat\u00f3rio 1074 de 2015 (Se\u00e7\u00e3o 2.2.2.25.3), al\u00e9m disso, referenciando as diretrizes estabelecidas pelo Regulamento Geral de Prote\u00e7\u00e3o de Dados (RGPD) e pela Lei Geral de Prote\u00e7\u00e3o de Dados Pessoais (LGPD), e especialmente sobre a necessidade e import\u00e2ncia... Read more &raquo;\" \/>\n<meta property=\"og:url\" content=\"https:\/\/wp-lp-dev.simetrik.com\/pt-br\/privacy-notice\/\" \/>\n<meta property=\"og:site_name\" content=\"Simetrik\" \/>\n<meta property=\"article:modified_time\" content=\"2025-08-19T01:12:43+00:00\" \/>\n<meta name=\"twitter:card\" content=\"summary_large_image\" \/>\n<meta name=\"twitter:label1\" content=\"Est. tempo de leitura\" \/>\n\t<meta name=\"twitter:data1\" content=\"6 minutos\" \/>\n<script type=\"application\/ld+json\" class=\"yoast-schema-graph\">{\"@context\":\"https:\/\/schema.org\",\"@graph\":[{\"@type\":\"WebPage\",\"@id\":\"https:\/\/wp-lp-dev.simetrik.com\/pt-br\/privacy-notice\/\",\"url\":\"https:\/\/wp-lp-dev.simetrik.com\/pt-br\/privacy-notice\/\",\"name\":\"Aviso de Privacidade - Simetrik\",\"isPartOf\":{\"@id\":\"https:\/\/wp-lp-dev.simetrik.com\/pt-br\/#website\"},\"primaryImageOfPage\":{\"@id\":\"https:\/\/wp-lp-dev.simetrik.com\/pt-br\/privacy-notice\/#primaryimage\"},\"image\":{\"@id\":\"https:\/\/wp-lp-dev.simetrik.com\/pt-br\/privacy-notice\/#primaryimage\"},\"thumbnailUrl\":\"https:\/\/wp-lp-dev.simetrik.com\/wp-content\/uploads\/2025\/08\/1746033127-privacy-notice-recipient-of-personal-data_pt.svg\",\"datePublished\":\"2025-08-13T21:14:25+00:00\",\"dateModified\":\"2025-08-19T01:12:43+00:00\",\"breadcrumb\":{\"@id\":\"https:\/\/wp-lp-dev.simetrik.com\/pt-br\/privacy-notice\/#breadcrumb\"},\"inLanguage\":\"pt-BR\",\"potentialAction\":[{\"@type\":\"ReadAction\",\"target\":[\"https:\/\/wp-lp-dev.simetrik.com\/pt-br\/privacy-notice\/\"]}]},{\"@type\":\"ImageObject\",\"inLanguage\":\"pt-BR\",\"@id\":\"https:\/\/wp-lp-dev.simetrik.com\/pt-br\/privacy-notice\/#primaryimage\",\"url\":\"https:\/\/wp-lp-dev.simetrik.com\/wp-content\/uploads\/2025\/08\/1746033127-privacy-notice-recipient-of-personal-data_pt.svg\",\"contentUrl\":\"https:\/\/wp-lp-dev.simetrik.com\/wp-content\/uploads\/2025\/08\/1746033127-privacy-notice-recipient-of-personal-data_pt.svg\"},{\"@type\":\"BreadcrumbList\",\"@id\":\"https:\/\/wp-lp-dev.simetrik.com\/pt-br\/privacy-notice\/#breadcrumb\",\"itemListElement\":[{\"@type\":\"ListItem\",\"position\":1,\"name\":\"Home\",\"item\":\"https:\/\/wp-lp-dev.simetrik.com\/pt-br\/\"},{\"@type\":\"ListItem\",\"position\":2,\"name\":\"Aviso de Privacidade\"}]},{\"@type\":\"WebSite\",\"@id\":\"https:\/\/wp-lp-dev.simetrik.com\/pt-br\/#website\",\"url\":\"https:\/\/wp-lp-dev.simetrik.com\/pt-br\/\",\"name\":\"Simetrik\",\"description\":\"\",\"potentialAction\":[{\"@type\":\"SearchAction\",\"target\":{\"@type\":\"EntryPoint\",\"urlTemplate\":\"https:\/\/wp-lp-dev.simetrik.com\/pt-br\/?s={search_term_string}\"},\"query-input\":{\"@type\":\"PropertyValueSpecification\",\"valueRequired\":true,\"valueName\":\"search_term_string\"}}],\"inLanguage\":\"pt-BR\"}]}<\/script>\n<!-- \/ Yoast SEO plugin. -->","yoast_head_json":{"title":"Aviso de Privacidade - Simetrik","robots":{"index":"index","follow":"follow","max-snippet":"max-snippet:-1","max-image-preview":"max-image-preview:large","max-video-preview":"max-video-preview:-1"},"canonical":"https:\/\/wp-lp-dev.simetrik.com\/pt-br\/privacy-notice\/","og_locale":"pt_BR","og_type":"article","og_title":"Aviso de Privacidade - Simetrik","og_description":"Em cumprimento ao disposto na Lei 1266 de 2008, na Lei 1581 de 2012, bem como no Decreto compilat\u00f3rio 1074 de 2015 (Se\u00e7\u00e3o 2.2.2.25.3), al\u00e9m disso, referenciando as diretrizes estabelecidas pelo Regulamento Geral de Prote\u00e7\u00e3o de Dados (RGPD) e pela Lei Geral de Prote\u00e7\u00e3o de Dados Pessoais (LGPD), e especialmente sobre a necessidade e import\u00e2ncia... Read more &raquo;","og_url":"https:\/\/wp-lp-dev.simetrik.com\/pt-br\/privacy-notice\/","og_site_name":"Simetrik","article_modified_time":"2025-08-19T01:12:43+00:00","twitter_card":"summary_large_image","twitter_misc":{"Est. tempo de leitura":"6 minutos"},"schema":{"@context":"https:\/\/schema.org","@graph":[{"@type":"WebPage","@id":"https:\/\/wp-lp-dev.simetrik.com\/pt-br\/privacy-notice\/","url":"https:\/\/wp-lp-dev.simetrik.com\/pt-br\/privacy-notice\/","name":"Aviso de Privacidade - Simetrik","isPartOf":{"@id":"https:\/\/wp-lp-dev.simetrik.com\/pt-br\/#website"},"primaryImageOfPage":{"@id":"https:\/\/wp-lp-dev.simetrik.com\/pt-br\/privacy-notice\/#primaryimage"},"image":{"@id":"https:\/\/wp-lp-dev.simetrik.com\/pt-br\/privacy-notice\/#primaryimage"},"thumbnailUrl":"https:\/\/wp-lp-dev.simetrik.com\/wp-content\/uploads\/2025\/08\/1746033127-privacy-notice-recipient-of-personal-data_pt.svg","datePublished":"2025-08-13T21:14:25+00:00","dateModified":"2025-08-19T01:12:43+00:00","breadcrumb":{"@id":"https:\/\/wp-lp-dev.simetrik.com\/pt-br\/privacy-notice\/#breadcrumb"},"inLanguage":"pt-BR","potentialAction":[{"@type":"ReadAction","target":["https:\/\/wp-lp-dev.simetrik.com\/pt-br\/privacy-notice\/"]}]},{"@type":"ImageObject","inLanguage":"pt-BR","@id":"https:\/\/wp-lp-dev.simetrik.com\/pt-br\/privacy-notice\/#primaryimage","url":"https:\/\/wp-lp-dev.simetrik.com\/wp-content\/uploads\/2025\/08\/1746033127-privacy-notice-recipient-of-personal-data_pt.svg","contentUrl":"https:\/\/wp-lp-dev.simetrik.com\/wp-content\/uploads\/2025\/08\/1746033127-privacy-notice-recipient-of-personal-data_pt.svg"},{"@type":"BreadcrumbList","@id":"https:\/\/wp-lp-dev.simetrik.com\/pt-br\/privacy-notice\/#breadcrumb","itemListElement":[{"@type":"ListItem","position":1,"name":"Home","item":"https:\/\/wp-lp-dev.simetrik.com\/pt-br\/"},{"@type":"ListItem","position":2,"name":"Aviso de Privacidade"}]},{"@type":"WebSite","@id":"https:\/\/wp-lp-dev.simetrik.com\/pt-br\/#website","url":"https:\/\/wp-lp-dev.simetrik.com\/pt-br\/","name":"Simetrik","description":"","potentialAction":[{"@type":"SearchAction","target":{"@type":"EntryPoint","urlTemplate":"https:\/\/wp-lp-dev.simetrik.com\/pt-br\/?s={search_term_string}"},"query-input":{"@type":"PropertyValueSpecification","valueRequired":true,"valueName":"search_term_string"}}],"inLanguage":"pt-BR"}]}},"_links":{"self":[{"href":"https:\/\/wp-lp-dev.simetrik.com\/pt-br\/wp-json\/wp\/v2\/pages\/2362","targetHints":{"allow":["GET"]}}],"collection":[{"href":"https:\/\/wp-lp-dev.simetrik.com\/pt-br\/wp-json\/wp\/v2\/pages"}],"about":[{"href":"https:\/\/wp-lp-dev.simetrik.com\/pt-br\/wp-json\/wp\/v2\/types\/page"}],"author":[{"embeddable":true,"href":"https:\/\/wp-lp-dev.simetrik.com\/pt-br\/wp-json\/wp\/v2\/users\/4"}],"replies":[{"embeddable":true,"href":"https:\/\/wp-lp-dev.simetrik.com\/pt-br\/wp-json\/wp\/v2\/comments?post=2362"}],"version-history":[{"count":3,"href":"https:\/\/wp-lp-dev.simetrik.com\/pt-br\/wp-json\/wp\/v2\/pages\/2362\/revisions"}],"predecessor-version":[{"id":2640,"href":"https:\/\/wp-lp-dev.simetrik.com\/pt-br\/wp-json\/wp\/v2\/pages\/2362\/revisions\/2640"}],"wp:attachment":[{"href":"https:\/\/wp-lp-dev.simetrik.com\/pt-br\/wp-json\/wp\/v2\/media?parent=2362"}],"curies":[{"name":"wp","href":"https:\/\/api.w.org\/{rel}","templated":true}]}}