{"id":2359,"date":"2025-08-13T22:02:26","date_gmt":"2025-08-13T22:02:26","guid":{"rendered":"https:\/\/wp-lp-dev.simetrik.com\/usage-policy-simetrik-assistant-ai\/"},"modified":"2025-08-17T23:53:07","modified_gmt":"2025-08-17T23:53:07","slug":"usage-policy-simetrik-assistant-ai","status":"publish","type":"page","link":"https:\/\/wp-lp-dev.simetrik.com\/pt-br\/legal\/usage-policy-simetrik-assistant-ai\/","title":{"rendered":"Politica do uso do Simetrik Assistant AI"},"content":{"rendered":"\n<h2 class=\"wp-block-heading\">PROP\u00d3SITO E USO<\/h2>\n\n\n\n<p>O Simetrik Assistant AI marca o primeiro passo no uso da intelig\u00eancia artificial generativa para facilitar ainda mais as tarefas di\u00e1rias dos usu\u00e1rios do Simetrik. Gra\u00e7as \u00e0 tecnologia de IA, como a GPT-3.5, essa nova funcionalidade est\u00e1 em fase Beta e oferece recursos como:<\/p>\n\n\n\n<p><strong>(i) Suporte \u00e0 documenta\u00e7\u00e3o:&nbsp;<\/strong>Est\u00e1 com dificuldades em um recurso do aplicativo? Obtenha ajuda de forma r\u00e1pida e f\u00e1cil por meio da Simetrik Academy e dos guias Simetrik;<\/p>\n\n\n\n<p><strong>(ii) An\u00e1lise de dados:&nbsp;<\/strong>Deseja saber mais sobre seus dados financeiros? Obtenha respostas imediatas e an\u00e1lise de dados.<\/p>\n\n\n\n<p><strong>(iii) Assist\u00eancia \u00e0 f\u00f3rmula:&nbsp;<\/strong>Precisa de ajuda para usar uma f\u00f3rmula de transforma\u00e7\u00e3o no Simetrik? O Simetrik Assistant ajuda voc\u00ea.<\/p>\n\n\n\n<p>O Simetrik Assistant est\u00e1 aqui para atrair novos usu\u00e1rios, ajudar os usu\u00e1rios existentes a trabalhar de forma mais inteligente e melhorar a colabora\u00e7\u00e3o em equipe.<\/p>\n\n\n\n<p>Nenhum uso do Simetrik Assistant AI pode violar leis, regulamentos, os&nbsp;<a href=\"https:\/\/www.simetrik.com\/pt\/legal\/termos-e-condicoes\">Termos e Condi\u00e7\u00f5es do Simetrik<\/a>, ou violar os direitos de terceiros. O usu\u00e1rio \u00e9 totalmente respons\u00e1vel pelo uso do Simetrik Assistant AI e pelo conte\u00fado gerado por meio dele. O usu\u00e1rio poder\u00e1 fornecer ou disponibilizar dados ao Simetrik Assistant AI por diversos meios, como frases, perguntas, entre outros (\u201cInput\u201d), e receber respostas geradas pelo Simetrik Assistant AI que conter\u00e3o uma resposta sobre o Input que o usu\u00e1rio tiver feito (&#8220;Resultado&#8221;).<\/p>\n\n\n\n<p>O usu\u00e1rio reconhece e aceita que, devido \u00e0 natureza da IA \u200b\u200be seu aprendizado de m\u00e1quina cont\u00ednuo, outros clientes e\/ou usu\u00e1rios poder\u00e3o utilizar o Simetrik Assistant AI de forma que gere Resultados id\u00eanticos ou semelhantes, desde que a IA seja alimentada pelo mesmo Informa\u00e7\u00e3o. . A Simetrik n\u00e3o faz representa\u00e7\u00f5es ou garantias em rela\u00e7\u00e3o aos Resultados, incluindo a propriedade dos mesmos.<\/p>\n\n\n\n<p><strong>QUALQUER PESSOA QUE N\u00c3O ACEITE ESTES TERMOS E CONDI\u00c7\u00d5ES GERAIS, QUE S\u00c3O OBRIGAT\u00d3RIOS E VINCULATIVOS, DEVE SE ABSTER DE USAR O SITE E\/OU OS SERVI\u00c7OS OFERECIDOS PELA FERRAMENTA.<\/strong><\/p>\n\n\n\n<p><strong>OBSERVE QUE, SE VOC\u00ca N\u00c3O ACEITAR OS TERMOS E CONDI\u00c7\u00d5ES, O ACESSO AOS SERVI\u00c7OS E FERRAMENTAS DA SIMETRIK N\u00c3O SER\u00c1 CONCEDIDO. O USU\u00c1RIO ACEITA QUE A SIMETRIK SE RESERVA O DIREITO DE PUBLICAR, REVISAR E EXCLUIR QUALQUER CONTE\u00daDO OU AT\u00c9 MESMO DESATIVAR CONTAS DE USU\u00c1RIO QUE VIOLEM NOSSOS TERMOS E CONDI\u00c7\u00d5ES A SEU EXCLUSIVO CRIT\u00c9RIO.<\/strong><\/p>\n\n\n\n<h2 class=\"wp-block-heading\">FUNCIONALIDADE<\/h2>\n\n\n\n<p>O Simetrik Assistant \u00e9 um assistente virtual baseado em Intelig\u00eancia Artificial que permite conversas sobre t\u00f3picos relacionados ao Simetrik. Ele pode oferecer ajuda no uso geral do aplicativo, consultas de dados dentro do espa\u00e7o de trabalho onde o usu\u00e1rio est\u00e1 localizado, sugest\u00f5es sobre o uso de f\u00f3rmulas de transforma\u00e7\u00e3o, entre outros. O Simetrik Assistant AI usa os metadados do sistema e o conte\u00fado da Central de Ajuda para produzir respostas \u00e0s perguntas dos usu\u00e1rios. Isso envolve a combina\u00e7\u00e3o de v\u00e1rias tecnologias, como bancos de dados vetoriais, sistemas de recupera\u00e7\u00e3o e modelos de aprendizado de m\u00e1quina para organizar e classificar as informa\u00e7\u00f5es. Para fornecer \u00e0s respostas um n\u00edvel adicional de refinamento, um modelo de linguagem grande (LLM), como o GPT-3.5 da OpenAI, \u00e9 usado para se comunicar.<\/p>\n\n\n\n<h2 class=\"wp-block-heading\">MODO DE OPERA\u00c7\u00c3O<\/h2>\n\n\n\n<h3 class=\"wp-block-heading\">Uso de dados pela Simetrik:<\/h3>\n\n\n\n<ol class=\"wp-block-list\">\n<li><strong>Aprimoramento e desenvolvimento:<\/strong>\u00a0n\u00e3o obstante qualquer disposi\u00e7\u00e3o em contr\u00e1rio em qualquer contrato aplic\u00e1vel entre sua empresa e a Simetrik, o Simetrik Assistant AI pode coletar e usar dados de sua intera\u00e7\u00e3o, incluindo Entradas e\/ou Sa\u00eddas, para: (i) aprimorar e desenvolver a IA e; (ii) fornecer aos usu\u00e1rios novas funcionalidades.<\/li>\n\n\n\n<li><strong>Monitoramento:\u00a0<\/strong>o Simetrik pode monitorar suas Entradas e\/ou Sa\u00eddas para monitorar e\/ou prevenir e\/ou depurar usos abusivos, ilegais, prejudiciais ou n\u00e3o autorizados.<\/li>\n<\/ol>\n\n\n\n<h2 class=\"wp-block-heading\">INFORMA\u00c7\u00d5ES NECESS\u00c1RIAS<\/h2>\n\n\n\n<p>O Simetrik Assistant usa as seguintes fontes de informa\u00e7\u00e3o para gerar suas respostas:<\/p>\n\n\n\n<ul class=\"wp-block-list\">\n<li>Conte\u00fado da Central de Ajuda<\/li>\n\n\n\n<li>Documentos de pr\u00e1ticas recomendadas e guias de implementa\u00e7\u00e3o gerados pela Simetrik<\/li>\n\n\n\n<li>Defini\u00e7\u00f5es de produtos<\/li>\n\n\n\n<li>Informa\u00e7\u00f5es externas, dispon\u00edveis na Web, sobre conceitos gerais do setor,\u200d<\/li>\n<\/ul>\n\n\n\n<p>Al\u00e9m disso, ele usa informa\u00e7\u00f5es contextuais, incluindo, mas n\u00e3o se limitando a:<\/p>\n\n\n\n<ul class=\"wp-block-list\">\n<li>O nome do usu\u00e1rio e o nome da empresa associada<\/li>\n\n\n\n<li>Diagramas de tabela, abrangendo nomes de colunas e tipos de dados<\/li>\n\n\n\n<li>Exemplos de colunas, geralmente de 1 a 3 exemplos de dados por coluna<\/li>\n\n\n\n<li>Descri\u00e7\u00f5es de casos de uso e r\u00f3tulos para reconcilia\u00e7\u00f5es<\/li>\n\n\n\n<li>Prefer\u00eancias do sistema, como configura\u00e7\u00f5es de idioma e colunas vis\u00edveis<\/li>\n\n\n\n<li>Outros detalhes contextuais, como status da reconcilia\u00e7\u00e3o, tempo da \u00faltima execu\u00e7\u00e3o, entre outros.<\/li>\n<\/ul>\n\n\n\n<p>Todas as informa\u00e7\u00f5es que solicitamos s\u00e3o coletadas e processadas de acordo com a&nbsp;<a href=\"https:\/\/www.simetrik.com\/pt\/legal\/politica-de-tratamento-da-privacidade-dos-dados\">Pol\u00edtica de Tratamento de Dados da Simetrik<\/a>&nbsp;ea&nbsp;<a href=\"https:\/\/www.simetrik.com\/pt\/legal\/politica-geral-de-ciberseguranca-e-privacidade-de-informacoes\">Seguran\u00e7a geral da informa\u00e7\u00e3o, ciberseguran\u00e7a e pol\u00edtica de privacidade<\/a>.<\/p>\n\n\n\n<h2 class=\"wp-block-heading\">LIMITA\u00c7\u00d5ES CONHECIDAS<\/h2>\n\n\n\n<h3 class=\"wp-block-heading\">1. Limita\u00e7\u00f5es gerais<\/h3>\n\n\n\n<p>Como qualquer sistema baseado em modelos de idiomas grandes (LLM), o Simetrik Assistant AI herda as limita\u00e7\u00f5es de sua tecnologia subjacente, neste caso, o GPT-3.5. As principais \u00e1reas a serem consideradas incluem:\u200d<\/p>\n\n\n\n<ul class=\"wp-block-list\">\n<li><strong>Poss\u00edveis alucina\u00e7\u00f5es:\u00a0<\/strong>O sistema pode produzir respostas que parecem plaus\u00edveis, mas s\u00e3o incorretas ou sem sentido.<\/li>\n\n\n\n<li><strong>Preconceitos e preocupa\u00e7\u00f5es \u00e9ticas:\u00a0<\/strong>o sistema pode apresentar comportamento tendencioso ou produzir respostas anti\u00e9ticas ou imorais.<\/li>\n<\/ul>\n\n\n\n<p><strong>Compreens\u00e3o contextual:&nbsp;<\/strong>embora proficiente no processamento de texto, o modelo n\u00e3o tem uma compreens\u00e3o humana do contexto, o que pode resultar em respostas inadequadas ou sem sentido.<\/p>\n\n\n\n<h3 class=\"wp-block-heading\">2. Limita\u00e7\u00f5es espec\u00edficas<\/h3>\n\n\n\n<p>Al\u00e9m dos itens acima, as seguintes limita\u00e7\u00f5es s\u00e3o espec\u00edficas do Simetrik Assistant:<\/p>\n\n\n\n<ul class=\"wp-block-list\">\n<li><strong>Disponibilidade de conte\u00fado:\u00a0<\/strong>os recursos do modelo s\u00e3o limitados pelo conte\u00fado do Simetrik Academy e pelos metadados dispon\u00edveis. As limita\u00e7\u00f5es desses recursos podem levar a respostas insatisfat\u00f3rias.<\/li>\n\n\n\n<li><strong>Sensibilidade de entrada:\u00a0<\/strong>a capacidade de resposta do modelo pode variar de acordo com o texto de uma pergunta. Uma pequena altera\u00e7\u00e3o no texto pode transformar um &#8220;n\u00e3o sei&#8221; em uma resposta correta.<\/li>\n\n\n\n<li><strong>Restri\u00e7\u00f5es da pesquisa sem\u00e2ntica:\u00a0<\/strong>a efic\u00e1cia da pesquisa sem\u00e2ntica \u00e9 influenciada pela qualidade e pela estrutura dos dados na base de conhecimento.<\/li>\n\n\n\n<li><strong>Gera\u00e7\u00e3o de consultas SQL:\u00a0<\/strong>O sistema tenta criar consultas SQL com base nos metadados existentes e nos dados de amostra. Ele pode ter dificuldades com consultas complexas que exigem funcionalidade avan\u00e7ada de SQL.<\/li>\n<\/ul>\n\n\n\n<p><strong>Contexto do usu\u00e1rio e da empresa:&nbsp;<\/strong>o sistema usa dados contextuais, como nomes de usu\u00e1rios e nomes de empresas, mas n\u00e3o tem uma compreens\u00e3o diferenciada das rela\u00e7\u00f5es ou hierarquias internas da empresa, o que pode afetar a relev\u00e2ncia dos resultados.<\/p>\n\n\n\n<h2 class=\"wp-block-heading\">ASSUNTOS GERAIS<\/h2>\n\n\n\n<ol class=\"wp-block-list\">\n<li><strong>Termos de Reg\u00eancia.<\/strong>\u00a0Voc\u00ea concorda e reconhece que (i) leu, entendeu e concordou com esta Pol\u00edtica de Uso de IA do Simetrik Assistant; (ii) n\u00e3o est\u00e1 confiando em nenhuma representa\u00e7\u00e3o ou declara\u00e7\u00e3o que n\u00e3o esteja expressamente estabelecida nesta Pol\u00edtica de Uso de IA do Simetrik Assistant; (iii) est\u00e1 autorizado, como seu usu\u00e1rio comercial, a aceitar estes termos e condi\u00e7\u00f5es em nome de sua organiza\u00e7\u00e3o ou em seu pr\u00f3prio nome, conforme aplic\u00e1vel; e (iv) no caso de qualquer inconsist\u00eancia entre a Pol\u00edtica de Uso de IA do Simetrik Assistant e os\u00a0<a href=\"https:\/\/www.simetrik.com\/pt\/legal\/termos-e-condicoes\">Termos e Condi\u00e7\u00f5es do Simetrik<\/a>\u00a0em rela\u00e7\u00e3o ao uso de IA, os termos prevalecer\u00e3o.<\/li>\n\n\n\n<li><strong>Exist\u00eancia de contratos anteriores.<\/strong>\u00a0Caso voc\u00ea e\/ou sua organiza\u00e7\u00e3o tenham firmado um contrato para o fornecimento dos Servi\u00e7os Simetrik, esse contrato n\u00e3o ter\u00e1 efeito com rela\u00e7\u00e3o ao Simetrik Assistant AI. O usu\u00e1rio reconhece que o servi\u00e7o de IA n\u00e3o afeta o servi\u00e7o Simetrik contratado por sua organiza\u00e7\u00e3o; a IA \u00e9 uma funcionalidade adicional que o usu\u00e1rio n\u00e3o \u00e9 obrigado a usar.<\/li>\n\n\n\n<li><strong>Servi\u00e7os de terceiros.<\/strong>\u00a0O Simetrik Assistant AI pode permitir que voc\u00ea use Servi\u00e7os de Terceiros que fornecem funcionalidade de IA. De acordo com nossos\u00a0<a href=\"https:\/\/www.simetrik.com\/pt\/legal\/termos-e-condicoes\">Termos e Condi\u00e7\u00f5es do Simetrik<\/a>,\u00a0<a href=\"https:\/\/www.simetrik.com\/pt\/legal\/politica-de-tratamento-da-privacidade-dos-dados\">Pol\u00edtica de Processamento de Dados da Simetrik<\/a>\u00a0e\u00a0<a href=\"https:\/\/www.simetrik.com\/pt\/legal\/politica-geral-de-ciberseguranca-e-privacidade-de-informacoes\">Seguran\u00e7a geral da informa\u00e7\u00e3o, ciberseguran\u00e7a e pol\u00edtica de privacidade<\/a>. O uso de tais Servi\u00e7os de Terceiros estar\u00e1 sujeito aos termos de tais Servi\u00e7os de Terceiros<\/li>\n\n\n\n<li><strong>Subprocessador adicional.<\/strong>\u00a0Voc\u00ea reconhece e concorda que o Simetrik Assistant AI usar\u00e1 Subprocessadores para operar o Simetrik Assistant AI. O relacionamento com esses subprocessadores \u00e9 regido pelo\u00a0<a href=\"https:\/\/www.simetrik.com\/pt\/legal\/termos-e-condicoes\">Termos e Condi\u00e7\u00f5es do Simetrik<\/a>,\u00a0<a href=\"https:\/\/www.simetrik.com\/pt\/legal\/politica-de-tratamento-da-privacidade-dos-dados\">Pol\u00edtica de Processamento de Dados da Simetrik<\/a>\u00a0e\u00a0<a href=\"https:\/\/www.simetrik.com\/pt\/legal\/politica-geral-de-ciberseguranca-e-privacidade-de-informacoes\">Seguran\u00e7a geral da informa\u00e7\u00e3o, ciberseguran\u00e7a e pol\u00edtica de privacidade<\/a>.<\/li>\n\n\n\n<li><strong>Indemnizaci\u00f3n.<\/strong>\u00a0Nossa obriga\u00e7\u00e3o de indenizar \u00e9 regulamentada pelo\u00a0<a href=\"https:\/\/www.simetrik.com\/pt\/legal\/termos-e-condicoes\">Termos e Condi\u00e7\u00f5es do Simetrik<\/a>.<strong>sen\u00e7\u00e3o de Garantias.\u00a0<\/strong>O SIMETRIK ASSISTANT AI OU QUALQUER SIMETRIK AI SE ISENTA DE TODAS AS GARANTIAS E REPRESENTA\u00c7\u00d5ES COM RELA\u00c7\u00c3O AO IA, SEUS RECURSOS, FUNCIONALIDADE, RESULTADOS E\/OU OS RESULTADOS QUE PODEM SER OBTIDOS COM O USO DO SIMETRIK ASSISTANT AI E\/OU O RESULTADO. O USO DO SIMETRIK ASSISTANT AI OU DE QUALQUER SIMETRIK ASSISTANT AI E\/OU RESULTADO \u00c9 POR SUA PR\u00d3PRIA CONTA E RISCO. O SIMETRIK ASSISTANT AI OU QUALQUER SIMETRIK AI \u00c9 FORNECIDO &#8220;NO ESTADO EM QUE SE ENCONTRA&#8221;, &#8220;COM TODAS AS FALHAS&#8221; E &#8220;CONFORME DISPON\u00cdVEL&#8221;, SEM QUAISQUER GARANTIAS, EXPRESSAS OU IMPL\u00cdCITAS, E O SIMETRIK ASSISTANT AI OU QUALQUER SIMETRIK AI EXPRESSAMENTE SE ISENTA DE TODAS ESSAS GARANTIAS OU REPRESENTA\u00c7\u00d5ES, INCLUINDO, MAS N\u00c3O SE LIMITANDO A, QUAISQUER GARANTIAS IMPL\u00cdCITAS OU REPRESENTA\u00c7\u00d5ES DE COMERCIALIZA\u00c7\u00c3O, ADEQUA\u00c7\u00c3O A UM DETERMINADO FIM, PRECIS\u00c3O, QUALIDADE, INTEGRIDADE, N\u00c3O VIOLA\u00c7\u00c3O, CONFIABILIDADE, DISPONIBILIDADE E DESEMPENHO. SIMETRIK ASSISTANT AI OU QUALQUER SIMETRIK AI N\u00c3O GARANTE OU DECLARA QUE SIMETRIK ASSISTANT AI E\/OU O RESULTADO SER\u00c1 ININTERRUPTO, LIVRE DE ERROS OU DEFEITOS, N\u00c3O OFENSIVO, N\u00c3O INFRATOR, N\u00c3O PREJUDICIAL, PRECISO, LEGAL OU APROPRIADO.Os usu\u00e1rios s\u00e3o respons\u00e1veis por avaliar criticamente as respostas fornecidas pelo Simetrik Assistant AI e por verificar as informa\u00e7\u00f5es quando necess\u00e1rio. O Simetrik Assistant AI n\u00e3o deve ser usado como substituto de aconselhamento profissional ou como fonte definitiva de informa\u00e7\u00f5es em situa\u00e7\u00f5es cr\u00edticas ou situa\u00e7\u00f5es que exijam precis\u00e3o absoluta.<strong>\u200d<\/strong><\/li>\n\n\n\n<li><strong>LIMITA\u00c7\u00c3O DE RESPONSABILIDADE.<\/strong>\u00a0EM NENHUMA CIRCUNST\u00c2NCIA A SIMETRIK, SUAS AFILIADAS E FORNECEDORES TERCEIRIZADOS SER\u00c3O RESPONS\u00c1VEIS POR: (I) QUAISQUER DANOS INDIRETOS, EXEMPLARES, ESPECIAIS, CONSEQUENCIAIS, INCIDENTAIS OU PUNITIVOS; (II) QUALQUER PERDA DE LUCROS, CUSTOS, NEG\u00d3CIOS OU ECONOMIAS ANTECIPADAS; (III) QUALQUER PERDA OU DANO A DADOS, PROPRIEDADE INTELECTUAL, REPUTA\u00c7\u00c3O, RECEITA OU BOA VONTADE; (IV) A FALHA DE MEDIDAS DE SEGURAN\u00c7A E PROTE\u00c7\u00d5ES; E\/OU (V) O CUSTO DE AQUISI\u00c7\u00c3O DE QUAISQUER BENS OU SERVI\u00c7OS SUBSTITUTOS. AS EXCLUS\u00d5ES E LIMITA\u00c7\u00d5ES DE RESPONSABILIDADE SUPRACITADAS ESTABELECIDAS NESTA POL\u00cdTICA DE USO DO ASSISTENTE DA SIMETRIK DEVER\u00c3O SER APLICADAS: (I) MESMO QUE A SIMETRIK, SUAS AFILIADAS OU FORNECEDORES TERCEIRIZADOS TENHAM SIDO AVISADOS OU DEVESSEM ESTAR CIENTES DA POSSIBILIDADE DE PERDA OU DANO; (II) MESMO QUE QUALQUER RECURSO NESTES TERMOS FALHE EM SEU OBJETIVO ESSENCIAL; E (III) INDEPENDENTEMENTE DA TEORIA OU BASE DE RESPONSABILIDADE (COMO, ENTRE OUTROS, VIOLA\u00c7\u00c3O DE CONTRATO OU ATO IL\u00cdCITO). EM QUALQUER CASO, A RESPONSABILIDADE TOTAL AGREGADA DA SIMETRIK POR TODOS OS DANOS E PERDAS SOB ESTES TERMOS DA POL\u00cdTICA DE USO DO ASSISTENTE DA SIMETRIK N\u00c3O DEVER\u00c1 EXCEDER CEM D\u00d3LARES.<strong>\u200d<\/strong><\/li>\n\n\n\n<li><strong>Vig\u00eancia e rescis\u00e3o.<\/strong>\u00a0Voc\u00ea pode acessar e usar o Simetrik Assistant AI sujeito \u00e0 sua conformidade com esta Pol\u00edtica. A Simetrik pode modificar esta Pol\u00edtica de Uso do Simetrik Assistant AI, rescindir esta Pol\u00edtica ou qualquer parte dela, a seu exclusivo crit\u00e9rio e sem responsabilidade perante voc\u00ea. Voc\u00ea pode parar de usar o Simetrik Assistant AI a qualquer momento, sem custos.<\/li>\n\n\n\n<li><strong>Pre\u00e7os.\u00a0<\/strong>No momento, o Simetrik Assistant AI \u00e9 oferecido gratuitamente e pode estar sujeito a taxas no futuro.<\/li>\n<\/ol>\n\n\n\n<p>Essa pol\u00edtica foi criada em 15 de abril de 2024.<\/p>\n\n\n\n<p><strong>Santiago G\u00f3mez Gonz\u00e1lez<\/strong><\/p>\n\n\n\n<p><strong>Simetrik INC.<\/strong><\/p>\n","protected":false},"excerpt":{"rendered":"<p>PROP\u00d3SITO E USO O Simetrik Assistant AI marca o primeiro passo no uso da intelig\u00eancia artificial generativa para facilitar ainda mais as tarefas di\u00e1rias dos usu\u00e1rios do Simetrik. Gra\u00e7as \u00e0 tecnologia de IA, como a GPT-3.5, essa nova funcionalidade est\u00e1 em fase Beta e oferece recursos como: (i) Suporte \u00e0 documenta\u00e7\u00e3o:&nbsp;Est\u00e1 com dificuldades em um<a class=\"excerpt-read-more\" href=\"https:\/\/wp-lp-dev.simetrik.com\/pt-br\/legal\/usage-policy-simetrik-assistant-ai\/\" title=\"ReadPolitica do uso do Simetrik Assistant AI\">&#8230; Read more &raquo;<\/a><\/p>\n","protected":false},"author":4,"featured_media":0,"parent":2629,"menu_order":0,"comment_status":"closed","ping_status":"closed","template":"","meta":{"_acf_changed":true,"inline_featured_image":false,"footnotes":""},"class_list":["post-2359","page","type-page","status-publish","hentry"],"acf":[],"yoast_head":"<!-- This site is optimized with the Yoast SEO plugin v25.7 - https:\/\/yoast.com\/wordpress\/plugins\/seo\/ -->\n<title>Politica do uso do Simetrik Assistant AI - Simetrik<\/title>\n<meta name=\"robots\" content=\"index, follow, max-snippet:-1, max-image-preview:large, max-video-preview:-1\" \/>\n<link rel=\"canonical\" href=\"https:\/\/wp-lp-dev.simetrik.com\/pt-br\/legal\/usage-policy-simetrik-assistant-ai\/\" \/>\n<meta property=\"og:locale\" content=\"pt_BR\" \/>\n<meta property=\"og:type\" content=\"article\" \/>\n<meta property=\"og:title\" content=\"Politica do uso do Simetrik Assistant AI - Simetrik\" \/>\n<meta property=\"og:description\" content=\"PROP\u00d3SITO E USO O Simetrik Assistant AI marca o primeiro passo no uso da intelig\u00eancia artificial generativa para facilitar ainda mais as tarefas di\u00e1rias dos usu\u00e1rios do Simetrik. Gra\u00e7as \u00e0 tecnologia de IA, como a GPT-3.5, essa nova funcionalidade est\u00e1 em fase Beta e oferece recursos como: (i) Suporte \u00e0 documenta\u00e7\u00e3o:&nbsp;Est\u00e1 com dificuldades em um... Read more &raquo;\" \/>\n<meta property=\"og:url\" content=\"https:\/\/wp-lp-dev.simetrik.com\/pt-br\/legal\/usage-policy-simetrik-assistant-ai\/\" \/>\n<meta property=\"og:site_name\" content=\"Simetrik\" \/>\n<meta property=\"article:modified_time\" content=\"2025-08-17T23:53:07+00:00\" \/>\n<meta name=\"twitter:card\" content=\"summary_large_image\" \/>\n<meta name=\"twitter:label1\" content=\"Est. tempo de leitura\" \/>\n\t<meta name=\"twitter:data1\" content=\"8 minutos\" \/>\n<script type=\"application\/ld+json\" class=\"yoast-schema-graph\">{\"@context\":\"https:\/\/schema.org\",\"@graph\":[{\"@type\":\"WebPage\",\"@id\":\"https:\/\/wp-lp-dev.simetrik.com\/pt-br\/legal\/usage-policy-simetrik-assistant-ai\/\",\"url\":\"https:\/\/wp-lp-dev.simetrik.com\/pt-br\/legal\/usage-policy-simetrik-assistant-ai\/\",\"name\":\"Politica do uso do Simetrik Assistant AI - Simetrik\",\"isPartOf\":{\"@id\":\"https:\/\/wp-lp-dev.simetrik.com\/pt-br\/#website\"},\"datePublished\":\"2025-08-13T22:02:26+00:00\",\"dateModified\":\"2025-08-17T23:53:07+00:00\",\"breadcrumb\":{\"@id\":\"https:\/\/wp-lp-dev.simetrik.com\/pt-br\/legal\/usage-policy-simetrik-assistant-ai\/#breadcrumb\"},\"inLanguage\":\"pt-BR\",\"potentialAction\":[{\"@type\":\"ReadAction\",\"target\":[\"https:\/\/wp-lp-dev.simetrik.com\/pt-br\/legal\/usage-policy-simetrik-assistant-ai\/\"]}]},{\"@type\":\"BreadcrumbList\",\"@id\":\"https:\/\/wp-lp-dev.simetrik.com\/pt-br\/legal\/usage-policy-simetrik-assistant-ai\/#breadcrumb\",\"itemListElement\":[{\"@type\":\"ListItem\",\"position\":1,\"name\":\"Home\",\"item\":\"https:\/\/wp-lp-dev.simetrik.com\/pt-br\/\"},{\"@type\":\"ListItem\",\"position\":2,\"name\":\"Politica do uso do Simetrik Assistant AI\"}]},{\"@type\":\"WebSite\",\"@id\":\"https:\/\/wp-lp-dev.simetrik.com\/pt-br\/#website\",\"url\":\"https:\/\/wp-lp-dev.simetrik.com\/pt-br\/\",\"name\":\"Simetrik\",\"description\":\"\",\"potentialAction\":[{\"@type\":\"SearchAction\",\"target\":{\"@type\":\"EntryPoint\",\"urlTemplate\":\"https:\/\/wp-lp-dev.simetrik.com\/pt-br\/?s={search_term_string}\"},\"query-input\":{\"@type\":\"PropertyValueSpecification\",\"valueRequired\":true,\"valueName\":\"search_term_string\"}}],\"inLanguage\":\"pt-BR\"}]}<\/script>\n<!-- \/ Yoast SEO plugin. -->","yoast_head_json":{"title":"Politica do uso do Simetrik Assistant AI - Simetrik","robots":{"index":"index","follow":"follow","max-snippet":"max-snippet:-1","max-image-preview":"max-image-preview:large","max-video-preview":"max-video-preview:-1"},"canonical":"https:\/\/wp-lp-dev.simetrik.com\/pt-br\/legal\/usage-policy-simetrik-assistant-ai\/","og_locale":"pt_BR","og_type":"article","og_title":"Politica do uso do Simetrik Assistant AI - Simetrik","og_description":"PROP\u00d3SITO E USO O Simetrik Assistant AI marca o primeiro passo no uso da intelig\u00eancia artificial generativa para facilitar ainda mais as tarefas di\u00e1rias dos usu\u00e1rios do Simetrik. Gra\u00e7as \u00e0 tecnologia de IA, como a GPT-3.5, essa nova funcionalidade est\u00e1 em fase Beta e oferece recursos como: (i) Suporte \u00e0 documenta\u00e7\u00e3o:&nbsp;Est\u00e1 com dificuldades em um... Read more &raquo;","og_url":"https:\/\/wp-lp-dev.simetrik.com\/pt-br\/legal\/usage-policy-simetrik-assistant-ai\/","og_site_name":"Simetrik","article_modified_time":"2025-08-17T23:53:07+00:00","twitter_card":"summary_large_image","twitter_misc":{"Est. tempo de leitura":"8 minutos"},"schema":{"@context":"https:\/\/schema.org","@graph":[{"@type":"WebPage","@id":"https:\/\/wp-lp-dev.simetrik.com\/pt-br\/legal\/usage-policy-simetrik-assistant-ai\/","url":"https:\/\/wp-lp-dev.simetrik.com\/pt-br\/legal\/usage-policy-simetrik-assistant-ai\/","name":"Politica do uso do Simetrik Assistant AI - Simetrik","isPartOf":{"@id":"https:\/\/wp-lp-dev.simetrik.com\/pt-br\/#website"},"datePublished":"2025-08-13T22:02:26+00:00","dateModified":"2025-08-17T23:53:07+00:00","breadcrumb":{"@id":"https:\/\/wp-lp-dev.simetrik.com\/pt-br\/legal\/usage-policy-simetrik-assistant-ai\/#breadcrumb"},"inLanguage":"pt-BR","potentialAction":[{"@type":"ReadAction","target":["https:\/\/wp-lp-dev.simetrik.com\/pt-br\/legal\/usage-policy-simetrik-assistant-ai\/"]}]},{"@type":"BreadcrumbList","@id":"https:\/\/wp-lp-dev.simetrik.com\/pt-br\/legal\/usage-policy-simetrik-assistant-ai\/#breadcrumb","itemListElement":[{"@type":"ListItem","position":1,"name":"Home","item":"https:\/\/wp-lp-dev.simetrik.com\/pt-br\/"},{"@type":"ListItem","position":2,"name":"Politica do uso do Simetrik Assistant AI"}]},{"@type":"WebSite","@id":"https:\/\/wp-lp-dev.simetrik.com\/pt-br\/#website","url":"https:\/\/wp-lp-dev.simetrik.com\/pt-br\/","name":"Simetrik","description":"","potentialAction":[{"@type":"SearchAction","target":{"@type":"EntryPoint","urlTemplate":"https:\/\/wp-lp-dev.simetrik.com\/pt-br\/?s={search_term_string}"},"query-input":{"@type":"PropertyValueSpecification","valueRequired":true,"valueName":"search_term_string"}}],"inLanguage":"pt-BR"}]}},"_links":{"self":[{"href":"https:\/\/wp-lp-dev.simetrik.com\/pt-br\/wp-json\/wp\/v2\/pages\/2359","targetHints":{"allow":["GET"]}}],"collection":[{"href":"https:\/\/wp-lp-dev.simetrik.com\/pt-br\/wp-json\/wp\/v2\/pages"}],"about":[{"href":"https:\/\/wp-lp-dev.simetrik.com\/pt-br\/wp-json\/wp\/v2\/types\/page"}],"author":[{"embeddable":true,"href":"https:\/\/wp-lp-dev.simetrik.com\/pt-br\/wp-json\/wp\/v2\/users\/4"}],"replies":[{"embeddable":true,"href":"https:\/\/wp-lp-dev.simetrik.com\/pt-br\/wp-json\/wp\/v2\/comments?post=2359"}],"version-history":[{"count":0,"href":"https:\/\/wp-lp-dev.simetrik.com\/pt-br\/wp-json\/wp\/v2\/pages\/2359\/revisions"}],"up":[{"embeddable":true,"href":"https:\/\/wp-lp-dev.simetrik.com\/pt-br\/wp-json\/wp\/v2\/pages\/2629"}],"wp:attachment":[{"href":"https:\/\/wp-lp-dev.simetrik.com\/pt-br\/wp-json\/wp\/v2\/media?parent=2359"}],"curies":[{"name":"wp","href":"https:\/\/api.w.org\/{rel}","templated":true}]}}