{"id":2339,"date":"2025-08-13T21:17:56","date_gmt":"2025-08-13T21:17:56","guid":{"rendered":"https:\/\/wp-lp-dev.simetrik.com\/cookie-policy\/"},"modified":"2025-08-19T01:15:42","modified_gmt":"2025-08-19T01:15:42","slug":"cookie-policy","status":"publish","type":"page","link":"https:\/\/wp-lp-dev.simetrik.com\/pt-br\/cookie-policy\/","title":{"rendered":"Politica de Cookies"},"content":{"rendered":"\n<p>Simetrik INC. e todas as suas afiliadas e\/ou subsidi\u00e1rias, presentes e\/ou futuras (doravante, &#8220;Simetrik&#8221;), propriet\u00e1ria deste portal web, pode utilizar cookies pr\u00f3prias e de terceiros para diferentes finalidades.Informaremos e ofereceremos op\u00e7\u00f5es de configura\u00e7\u00e3o sobre o uso de cookies tanto na primeira conex\u00e3o ao nosso portal quanto a qualquer momento posterior que desejar, por meio das op\u00e7\u00f5es que disponibilizamos.Informamos que em www.simetrik.com utilizamos cookies com o objetivo de facilitar o uso e navega\u00e7\u00e3o pelo site, al\u00e9m de melhorar sua qualidade de acordo com os h\u00e1bitos e estilos de navega\u00e7\u00e3o dos usu\u00e1rios.<\/p>\n\n\n\n<h3 class=\"wp-block-heading\">1. O QUE S\u00c3O COOKIES?<\/h3>\n\n\n\n<p>Os cookies s\u00e3o ferramentas utilizadas pelos servidores web para armazenar e recuperar informa\u00e7\u00f5es sobre os visitantes de um site. S\u00e3o pequenos arquivos de texto enviados para seu computador, tablet ou qualquer outro dispositivo que voc\u00ea usa para navegar na internet ao acessar determinadas p\u00e1ginas web. Existem tamb\u00e9m outras tecnologias semelhantes com a mesma funcionalidade. Os cookies permitem, entre outras coisas, manter um registro de seus h\u00e1bitos de navega\u00e7\u00e3o, as prefer\u00eancias de seu dispositivo ou seus dados de login, lembrando-os quando voc\u00ea retorna.Na Simetrik, utilizamos cookies para melhorar sua experi\u00eancia de navega\u00e7\u00e3o, lembrar suas prefer\u00eancias e oferecer conte\u00fado personalizado. Al\u00e9m disso, nos ajudam a coletar dados estat\u00edsticos sobre o uso do nosso site, permitindo-nos analisar e otimizar seu desempenho.<\/p>\n\n\n\n<h3 class=\"wp-block-heading\">2. TIPOS DE COOKIES QUE UTILIZAMOS NO SITE<\/h3>\n\n\n\n<p>Simetrik utiliza os seguintes tipos de cookies em seu site:<\/p>\n\n\n\n<h2 class=\"wp-block-heading\">Cookies Necess\u00e1rios<\/h2>\n\n\n\n<p>Esses cookies s\u00e3o essenciais para o funcionamento b\u00e1sico do site. Sem eles, voc\u00ea pode n\u00e3o conseguir navegar corretamente ou utilizar algumas funcionalidades-chave.<\/p>\n\n\n\n<p>\u200d<img decoding=\"async\" src=\"https:\/\/www.datocms-assets.com\/154296\/1746041573-cookies01.svg\"><\/p>\n\n\n\n<h2 class=\"wp-block-heading\">Cookies de Desempenho<\/h2>\n\n\n\n<p>Esses cookies coletam informa\u00e7\u00f5es sobre como os usu\u00e1rios utilizam nosso site, como as p\u00e1ginas mais visitadas ou erros que podem aparecer. Essas informa\u00e7\u00f5es s\u00e3o an\u00f4nimas e s\u00e3o usadas apenas para melhorar o funcionamento do nosso site.<\/p>\n\n\n\n<p>\u200d<img decoding=\"async\" src=\"https:\/\/www.datocms-assets.com\/154296\/1746041746-cookies-performance.svg\"><\/p>\n\n\n\n<h2 class=\"wp-block-heading\">Cookies de Funcionalidade<\/h2>\n\n\n\n<p>Permitem lembrar suas prefer\u00eancias, como o idioma ou a regi\u00e3o de acesso, para oferecer uma experi\u00eancia mais personalizada.<\/p>\n\n\n\n<h2 class=\"wp-block-heading\">Cookies de Marketing<\/h2>\n\n\n\n<p>Esses cookies s\u00e3o utilizados para mostrar an\u00fancios relevantes e personalizados de acordo com seus interesses e para medir a efic\u00e1cia das nossas campanhas publicit\u00e1rias.<\/p>\n\n\n\n<p>\u200d<img decoding=\"async\" src=\"https:\/\/www.datocms-assets.com\/154296\/1746043640-cookies-marketing.svg\"><\/p>\n\n\n\n<p>\u200d<\/p>\n\n\n\n<h3 class=\"wp-block-heading\">3. COOKIES DE TERCEIROS<\/h3>\n\n\n\n<p>Em nosso site, tamb\u00e9m utilizamos cookies de terceiros, como o Google Analytics, que nos ajudam a analisar o desempenho do site e oferecer uma melhor experi\u00eancia. Terceiros podem ter acesso aos dados coletados por esses cookies, e suas pol\u00edticas de privacidade podem diferir das nossas.<\/p>\n\n\n\n<p>\u200d<img decoding=\"async\" src=\"https:\/\/www.datocms-assets.com\/154296\/1746043447-cookies-third.svg\"><\/p>\n\n\n\n<h3 class=\"wp-block-heading\">4. COMO CONFIGURAR OU DESATIVAR OS COOKIES?<\/h3>\n\n\n\n<p>Voc\u00ea pode ativar ou desativar o uso de cookies diretamente a partir do banner ou aviso de cookies e do painel de prefer\u00eancias associado que aparecer\u00e1 em sua primeira visita ao nosso site. Ao clicar no bot\u00e3o &#8220;Aceitar Todos e Continuar&#8221; no banner, voc\u00ea permite o uso de todos os cookies. Se preferir n\u00e3o usar alguns dos cookies, poder\u00e1 selecionar isso no painel de configura\u00e7\u00e3o, clicando no bot\u00e3o &#8220;Configurar \/ Rejeitar Cookies&#8221; no banner.Ao visitar nosso site pela primeira vez, ser\u00e1 solicitado seu consentimento para o uso de cookies. Voc\u00ea pode gerenciar suas prefer\u00eancias de cookies a qualquer momento, permitindo ou desativando o uso de algumas ou todas as categorias de cookies atrav\u00e9s do Gerenciador de Cookies dispon\u00edvel no rodap\u00e9.Al\u00e9m disso, voc\u00ea pode configurar seu navegador para bloquear ou excluir cookies. Note que, se desativar alguns cookies, certas funcionalidades do site podem ser afetadas.Links para gerenciar cookies nos navegadores mais comuns: &nbsp;<\/p>\n\n\n\n<ul class=\"wp-block-list\">\n<li><a href=\"https:\/\/support.google.com\/chrome\/answer\/95647?hl=es\">Google Chrome<\/a><\/li>\n\n\n\n<li><a href=\"http:\/\/support.mozilla.org\/es\/kb\/habilitar-y-deshabilitar-cookies-que-los-sitios-we\">Mozilla Firefox<\/a><\/li>\n\n\n\n<li><a href=\"http:\/\/windows.microsoft.com\/es-es\/windows-vista\/block-or-allow-cookies\">Internet Explorer<\/a><\/li>\n\n\n\n<li><a href=\"https:\/\/support.apple.com\/es-es\/guide\/safari\/sfri11471\/mac\">Safari<\/a><\/li>\n\n\n\n<li><a href=\"https:\/\/blogs.opera.com\/news\/2015\/08\/how-to-manage-cookies-in-opera\/\">Opera<\/a><\/li>\n\n\n\n<li><a href=\"http:\/\/www.windowsphone.com\/es-es\/how-to\/wp7\/web\/changing-privacy-and-other-browser-settings\">Internet Explorer (Windows Phone)<\/a><\/li>\n\n\n\n<li><a href=\"https:\/\/support.apple.com\/es-es\/HT201265\">Safari for IOS (iPhone and iPad)<\/a><\/li>\n\n\n\n<li><a href=\"http:\/\/support.google.com\/chrome\/answer\/2392971?hl=es\">Chrome for Android\u00a0<\/a><\/li>\n<\/ul>\n\n\n\n<h3 class=\"wp-block-heading\">5. POR QUANTO TEMPO OS COOKIES S\u00c3O ARMAZENADOS?<\/h3>\n\n\n\n<p>Os cookies ser\u00e3o usados apenas pelo tempo necess\u00e1rio para cumprir com as finalidades espec\u00edficas indicadas para cada um deles. A Simetrik definiu os prazos de reten\u00e7\u00e3o de seus cookies pr\u00f3prios, que voc\u00ea pode verificar diretamente nas configura\u00e7\u00f5es do seu navegador.Para cookies de terceiros, os prazos de reten\u00e7\u00e3o podem ser consultados nas pol\u00edticas de privacidade desses terceiros. Voc\u00ea pode encontrar os links para essas pol\u00edticas no painel de configura\u00e7\u00e3o de cookies do nosso site.Assim que um cookie expira, ele ser\u00e1 reativado apenas se o usu\u00e1rio aceitar seu uso novamente.<\/p>\n\n\n\n<h3 class=\"wp-block-heading\">\u200d6. ATUALIZA\u00c7\u00d5ES DA POL\u00cdTICA DE COOKIES<\/h3>\n\n\n\n<p>A Simetrik poder\u00e1 atualizar esta Pol\u00edtica de Cookies a qualquer momento. Esta atualiza\u00e7\u00e3o ser\u00e1 aplic\u00e1vel a partir de sua publica\u00e7\u00e3o no site, por isso, \u00e9 aconselh\u00e1vel que os usu\u00e1rios revisem periodicamente.No entanto, a inclus\u00e3o de novos cookies ou o uso de cookies j\u00e1 informados para finalidades diferentes das indicadas exigir\u00e1 a aceita\u00e7\u00e3o pr\u00e9via do usu\u00e1rio.<\/p>\n","protected":false},"excerpt":{"rendered":"<p>Simetrik INC. e todas as suas afiliadas e\/ou subsidi\u00e1rias, presentes e\/ou futuras (doravante, &#8220;Simetrik&#8221;), propriet\u00e1ria deste portal web, pode utilizar cookies pr\u00f3prias e de terceiros para diferentes finalidades.Informaremos e ofereceremos op\u00e7\u00f5es de configura\u00e7\u00e3o sobre o uso de cookies tanto na primeira conex\u00e3o ao nosso portal quanto a qualquer momento posterior que desejar, por meio das<a class=\"excerpt-read-more\" href=\"https:\/\/wp-lp-dev.simetrik.com\/pt-br\/cookie-policy\/\" title=\"ReadPolitica de Cookies\">&#8230; Read more &raquo;<\/a><\/p>\n","protected":false},"author":4,"featured_media":0,"parent":0,"menu_order":0,"comment_status":"closed","ping_status":"closed","template":"","meta":{"_acf_changed":false,"inline_featured_image":false,"footnotes":""},"class_list":["post-2339","page","type-page","status-publish","hentry"],"acf":[],"yoast_head":"<!-- This site is optimized with the Yoast SEO plugin v25.7 - https:\/\/yoast.com\/wordpress\/plugins\/seo\/ -->\n<title>Politica de Cookies - Simetrik<\/title>\n<meta name=\"robots\" content=\"index, follow, max-snippet:-1, max-image-preview:large, max-video-preview:-1\" \/>\n<link rel=\"canonical\" href=\"https:\/\/wp-lp-dev.simetrik.com\/pt-br\/cookie-policy\/\" \/>\n<meta property=\"og:locale\" content=\"pt_BR\" \/>\n<meta property=\"og:type\" content=\"article\" \/>\n<meta property=\"og:title\" content=\"Politica de Cookies - Simetrik\" \/>\n<meta property=\"og:description\" content=\"Simetrik INC. e todas as suas afiliadas e\/ou subsidi\u00e1rias, presentes e\/ou futuras (doravante, &#8220;Simetrik&#8221;), propriet\u00e1ria deste portal web, pode utilizar cookies pr\u00f3prias e de terceiros para diferentes finalidades.Informaremos e ofereceremos op\u00e7\u00f5es de configura\u00e7\u00e3o sobre o uso de cookies tanto na primeira conex\u00e3o ao nosso portal quanto a qualquer momento posterior que desejar, por meio das... Read more &raquo;\" \/>\n<meta property=\"og:url\" content=\"https:\/\/wp-lp-dev.simetrik.com\/pt-br\/cookie-policy\/\" \/>\n<meta property=\"og:site_name\" content=\"Simetrik\" \/>\n<meta property=\"article:modified_time\" content=\"2025-08-19T01:15:42+00:00\" \/>\n<meta property=\"og:image\" content=\"https:\/\/www.datocms-assets.com\/154296\/1746041573-cookies01.svg\" \/>\n<meta name=\"twitter:card\" content=\"summary_large_image\" \/>\n<meta name=\"twitter:label1\" content=\"Est. tempo de leitura\" \/>\n\t<meta name=\"twitter:data1\" content=\"5 minutos\" \/>\n<script type=\"application\/ld+json\" class=\"yoast-schema-graph\">{\"@context\":\"https:\/\/schema.org\",\"@graph\":[{\"@type\":\"WebPage\",\"@id\":\"https:\/\/wp-lp-dev.simetrik.com\/pt-br\/cookie-policy\/\",\"url\":\"https:\/\/wp-lp-dev.simetrik.com\/pt-br\/cookie-policy\/\",\"name\":\"Politica de Cookies - Simetrik\",\"isPartOf\":{\"@id\":\"https:\/\/wp-lp-dev.simetrik.com\/pt-br\/#website\"},\"primaryImageOfPage\":{\"@id\":\"https:\/\/wp-lp-dev.simetrik.com\/pt-br\/cookie-policy\/#primaryimage\"},\"image\":{\"@id\":\"https:\/\/wp-lp-dev.simetrik.com\/pt-br\/cookie-policy\/#primaryimage\"},\"thumbnailUrl\":\"https:\/\/www.datocms-assets.com\/154296\/1746041573-cookies01.svg\",\"datePublished\":\"2025-08-13T21:17:56+00:00\",\"dateModified\":\"2025-08-19T01:15:42+00:00\",\"breadcrumb\":{\"@id\":\"https:\/\/wp-lp-dev.simetrik.com\/pt-br\/cookie-policy\/#breadcrumb\"},\"inLanguage\":\"pt-BR\",\"potentialAction\":[{\"@type\":\"ReadAction\",\"target\":[\"https:\/\/wp-lp-dev.simetrik.com\/pt-br\/cookie-policy\/\"]}]},{\"@type\":\"ImageObject\",\"inLanguage\":\"pt-BR\",\"@id\":\"https:\/\/wp-lp-dev.simetrik.com\/pt-br\/cookie-policy\/#primaryimage\",\"url\":\"https:\/\/www.datocms-assets.com\/154296\/1746041573-cookies01.svg\",\"contentUrl\":\"https:\/\/www.datocms-assets.com\/154296\/1746041573-cookies01.svg\"},{\"@type\":\"BreadcrumbList\",\"@id\":\"https:\/\/wp-lp-dev.simetrik.com\/pt-br\/cookie-policy\/#breadcrumb\",\"itemListElement\":[{\"@type\":\"ListItem\",\"position\":1,\"name\":\"Home\",\"item\":\"https:\/\/wp-lp-dev.simetrik.com\/pt-br\/\"},{\"@type\":\"ListItem\",\"position\":2,\"name\":\"Politica de Cookies\"}]},{\"@type\":\"WebSite\",\"@id\":\"https:\/\/wp-lp-dev.simetrik.com\/pt-br\/#website\",\"url\":\"https:\/\/wp-lp-dev.simetrik.com\/pt-br\/\",\"name\":\"Simetrik\",\"description\":\"\",\"potentialAction\":[{\"@type\":\"SearchAction\",\"target\":{\"@type\":\"EntryPoint\",\"urlTemplate\":\"https:\/\/wp-lp-dev.simetrik.com\/pt-br\/?s={search_term_string}\"},\"query-input\":{\"@type\":\"PropertyValueSpecification\",\"valueRequired\":true,\"valueName\":\"search_term_string\"}}],\"inLanguage\":\"pt-BR\"}]}<\/script>\n<!-- \/ Yoast SEO plugin. -->","yoast_head_json":{"title":"Politica de Cookies - Simetrik","robots":{"index":"index","follow":"follow","max-snippet":"max-snippet:-1","max-image-preview":"max-image-preview:large","max-video-preview":"max-video-preview:-1"},"canonical":"https:\/\/wp-lp-dev.simetrik.com\/pt-br\/cookie-policy\/","og_locale":"pt_BR","og_type":"article","og_title":"Politica de Cookies - Simetrik","og_description":"Simetrik INC. e todas as suas afiliadas e\/ou subsidi\u00e1rias, presentes e\/ou futuras (doravante, &#8220;Simetrik&#8221;), propriet\u00e1ria deste portal web, pode utilizar cookies pr\u00f3prias e de terceiros para diferentes finalidades.Informaremos e ofereceremos op\u00e7\u00f5es de configura\u00e7\u00e3o sobre o uso de cookies tanto na primeira conex\u00e3o ao nosso portal quanto a qualquer momento posterior que desejar, por meio das... Read more &raquo;","og_url":"https:\/\/wp-lp-dev.simetrik.com\/pt-br\/cookie-policy\/","og_site_name":"Simetrik","article_modified_time":"2025-08-19T01:15:42+00:00","og_image":[{"url":"https:\/\/www.datocms-assets.com\/154296\/1746041573-cookies01.svg","type":"","width":"","height":""}],"twitter_card":"summary_large_image","twitter_misc":{"Est. tempo de leitura":"5 minutos"},"schema":{"@context":"https:\/\/schema.org","@graph":[{"@type":"WebPage","@id":"https:\/\/wp-lp-dev.simetrik.com\/pt-br\/cookie-policy\/","url":"https:\/\/wp-lp-dev.simetrik.com\/pt-br\/cookie-policy\/","name":"Politica de Cookies - Simetrik","isPartOf":{"@id":"https:\/\/wp-lp-dev.simetrik.com\/pt-br\/#website"},"primaryImageOfPage":{"@id":"https:\/\/wp-lp-dev.simetrik.com\/pt-br\/cookie-policy\/#primaryimage"},"image":{"@id":"https:\/\/wp-lp-dev.simetrik.com\/pt-br\/cookie-policy\/#primaryimage"},"thumbnailUrl":"https:\/\/www.datocms-assets.com\/154296\/1746041573-cookies01.svg","datePublished":"2025-08-13T21:17:56+00:00","dateModified":"2025-08-19T01:15:42+00:00","breadcrumb":{"@id":"https:\/\/wp-lp-dev.simetrik.com\/pt-br\/cookie-policy\/#breadcrumb"},"inLanguage":"pt-BR","potentialAction":[{"@type":"ReadAction","target":["https:\/\/wp-lp-dev.simetrik.com\/pt-br\/cookie-policy\/"]}]},{"@type":"ImageObject","inLanguage":"pt-BR","@id":"https:\/\/wp-lp-dev.simetrik.com\/pt-br\/cookie-policy\/#primaryimage","url":"https:\/\/www.datocms-assets.com\/154296\/1746041573-cookies01.svg","contentUrl":"https:\/\/www.datocms-assets.com\/154296\/1746041573-cookies01.svg"},{"@type":"BreadcrumbList","@id":"https:\/\/wp-lp-dev.simetrik.com\/pt-br\/cookie-policy\/#breadcrumb","itemListElement":[{"@type":"ListItem","position":1,"name":"Home","item":"https:\/\/wp-lp-dev.simetrik.com\/pt-br\/"},{"@type":"ListItem","position":2,"name":"Politica de Cookies"}]},{"@type":"WebSite","@id":"https:\/\/wp-lp-dev.simetrik.com\/pt-br\/#website","url":"https:\/\/wp-lp-dev.simetrik.com\/pt-br\/","name":"Simetrik","description":"","potentialAction":[{"@type":"SearchAction","target":{"@type":"EntryPoint","urlTemplate":"https:\/\/wp-lp-dev.simetrik.com\/pt-br\/?s={search_term_string}"},"query-input":{"@type":"PropertyValueSpecification","valueRequired":true,"valueName":"search_term_string"}}],"inLanguage":"pt-BR"}]}},"_links":{"self":[{"href":"https:\/\/wp-lp-dev.simetrik.com\/pt-br\/wp-json\/wp\/v2\/pages\/2339","targetHints":{"allow":["GET"]}}],"collection":[{"href":"https:\/\/wp-lp-dev.simetrik.com\/pt-br\/wp-json\/wp\/v2\/pages"}],"about":[{"href":"https:\/\/wp-lp-dev.simetrik.com\/pt-br\/wp-json\/wp\/v2\/types\/page"}],"author":[{"embeddable":true,"href":"https:\/\/wp-lp-dev.simetrik.com\/pt-br\/wp-json\/wp\/v2\/users\/4"}],"replies":[{"embeddable":true,"href":"https:\/\/wp-lp-dev.simetrik.com\/pt-br\/wp-json\/wp\/v2\/comments?post=2339"}],"version-history":[{"count":2,"href":"https:\/\/wp-lp-dev.simetrik.com\/pt-br\/wp-json\/wp\/v2\/pages\/2339\/revisions"}],"predecessor-version":[{"id":2643,"href":"https:\/\/wp-lp-dev.simetrik.com\/pt-br\/wp-json\/wp\/v2\/pages\/2339\/revisions\/2643"}],"wp:attachment":[{"href":"https:\/\/wp-lp-dev.simetrik.com\/pt-br\/wp-json\/wp\/v2\/media?parent=2339"}],"curies":[{"name":"wp","href":"https:\/\/api.w.org\/{rel}","templated":true}]}}