{"id":2263,"date":"2025-08-13T21:14:25","date_gmt":"2025-08-13T21:14:25","guid":{"rendered":"https:\/\/wp-lp-dev.simetrik.com\/privacy-notice\/"},"modified":"2025-08-19T00:45:21","modified_gmt":"2025-08-19T00:45:21","slug":"privacy-notice","status":"publish","type":"page","link":"https:\/\/wp-lp-dev.simetrik.com\/es\/privacy-notice\/","title":{"rendered":"Aviso de Privacidad"},"content":{"rendered":"\n<p>En cumplimiento a lo dispuesto en la Ley 1266 de 2008, la Ley 1581 de 2012, as\u00ed como el Decreto compilatorio 1074 de 2015 (Secci\u00f3n 2.2.2.25.3), adem\u00e1s, tomando como referencia los lineamientos establecidos por el Reglamento General de Protecci\u00f3n de Datos (RGPD) y la Ley General de Protecci\u00f3n de Datos Personales (LGPD), y en especial sobre la necesidad e importancia de desarrollar y aplicar un AVISO DE PRIVACIDAD en los casos en los que no sea posible o f\u00e1cil poner a disposici\u00f3n del Titular las pol\u00edticas de privacidad y tratamiento de la informaci\u00f3n, SIMETRIK INC, sociedad estadounidense del Estado de Delaware, con domicilio en la ciudad de San Francisco, California, identificada con EIN No. 61-1863197, en su calidad de matriz. SIMETRIK S.A.S, sociedad colombiana, constituida bajo las leyes de la Rep\u00fablica de Colombia, con domicilio en la ciudad de Bogot\u00e1 D.C., identificada con NIT. 901.030.030-8, en su calidad de sociedad filial quien en lo sucesivo y para los fines de este documento se denominar\u00e1 SIMETRIK, quien act\u00faa como RESPONSABLE DEL TRATAMIENTO DE DATOS PERSONALES, informa a las partes interesadas que la informaci\u00f3n identificable de car\u00e1cter personal (datos personales) ser\u00e1n tratados seg\u00fan la POL\u00cdTICA DE GESTI\u00d3N DE LA PRIVACIDAD Y PROTECCI\u00d3N DE LA INFORMACI\u00d3N IDENTIFICABLE DE CAR\u00c1CTER PERSONAL (DATOS PERSONALES) EN SU ADMINISTRACI\u00d3N Y TRATAMIENTO desarrollada y mantenida y disponible de forma f\u00edsica en cualquiera de sus sedes as\u00ed como en su sitio web Politica de Tratamiento de Datos Personales, atendiendo el marco de requisitos sobre gesti\u00f3n y tratamiento de datos personales.&nbsp;<\/p>\n\n\n\n<h3 class=\"wp-block-heading\">Tratamiento<\/h3>\n\n\n\n<p>La administraci\u00f3n y tratamiento que SIMETRIK da a los datos personales se limita a la recolecci\u00f3n, almacenamiento, uso y circulaci\u00f3n al interior de la empresa, as\u00ed como la transferencia internacional a su SIMETRIK INC como matriz, igualmente a proveedores, seg\u00fan corresponda, para las finalidades autorizadas. Una vez se cumpla con las finalidades del tratamiento para la cual se otorg\u00f3 la autorizaci\u00f3n por parte del titular, los datos personales ser\u00e1n suprimidos de las bases de datos de la entidad. Los datos personales que recolecta SIMETRIK se utilizan en esencia para el desarrollo del objeto social de la compa\u00f1\u00eda y el logro de sus objetivos estrat\u00e9gicos, establecidos en el marco normativo colombiano.<\/p>\n\n\n\n<h3 class=\"wp-block-heading\">Finalidades del Tratamiento<\/h3>\n\n\n\n<p>Los datos personales que obtenemos se podr\u00e1n recolectar, almacenar, usar para las siguientes finalidades:<\/p>\n\n\n\n<ul class=\"wp-block-list\">\n<li>Efectuar las gestiones pertinentes para el desarrollo del objeto social de la compa\u00f1\u00eda en lo que tiene que ver con el cumplimiento del objeto del contrato celebrado con el Titular de la informaci\u00f3n.<\/li>\n\n\n\n<li>Dar cumplimiento a las obligaciones contra\u00eddas por Simetrik con el Titular de la Informaci\u00f3n.<\/li>\n\n\n\n<li>Transferir datos personales fuera del pa\u00eds a la compa\u00f1\u00eda matriz de Simetrik.<\/li>\n\n\n\n<li>Prestar los servicios ofrecidos por Simetrik aceptados en el contrato suscrito.<\/li>\n\n\n\n<li>Transmitir los datos personales fuera del pa\u00eds a terceros con los cuales Simetrik haya suscrito un contrato de tratamiento de datos y sea necesario entreg\u00e1rsela para el cumplimiento del objeto contractual.<\/li>\n\n\n\n<li>Suministrar la informaci\u00f3n a terceros con los cuales Simetrik tenga relaci\u00f3n contractual y que sea necesario entreg\u00e1rsela para el cumplimiento del objeto contratado.<\/li>\n<\/ul>\n\n\n\n<p>En caso de que no desee que sus datos personales sean tratados para estos fines adicionales, usted puede manifestarlo as\u00ed al correo electr\u00f3nico&nbsp;<a href=\"mailto:dataprivacy@simetrik.com\"><strong>dataprivacy@simetrik.com<\/strong><\/a>.<\/p>\n\n\n\n<p>Por consiguiente, quien acceda a los servicios y\/o productos de SIMETRIK, deber\u00e1 suministrar de manera voluntaria sus datos ciertos de identificaci\u00f3n f\u00edsica o personal, como son entre otros: nombre, apellidos, identificaci\u00f3n, edad, g\u00e9nero, tel\u00e9fono, direcci\u00f3n f\u00edsica y electr\u00f3nica, pa\u00eds, ciudad y dem\u00e1s datos necesarios que le sean solicitados en el proceso de registro como empleado, proveedor, visitante, o cliente de SIMETRIK.<\/p>\n\n\n\n<h3 class=\"wp-block-heading\">Datos personales obtenidos<\/h3>\n\n\n\n<p>Los datos solicitados ser\u00e1n los Datos de la Entidad, Domicilio, Tel\u00e9fono, Correo Electr\u00f3nico Institucional, adem\u00e1s los Datos Personales recabados y clasificados como sensibles est\u00e1n protegidos por la Pol\u00edtica de Privacidad de Datos Personales y Pol\u00edtica de Seguridad de la Informaci\u00f3n de SIMETRIK, publicadas en  <a href=\"https:\/\/www.simetrik.com\">www.simetrik.com<\/a>.<\/p>\n\n\n\n<h3 class=\"wp-block-heading\">Fundamento legal<\/h3>\n\n\n\n<p>El fundamento para el tratamiento de datos personales es: Ley 1581\/2012 Art. 2o. \u00c1mbito de aplicaci\u00f3n. Ley 1266\/2008 Art. 2\u00ba. \u00c1mbito de aplicaci\u00f3n. Decreto 1074\/2015 Art. 2.2.2.25.3.2 (Decreto 1377 de 2013, Art.14). Aviso de privacidad. Decreto 1074\/2015 Art. 2.2.2.25.3.3 (Decreto 1377 de 2013, Art. 15). Contenido m\u00ednimo del Aviso de Privacidad. Adem\u00e1s, tomando como referencia los lineamientos establecidos por el Reglamento General de Protecci\u00f3n de Datos (RGPD) y la Ley General de Protecci\u00f3n de Datos Personales (LGPD)<\/p>\n\n\n\n<h3 class=\"wp-block-heading\">Transferencia de datos personales<\/h3>\n\n\n\n<p>Le informamos que sus datos personales son compartidos con las personas, empresas, organizaciones y autoridades distintas al responsable, y para los fines que se describen a continuaci\u00f3n<\/p>\n\n\n\n<figure class=\"wp-block-image size-large\"><img decoding=\"async\" src=\"https:\/\/wp-lp-dev.simetrik.com\/wp-content\/uploads\/2025\/08\/1746033103-privacy-notice-recipient-of-personal-data_es.svg\" alt=\"\" class=\"wp-image-2265\"\/><\/figure>\n\n\n\n<p>La Descripci\u00f3n de la finalidad que est\u00e1 marcada con asterisco (*) requieren de su consentimiento, si usted no manifiesta su negativa para dichas transferencias, se entender\u00e1 que ha otorgado su consentimiento.<\/p>\n\n\n\n<h3 class=\"wp-block-heading\">Derechos del Titular<\/h3>\n\n\n\n<p>Usted tiene derecho a conocer qu\u00e9 datos personales se tienen de usted, para qu\u00e9 se utilizan y las condiciones del uso que les damos&nbsp;<strong>(Acceso)<\/strong>. Asimismo, es su derecho solicitar la correcci\u00f3n de su informaci\u00f3n personal en caso de que est\u00e9 desactualizada, sea inexacta o incompleta&nbsp;<strong>(Rectificaci\u00f3n)<\/strong>; que la eliminemos de nuestros registros o bases de datos cuando considere que la misma no est\u00e1 siendo utilizada conforme a los principios, deberes y obligaciones previstas en la ley&nbsp;<strong>(Cancelaci\u00f3n)<\/strong>; as\u00ed como oponerse al uso de sus datos personales para fines espec\u00edficos&nbsp;<strong>(Oposici\u00f3n)<\/strong>.<\/p>\n\n\n\n<p>Para el ejercicio de cualquiera de los derechos del Titular, usted podr\u00e1 presentar solicitud por escrito al correo electr\u00f3nico<strong>&nbsp;<\/strong><a href=\"mailto:dataprivacy@simetrik.com\"><strong>dataprivacy@simetrik.com<\/strong><\/a>, o en nuestros puntos de servicio al cliente.<\/p>\n\n\n\n<p>La informaci\u00f3n que deber\u00e1 contener:<\/p>\n\n\n\n<ul class=\"wp-block-list\">\n<li>El nombre del titular y su domicilio o cualquier otro medio para recibir notificaciones<\/li>\n\n\n\n<li>Los documentos que acrediten la identidad del titular<\/li>\n\n\n\n<li>La descripci\u00f3n clara y precisa de su solicitud<\/li>\n\n\n\n<li>La descripci\u00f3n del derecho que se pretende ejercer (Acceso, Rectificaci\u00f3n, Cancelaci\u00f3n, Oposici\u00f3n<\/li>\n\n\n\n<li>Cualquier otro elemento o documento que facilite la localizaci\u00f3n de los datos personales.a.<\/li>\n<\/ul>\n\n\n\n<p>En caso de solicitar la rectificaci\u00f3n, adicionalmente deber\u00e1 indicar las modificaciones a realizarse y aportar la documentaci\u00f3n necesaria que sustente su petici\u00f3n.<\/p>\n\n\n\n<p>En el derecho de cancelaci\u00f3n debe expresar las causas que motivan la eliminaci\u00f3n.<\/p>\n\n\n\n<p>En el derecho de oposici\u00f3n debe se\u00f1alar los motivos que justifican se finalice el tratamiento de los datos personales y el da\u00f1o o perjuicio que le causar\u00eda, o bien, si la oposici\u00f3n es parcial, debe indicar las finalidades espec\u00edficas con las que se no est\u00e1 de acuerdo, siempre que no sea un requisito obligatorio.<\/p>\n\n\n\n<p>El responsable del manejo de los Datos responder\u00e1 en el domicilio o medio que el titular de los datos personales designe en su solicitud, en un plazo de 15 d\u00edas h\u00e1biles, que puede ser ampliado por 10 d\u00edas h\u00e1biles m\u00e1s previa notificaci\u00f3n.<br>La respuesta indicar\u00e1 si la solicitud de acceso, rectificaci\u00f3n, cancelaci\u00f3n u oposici\u00f3n es procedente y, en su caso, har\u00e1 efectivo dentro de los 15 d\u00edas h\u00e1biles siguientes a la fecha en que comunique la respuesta.<\/p>\n\n\n\n<h3 class=\"wp-block-heading\">Datos de la Entidad Responsable del Tratamiento de Datos<\/h3>\n\n\n\n<p><strong>Direcci\u00f3n:<\/strong>&nbsp;Cl. 91 # 11-29, Bogot\u00e1<\/p>\n\n\n\n<p><strong>Tel\u00e9fono:<\/strong>&nbsp;3043877835<\/p>\n\n\n\n<p><strong>Correo electr\u00f3nico institucional:<\/strong>&nbsp;<a href=\"mailto:dataprivacy@simetrik.com\"><strong>dataprivacy@simetrik.com<\/strong><\/a><\/p>\n\n\n\n<h3 class=\"wp-block-heading\">Cambios al Aviso de Privacidad<\/h3>\n\n\n\n<p>En caso de realizar alguna modificaci\u00f3n al Aviso de Privacidad, se le har\u00e1 conocer v\u00eda correo electr\u00f3nico o, puede verificarlo a trav\u00e9s de nuestra p\u00e1gina Web&nbsp;<a href=\"http:\/\/www.simetrik.com\/\"><strong>www.simetrik.com<\/strong><\/a>.<\/p>\n\n\n\n<p>La \u00faltima versi\u00f3n actualizada es del 23 de julio de 2024.ly 23, 2024.<\/p>\n\n\n\n<p><\/p>\n","protected":false},"excerpt":{"rendered":"<p>En cumplimiento a lo dispuesto en la Ley 1266 de 2008, la Ley 1581 de 2012, as\u00ed como el Decreto compilatorio 1074 de 2015 (Secci\u00f3n 2.2.2.25.3), adem\u00e1s, tomando como referencia los lineamientos establecidos por el Reglamento General de Protecci\u00f3n de Datos (RGPD) y la Ley General de Protecci\u00f3n de Datos Personales (LGPD), y en especial<a class=\"excerpt-read-more\" href=\"https:\/\/wp-lp-dev.simetrik.com\/es\/privacy-notice\/\" title=\"ReadAviso de Privacidad\">&#8230; Read more &raquo;<\/a><\/p>\n","protected":false},"author":4,"featured_media":0,"parent":0,"menu_order":0,"comment_status":"closed","ping_status":"closed","template":"","meta":{"_acf_changed":false,"inline_featured_image":false,"footnotes":""},"class_list":["post-2263","page","type-page","status-publish","hentry"],"acf":[],"yoast_head":"<!-- This site is optimized with the Yoast SEO plugin v25.7 - https:\/\/yoast.com\/wordpress\/plugins\/seo\/ -->\n<title>Aviso de Privacidad - Simetrik<\/title>\n<meta name=\"robots\" content=\"index, follow, max-snippet:-1, max-image-preview:large, max-video-preview:-1\" \/>\n<link rel=\"canonical\" href=\"https:\/\/wp-lp-dev.simetrik.com\/es\/privacy-notice\/\" \/>\n<meta property=\"og:locale\" content=\"es_ES\" \/>\n<meta property=\"og:type\" content=\"article\" \/>\n<meta property=\"og:title\" content=\"Aviso de Privacidad - Simetrik\" \/>\n<meta property=\"og:description\" content=\"En cumplimiento a lo dispuesto en la Ley 1266 de 2008, la Ley 1581 de 2012, as\u00ed como el Decreto compilatorio 1074 de 2015 (Secci\u00f3n 2.2.2.25.3), adem\u00e1s, tomando como referencia los lineamientos establecidos por el Reglamento General de Protecci\u00f3n de Datos (RGPD) y la Ley General de Protecci\u00f3n de Datos Personales (LGPD), y en especial... Read more &raquo;\" \/>\n<meta property=\"og:url\" content=\"https:\/\/wp-lp-dev.simetrik.com\/es\/privacy-notice\/\" \/>\n<meta property=\"og:site_name\" content=\"Simetrik\" \/>\n<meta property=\"article:modified_time\" content=\"2025-08-19T00:45:21+00:00\" \/>\n<meta name=\"twitter:card\" content=\"summary_large_image\" \/>\n<meta name=\"twitter:label1\" content=\"Tiempo de lectura\" \/>\n\t<meta name=\"twitter:data1\" content=\"6 minutos\" \/>\n<script type=\"application\/ld+json\" class=\"yoast-schema-graph\">{\"@context\":\"https:\/\/schema.org\",\"@graph\":[{\"@type\":\"WebPage\",\"@id\":\"https:\/\/wp-lp-dev.simetrik.com\/es\/privacy-notice\/\",\"url\":\"https:\/\/wp-lp-dev.simetrik.com\/es\/privacy-notice\/\",\"name\":\"Aviso de Privacidad - Simetrik\",\"isPartOf\":{\"@id\":\"https:\/\/wp-lp-dev.simetrik.com\/es\/#website\"},\"primaryImageOfPage\":{\"@id\":\"https:\/\/wp-lp-dev.simetrik.com\/es\/privacy-notice\/#primaryimage\"},\"image\":{\"@id\":\"https:\/\/wp-lp-dev.simetrik.com\/es\/privacy-notice\/#primaryimage\"},\"thumbnailUrl\":\"https:\/\/wp-lp-dev.simetrik.com\/wp-content\/uploads\/2025\/08\/1746033103-privacy-notice-recipient-of-personal-data_es.svg\",\"datePublished\":\"2025-08-13T21:14:25+00:00\",\"dateModified\":\"2025-08-19T00:45:21+00:00\",\"breadcrumb\":{\"@id\":\"https:\/\/wp-lp-dev.simetrik.com\/es\/privacy-notice\/#breadcrumb\"},\"inLanguage\":\"es\",\"potentialAction\":[{\"@type\":\"ReadAction\",\"target\":[\"https:\/\/wp-lp-dev.simetrik.com\/es\/privacy-notice\/\"]}]},{\"@type\":\"ImageObject\",\"inLanguage\":\"es\",\"@id\":\"https:\/\/wp-lp-dev.simetrik.com\/es\/privacy-notice\/#primaryimage\",\"url\":\"https:\/\/wp-lp-dev.simetrik.com\/wp-content\/uploads\/2025\/08\/1746033103-privacy-notice-recipient-of-personal-data_es.svg\",\"contentUrl\":\"https:\/\/wp-lp-dev.simetrik.com\/wp-content\/uploads\/2025\/08\/1746033103-privacy-notice-recipient-of-personal-data_es.svg\"},{\"@type\":\"BreadcrumbList\",\"@id\":\"https:\/\/wp-lp-dev.simetrik.com\/es\/privacy-notice\/#breadcrumb\",\"itemListElement\":[{\"@type\":\"ListItem\",\"position\":1,\"name\":\"Home\",\"item\":\"https:\/\/wp-lp-dev.simetrik.com\/es\/\"},{\"@type\":\"ListItem\",\"position\":2,\"name\":\"Aviso de Privacidad\"}]},{\"@type\":\"WebSite\",\"@id\":\"https:\/\/wp-lp-dev.simetrik.com\/es\/#website\",\"url\":\"https:\/\/wp-lp-dev.simetrik.com\/es\/\",\"name\":\"Simetrik\",\"description\":\"\",\"potentialAction\":[{\"@type\":\"SearchAction\",\"target\":{\"@type\":\"EntryPoint\",\"urlTemplate\":\"https:\/\/wp-lp-dev.simetrik.com\/es\/?s={search_term_string}\"},\"query-input\":{\"@type\":\"PropertyValueSpecification\",\"valueRequired\":true,\"valueName\":\"search_term_string\"}}],\"inLanguage\":\"es\"}]}<\/script>\n<!-- \/ Yoast SEO plugin. -->","yoast_head_json":{"title":"Aviso de Privacidad - Simetrik","robots":{"index":"index","follow":"follow","max-snippet":"max-snippet:-1","max-image-preview":"max-image-preview:large","max-video-preview":"max-video-preview:-1"},"canonical":"https:\/\/wp-lp-dev.simetrik.com\/es\/privacy-notice\/","og_locale":"es_ES","og_type":"article","og_title":"Aviso de Privacidad - Simetrik","og_description":"En cumplimiento a lo dispuesto en la Ley 1266 de 2008, la Ley 1581 de 2012, as\u00ed como el Decreto compilatorio 1074 de 2015 (Secci\u00f3n 2.2.2.25.3), adem\u00e1s, tomando como referencia los lineamientos establecidos por el Reglamento General de Protecci\u00f3n de Datos (RGPD) y la Ley General de Protecci\u00f3n de Datos Personales (LGPD), y en especial... Read more &raquo;","og_url":"https:\/\/wp-lp-dev.simetrik.com\/es\/privacy-notice\/","og_site_name":"Simetrik","article_modified_time":"2025-08-19T00:45:21+00:00","twitter_card":"summary_large_image","twitter_misc":{"Tiempo de lectura":"6 minutos"},"schema":{"@context":"https:\/\/schema.org","@graph":[{"@type":"WebPage","@id":"https:\/\/wp-lp-dev.simetrik.com\/es\/privacy-notice\/","url":"https:\/\/wp-lp-dev.simetrik.com\/es\/privacy-notice\/","name":"Aviso de Privacidad - Simetrik","isPartOf":{"@id":"https:\/\/wp-lp-dev.simetrik.com\/es\/#website"},"primaryImageOfPage":{"@id":"https:\/\/wp-lp-dev.simetrik.com\/es\/privacy-notice\/#primaryimage"},"image":{"@id":"https:\/\/wp-lp-dev.simetrik.com\/es\/privacy-notice\/#primaryimage"},"thumbnailUrl":"https:\/\/wp-lp-dev.simetrik.com\/wp-content\/uploads\/2025\/08\/1746033103-privacy-notice-recipient-of-personal-data_es.svg","datePublished":"2025-08-13T21:14:25+00:00","dateModified":"2025-08-19T00:45:21+00:00","breadcrumb":{"@id":"https:\/\/wp-lp-dev.simetrik.com\/es\/privacy-notice\/#breadcrumb"},"inLanguage":"es","potentialAction":[{"@type":"ReadAction","target":["https:\/\/wp-lp-dev.simetrik.com\/es\/privacy-notice\/"]}]},{"@type":"ImageObject","inLanguage":"es","@id":"https:\/\/wp-lp-dev.simetrik.com\/es\/privacy-notice\/#primaryimage","url":"https:\/\/wp-lp-dev.simetrik.com\/wp-content\/uploads\/2025\/08\/1746033103-privacy-notice-recipient-of-personal-data_es.svg","contentUrl":"https:\/\/wp-lp-dev.simetrik.com\/wp-content\/uploads\/2025\/08\/1746033103-privacy-notice-recipient-of-personal-data_es.svg"},{"@type":"BreadcrumbList","@id":"https:\/\/wp-lp-dev.simetrik.com\/es\/privacy-notice\/#breadcrumb","itemListElement":[{"@type":"ListItem","position":1,"name":"Home","item":"https:\/\/wp-lp-dev.simetrik.com\/es\/"},{"@type":"ListItem","position":2,"name":"Aviso de Privacidad"}]},{"@type":"WebSite","@id":"https:\/\/wp-lp-dev.simetrik.com\/es\/#website","url":"https:\/\/wp-lp-dev.simetrik.com\/es\/","name":"Simetrik","description":"","potentialAction":[{"@type":"SearchAction","target":{"@type":"EntryPoint","urlTemplate":"https:\/\/wp-lp-dev.simetrik.com\/es\/?s={search_term_string}"},"query-input":{"@type":"PropertyValueSpecification","valueRequired":true,"valueName":"search_term_string"}}],"inLanguage":"es"}]}},"_links":{"self":[{"href":"https:\/\/wp-lp-dev.simetrik.com\/es\/wp-json\/wp\/v2\/pages\/2263","targetHints":{"allow":["GET"]}}],"collection":[{"href":"https:\/\/wp-lp-dev.simetrik.com\/es\/wp-json\/wp\/v2\/pages"}],"about":[{"href":"https:\/\/wp-lp-dev.simetrik.com\/es\/wp-json\/wp\/v2\/types\/page"}],"author":[{"embeddable":true,"href":"https:\/\/wp-lp-dev.simetrik.com\/es\/wp-json\/wp\/v2\/users\/4"}],"replies":[{"embeddable":true,"href":"https:\/\/wp-lp-dev.simetrik.com\/es\/wp-json\/wp\/v2\/comments?post=2263"}],"version-history":[{"count":2,"href":"https:\/\/wp-lp-dev.simetrik.com\/es\/wp-json\/wp\/v2\/pages\/2263\/revisions"}],"predecessor-version":[{"id":2616,"href":"https:\/\/wp-lp-dev.simetrik.com\/es\/wp-json\/wp\/v2\/pages\/2263\/revisions\/2616"}],"wp:attachment":[{"href":"https:\/\/wp-lp-dev.simetrik.com\/es\/wp-json\/wp\/v2\/media?parent=2263"}],"curies":[{"name":"wp","href":"https:\/\/api.w.org\/{rel}","templated":true}]}}