{"id":2260,"date":"2025-08-13T22:02:26","date_gmt":"2025-08-13T22:02:26","guid":{"rendered":"https:\/\/wp-lp-dev.simetrik.com\/legal\/usage-policy-simetrik-assistant-ai\/"},"modified":"2025-08-17T11:48:54","modified_gmt":"2025-08-17T11:48:54","slug":"usage-policy-simetrik-assistant-ai","status":"publish","type":"page","link":"https:\/\/wp-lp-dev.simetrik.com\/es\/legal\/usage-policy-simetrik-assistant-ai\/","title":{"rendered":"Pol\u00edtica de uso Simetrik Assistant AI"},"content":{"rendered":"\n<p>Simetrik Assistant AI marca el primer paso en el uso de la inteligencia artificial generativa para facilitar a\u00fan m\u00e1s las tareas diarias de los usuarios de Simetrik. Gracias a la tecnolog\u00eda de IA como GPT-3.5, esta nueva funcionalidad se encuentra en etapa Beta y ofrece caracter\u00edsticas tales como:<\/p>\n\n\n\n<p><strong>(i) Asistencia en documentaci\u00f3n:<\/strong>\u00a0\u00bfAtascado con una funci\u00f3n de la aplicaci\u00f3n? Obt\u00e9n ayuda de forma r\u00e1pida y f\u00e1cil a trav\u00e9s de las gu\u00edas de Simetrik Academy y;<\/p>\n\n\n\n<p><strong>(ii) An\u00e1lisis de Datos:<\/strong>\u00a0\u00bfQuieres saber m\u00e1s sobre tus datos financieros? Obt\u00e9n respuestas y an\u00e1lisis de datos de manera inmediata.<\/p>\n\n\n\n<p><strong>(iii) Asistencia con f\u00f3rmulas:\u00a0<\/strong>\u00bfNecesitas ayuda para usar una f\u00f3rmula de transformaci\u00f3n en Simetrik? Simetrik Assistant te colabora.\u200d<\/p>\n\n\n\n<p>Simetrik Assistant est\u00e1 aqu\u00ed para atraer a nuevos usuarios, ayudar a los usuarios actuales a trabajar de manera m\u00e1s inteligente y para mejorar la colaboraci\u00f3n en equipo.<\/p>\n\n\n\n<p>Ning\u00fan uso de Simetrik Assistant AI podr\u00e1 infringir leyes, regulaciones, los\u00a0<a href=\"https:\/\/simetrik.com\/es\/legal\/terminos-y-condiciones\">T\u00e9rminos y Condiciones de Simetrik<\/a>, ni violar los derechos de terceros. El usuario es completamente responsable del uso de Simetrik Assistant AI y del contenido generado a trav\u00e9s de \u00e9l. El usuario podr\u00e1 proporcionar o hacer disponibles datos a Simetrik Assistant AI mediante diferentes medios, como frases, preguntas, entre otros\u00a0<strong>(\u00abInsumo\u00bb)<\/strong>, y recibir respuestas generadas por Simetrik Assistant AI que contendr\u00e1n una respuesta sobre el Insumo que el usuario ha realizado\u00a0<strong>(\u00abResultado\u00bb)<\/strong>.<\/p>\n\n\n\n<p>El usuario reconoce y acepta que, debido a la naturaleza de la IA y su aprendizaje autom\u00e1tico continuo, otros clientes y\/o usuarios pueden usar Simetrik Assistant IA de manera que genere Resultados id\u00e9nticos o similares, dado que la IA se alimenta de la misma informaci\u00f3n. Simetrik no hace representaciones ni garant\u00edas con respecto a los Resultados, incluida la propiedad de los mismos.<\/p>\n\n\n\n<p><strong><strong>CUALQUIER PERSONA QUE NO ACEPTE ESTOS T\u00c9RMINOS Y CONDICIONES GENERALES, QUE SON OBLIGATORIOS Y VINCULANTES, DEBE ABSTENERSE DE UTILIZAR EL SITIO Y\/O LOS SERVICIOS OFRECIDOS POR LA HERRAMIENTA.<\/strong><\/strong><\/p>\n\n\n\n<p><strong><strong>TEN EN CUENTA QUE SI NO ACEPTAS LAS CONDICIONES, NO SE OTORGAR\u00c1 ACCESO A LOS SERVICIOS Y HERRAMIENTAS DE SIMETRIK. EL USUARIO ACEPTA QUE SIMETRIK SE RESERVA EL DERECHO DE PUBLICAR, REVISAR Y ELIMINAR CUALQUIER CONTENIDO O INCLUSO DESHABILITAR LAS CUENTAS DE USUARIOS QUE VIOLAN NUESTROS T\u00c9RMINOS Y CONDICIONES A SU \u00daNICA DISCRECI\u00d3N.<\/strong><\/strong><\/p>\n\n\n\n<h3 class=\"wp-block-heading\">FUNCIONALIDAD<\/h3>\n\n\n\n<p>Simetrik Assistant es un asistente virtual basado en Inteligencia Artificial que permite mantener conversaciones sobre temas relacionados con Simetrik. Puede ofrecer ayuda en el uso general de la aplicaci\u00f3n, consultas de datos dentro del Espacio de Trabajo en el que se encuentra el usuario, sugerencias en el uso de f\u00f3rmulas de transformaci\u00f3n, entre otras. Simetrik Assistant AI utiliza metadatos del sistema y contenido del Centro de Ayuda para elaborar respuestas a las preguntas de los usuarios. Esto implica la combinaci\u00f3n de diversas tecnolog\u00edas como bases de datos vectoriales, sistemas de recuperaci\u00f3n y modelos de aprendizaje autom\u00e1tico para organizar y clasificar la informaci\u00f3n. Para dotar a las respuestas con un nivel adicional de refinamiento, se emplea un Modelo de Lenguaje Grande (LLM) como GPT-3.5 de OpenAI para comunicarse.<\/p>\n\n\n\n<h3 class=\"wp-block-heading\">MODO DE FUNCIONAMIENTO<\/h3>\n\n\n\n<h4 class=\"wp-block-heading\">Uso de datos por parte de Simetrik:<\/h4>\n\n\n\n<ol class=\"wp-block-list\">\n<li><strong>Monitoreo:<\/strong>\u00a0Simetrik puede monitorear tus Insumos y\/o Resultados con el fin de vigilar y\/o prevenir y\/o depurar usos abusivos, ilegales, perjudiciales o no autorizados.<\/li>\n\n\n\n<li><strong>Improving and Developing:<\/strong>\u00a0No obstante cualquier cosa en contrario en cualquier acuerdo aplicable entre tu empresa y Simetrik, Simetrik Assistant IA puede recopilar y utilizar datos de tu interacci\u00f3n, incluidos Insumos y\/o Resultados, con el fin de:\u00a0<strong>(i)<\/strong>\u00a0mejorar y desarrollar la IA y;<strong>\u00a0(ii)\u00a0<\/strong>proporcionar a los usuarios nuevas funcionalidades.<\/li>\n<\/ol>\n\n\n\n<h3 class=\"wp-block-heading\">INFORMACI\u00d3N REQUERIDA<\/h3>\n\n\n\n<p>Simetrik Assistant utiliza las siguientes fuentes de informaci\u00f3n para generar sus respuestas:<\/p>\n\n\n\n<ul class=\"wp-block-list\">\n<li>Contenidodel Help Center<\/li>\n\n\n\n<li>Documentos generados por Simetrik sobre mejores pr\u00e1cticas y gu\u00edas de implementaci\u00f3n<\/li>\n\n\n\n<li>Definiciones de producto<\/li>\n\n\n\n<li>Informaci\u00f3n externa, disponible en la web, sobre conceptos generales de la industria,<\/li>\n<\/ul>\n\n\n\n<p>Adem\u00e1s, utiliza informaci\u00f3n contextual, que incluye, entre otros:<\/p>\n\n\n\n<ul class=\"wp-block-list\">\n<li>El nombre de usuario y el nombre de la empresa asociada<\/li>\n\n\n\n<li>Esquemas de tablas, que abarcan nombres de columnas y tipos de datos<\/li>\n\n\n\n<li>Ejemplos de columnas, generalmente de 1 a 3 ejemplos de datos por columna<\/li>\n\n\n\n<li>Descripciones y etiquetas de casos de uso para conciliaciones<\/li>\n\n\n\n<li>Preferencias del sistema, como configuraciones de idioma y columnas visibles<\/li>\n\n\n\n<li>Otros detalles contextuales, como el estado de conciliaci\u00f3n, la \u00faltima hora de ejecuci\u00f3n, entre otros.<\/li>\n<\/ul>\n\n\n\n<p>Toda la informaci\u00f3n que requerimos se recopila y trata de acuerdo con la\u00a0<a href=\"https:\/\/simetrik.com\/es\/legal\/politica-de-tratamiento-de-datos-personales\">Pol\u00edtica de Tratamiento de Datos de Simetrik<\/a>\u00a0y la\u00a0<a href=\"https:\/\/simetrik.com\/es\/legal\/politica-de-seguridad-y-privacidad-de-la-informacion\">Pol\u00edtica General de Seguridad de la Informaci\u00f3n, Ciberseguridad y Privacidad de Simetrik.<\/a><\/p>\n\n\n\n<h3 class=\"wp-block-heading\">LIMITACIONES CONOCIDAS<\/h3>\n\n\n\n<h4 class=\"wp-block-heading\">1. Limitaciones Generales<\/h4>\n\n\n\n<p>Al igual que cualquier sistema basado en Modelos de Lenguaje Grande (LLM), Simetrik Assistant AI hereda las limitaciones de su tecnolog\u00eda subyacente, en este caso, GPT-3.5. Las \u00e1reas clave a considerar incluyen:<\/p>\n\n\n\n<ul class=\"wp-block-list\">\n<li><strong>Posibles Alucinaciones:<\/strong>\u00a0El sistema puede producir respuestas que suenan plausibles pero son incorrectas o sin sentido.<\/li>\n\n\n\n<li><strong>Prejuicios y Preocupaciones \u00c9ticas:\u00a0<\/strong>El sistema puede mostrar comportamiento sesgado o producir respuestas que son poco \u00e9ticas o inmorales.<\/li>\n\n\n\n<li><strong>Comprensi\u00f3n Contextual:\u00a0<\/strong>Aunque es competente en el procesamiento de texto, el modelo carece de una comprensi\u00f3n humana del contexto, lo que podr\u00eda resultar en respuestas inapropiadas o sin sentido.<\/li>\n<\/ul>\n\n\n\n<h4 class=\"wp-block-heading\">2. Limitaciones espec\u00edficas<\/h4>\n\n\n\n<p>Adem\u00e1s de lo anterior, las siguientes limitaciones son espec\u00edficas del Simetrik Assistant:<\/p>\n\n\n\n<ul class=\"wp-block-list\">\n<li><strong>Disponibilidad de Contenido:<\/strong>\u00a0Las capacidades del modelo est\u00e1n limitadas por el contenido en Simetrik Academy y los metadatos disponibles. Limitaciones en estos recursos podr\u00edan llevar a respuestas insatisfactorias.<\/li>\n\n\n\n<li><strong>Sensibilidad a la Entrada:<\/strong>\u00a0La capacidad del modelo para responder puede variar seg\u00fan la redacci\u00f3n de una pregunta. Un ligero cambio en la redacci\u00f3n podr\u00eda convertir un \u00abno s\u00e9\u00bb en una respuesta correcta.<\/li>\n\n\n\n<li><strong>Restricciones de B\u00fasqueda Sem\u00e1ntica:<\/strong>\u00a0La efectividad de la b\u00fasqueda sem\u00e1ntica est\u00e1 influenciada por la calidad y estructura de los datos en la base de conocimientos.<\/li>\n\n\n\n<li><strong>Generaci\u00f3n de Consultas SQL:<\/strong>\u00a0El sistema intenta construir consultas SQL basadas en metadatos existentes y datos de muestra. Puede tener dificultades con consultas complejas que requieren funcionalidades avanzadas de SQL.<\/li>\n\n\n\n<li><strong>Contexto de Usuario y Empresa:\u00a0<\/strong>El sistema utiliza datos contextuales como nombres de usuario y nombres de empresas, pero carece de una comprensi\u00f3n matizada de las relaciones o jerarqu\u00edas internas de la empresa, lo que podr\u00eda afectar la relevancia de sus resultados.<\/li>\n<\/ul>\n\n\n\n<h3 class=\"wp-block-heading\">ASUNTOS GENERALES<\/h3>\n\n\n\n<ol class=\"wp-block-list\">\n<li><strong>T\u00e9rminos Gobernantes.<\/strong>\u00a0Aceptas y reconoces que (i) has le\u00eddo, comprendido y aceptado esta Pol\u00edtica de Uso Simetrik Assistant AI; (ii) no est\u00e1s basando tu decisi\u00f3n en ninguna representaci\u00f3n o declaraci\u00f3n que no est\u00e9 expresamente establecida en esta Pol\u00edtica de Uso Simetrik Assistant AI; (iii) est\u00e1s autorizado como usuario de tu empresa para aceptar estos t\u00e9rminos y condiciones en nombre de tu organizaci\u00f3n o en tu propio nombre, seg\u00fan corresponda; y (iv) en caso de cualquier contradicci\u00f3n entre la Pol\u00edtica de Uso Simetrik Assistant AI y los\u00a0<a href=\"https:\/\/simetrik.com\/es\/legal\/terminos-y-condiciones\">T\u00e9rminos y Condiciones de Simetrik<\/a>\u00a0con respecto al uso de la IA, los t\u00e9rminos prevalecer\u00e1n.<\/li>\n\n\n\n<li><strong>Existencia de Acuerdos Anteriores.<\/strong>\u00a0En el caso de que t\u00fa y\/o tu organizaci\u00f3n hayan celebrado un acuerdo para la provisi\u00f3n de los Servicios de Simetrik, dicho acuerdo no tendr\u00e1 efecto con respecto a Simetrik Assistant AI. Declaras conocer que el servicio de IA no afecta al servicio de Simetrik contratado por tu organizaci\u00f3n; la IA es una funcionalidad adicional que el usuario no est\u00e1 obligado a utilizar.<\/li>\n\n\n\n<li><strong>Servicios de Terceros.<\/strong>\u00a0Simetrik Assistant AI puede permitirte utilizar Servicios de Terceros que proporcionan funcionalidades de IA. De acuerdo con nuestros\u00a0<a href=\"https:\/\/simetrik.com\/es\/legal\/terminos-y-condiciones\">T\u00e9rminos y Condiciones de Simetrik<\/a>,\u00a0<a href=\"https:\/\/simetrik.com\/es\/legal\/politica-de-tratamiento-de-datos-personales\">Pol\u00edtica de Tratamiento de Datos de Simetrik<\/a>\u00a0y la<a href=\"https:\/\/simetrik.com\/es\/legal\/politica-de-seguridad-y-privacidad-de-la-informacion\">\u00a0Pol\u00edtica General de Seguridad de la Informaci\u00f3n, Ciberseguridad y Privacidad de Simetrik<\/a>. El uso de dichos Servicios de Terceros estar\u00e1 sujeto a los t\u00e9rminos de dichos Servicios de Terceros.<\/li>\n\n\n\n<li><strong>Subprocesador Adicional.<\/strong>\u00a0Reconoces y aceptas que Simetrik Assistant AI utilizar\u00e1 Subprocesadores para el funcionamiento de Simetrik Assistant AI. Las relaciones con estos Subprocesadores se rigen por los\u00a0<a href=\"https:\/\/simetrik.com\/es\/legal\/terminos-y-condiciones\">T\u00e9rminos y Condiciones de Simetrik<\/a>, la\u00a0<a href=\"https:\/\/simetrik.com\/es\/legal\/politica-de-tratamiento-de-datos-personales\">Pol\u00edtica de Procesamiento de Datos de Simetrik<\/a>\u00a0y la\u00a0<a href=\"https:\/\/simetrik.com\/es\/legal\/politica-de-seguridad-y-privacidad-de-la-informacion\">Pol\u00edtica General de Seguridad de la Informaci\u00f3n, Ciberseguridad y Privacidad de Simetrik<\/a>.<\/li>\n\n\n\n<li><strong>Indemnizaci\u00f3n.\u00a0<\/strong>Nuestra obligaci\u00f3n de indemnizaci\u00f3n est\u00e1 regulada por los\u00a0<a href=\"https:\/\/simetrik.com\/es\/legal\/terminos-y-condiciones\">T\u00e9rminos y Condiciones de Simetrik<\/a>.<\/li>\n\n\n\n<li><strong>Renuncia de Garant\u00edas.<\/strong>\u00a0SIMETRIK ASSISTANT AI O CUALQUIER SIMETRIK AI RENUNCIA A TODAS LAS GARANT\u00cdAS Y REPRESENTACIONES CON RESPECTO A LA IA, SUS CARACTER\u00cdSTICAS, FUNCIONALIDADES, RESULTADOS Y\/O LOS RESULTADOS QUE SE PUEDAN OBTENER DEL USO DE SIMETRIK ASSISTANT AI Y\/O DEL RESULTADO. EL USO DE SIMETRIK ASSISTANT AI O CUALQUIER SIMETRIK AI Y\/O RESULTADO SE REALIZA BAJO SU PROPIO RIESGO. SIMETRIK ASSISTANT AI O CUALQUIER SIMETRIK AI SE PROPORCIONA \u00abTAL CUAL\u00bb, \u00abCON TODOS SUS DEFECTOS\u00bb Y \u00abSEG\u00daN DISPONIBILIDAD\u00bb, SIN NINGUNA GARANT\u00cdA, EXPRESA O IMPL\u00cdCITA, Y SIMETRIK ASSISTANT AI O CUALQUIER SIMETRIK AI RENUNCIA EXPRESAMENTE A TODAS DICHAS GARANT\u00cdAS O REPRESENTACIONES, INCLUYENDO, PERO NO LIMITADO A, CUALQUIER GARANT\u00cdA O REPRESENTACI\u00d3N IMPL\u00cdCITA DE COMERCIABILIDAD, IDONEIDAD PARA UN PROP\u00d3SITO PARTICULAR, EXACTITUD, CALIDAD, INTEGRIDAD, NO INFRACCI\u00d3N, CONFIABILIDAD, DISPONIBILIDAD Y RENDIMIENTO. SIMETRIK ASSISTANT AI O CUALQUIER SIMETRIK AI NO GARANTIZA NI REPRESENTA QUE SIMETRIK ASSISTANT AI Y\/O EL RESULTADO SER\u00c1N ININTERRUMPIDOS, LIBRES DE ERRORES O DEFECTOS, NO OFENSIVOS, NO INFRACTORES, NO DA\u00d1INOS, EXACTOS, LEGALES O APROPIADOS.Los usuarios son responsables de evaluar cr\u00edticamente las respuestas proporcionadas por Simetrik Assistant AI y de verificar la informaci\u00f3n cuando sea necesario. Simetrik Assistant AI no debe usarse como sustituto de asesoramiento profesional ni como fuente definitiva de informaci\u00f3n en situaciones cr\u00edticas o que requieran precisi\u00f3n absoluta.<\/li>\n\n\n\n<li><strong>LIMITACI\u00d3N DE RESPONSABILIDAD.<\/strong>\u00a0EN NING\u00daN CASO SIMETRIK, SUS AFILIADOS Y PROVEEDORES DE TERCEROS SER\u00c1N RESPONSABLES DE: (I) CUALQUIER DA\u00d1O INDIRECTO, EJEMPLAR, ESPECIAL, CONSECUENTE, INCIDENTAL O PUNITIVO; (II) CUALQUIER P\u00c9RDIDA DE GANANCIAS, COSTOS, NEGOCIO O AHORROS PREVISTOS; (III) CUALQUIER P\u00c9RDIDA O DA\u00d1O A DATOS, PROPIEDAD INTELECTUAL, REPUTACI\u00d3N, INGRESOS O BUENA VOLUNTAD; (IV) EL FRACASO DE MEDIDAS Y PROTECCIONES DE SEGURIDAD; Y\/O (V) EL COSTO DE ADQUIRIR CUALQUIER BIEN O SERVICIO SUSTITUTO. LAS EXCLUSIONES Y LIMITACIONES DE RESPONSABILIDAD ANTERIORES ESTABLECIDAS EN ESTA POL\u00cdTICA DE USO DE SIMETRIK ASSISTANT SE APLICAR\u00c1N: (I) INCLUSO SI SIMETRIK, SUS AFILIADOS O PROVEEDORES DE TERCEROS HAN SIDO ASESORADOS O DEBIERAN HABER ESTADO CONSCIENTES DE LA POSIBILIDAD DE P\u00c9RDIDAS O DA\u00d1OS; (II) INCLUSO SI CUALQUIER REMEDIO EN ESTOS T\u00c9RMINOS NO CUMPLE CON SU PROP\u00d3SITO ESENCIAL; Y (III) INDEPENDIENTEMENTE DE LA TEOR\u00cdA O BASE DE RESPONSABILIDAD (TALES COMO, PERO NO LIMITADO A, INCUMPLIMIENTO DE CONTRATO O AGRAVIO). EN CUALQUIER CASO, LA RESPONSABILIDAD TOTAL AGREGADA DE SIMETRIK POR TODOS LOS DA\u00d1OS Y P\u00c9RDIDAS BAJO ESTOS T\u00c9RMINOS DEPOL\u00cdTICA DE USO DESIMETRIK ASSISTANT NO EXCEDER\u00c1 CIEN D\u00d3LARES.<\/li>\n\n\n\n<li><strong>T\u00e9rmino y Terminaci\u00f3n.<\/strong>\u00a0Puedes acceder y utilizar Simetrik Assistant AI sujeto a tu cumplimiento con esta Pol\u00edtica. Simetrik puede modificar esta Pol\u00edtica de Uso Simetrik Assistant AI, dar por terminada la misma, o cualquier parte de ella, a su sola discreci\u00f3n y sin responsabilidad hacia ti. Puedes dejar de usar Simetrik Assistant AI en cualquier momento sin costo alguno.<\/li>\n\n\n\n<li><strong>Precios.<\/strong>\u00a0Actualmente, Simetrik Assistant AI se ofrece de forma gratuita y puede estar sujeto a tarifas en el futuro.<\/li>\n<\/ol>\n\n\n\n<p>Esta pol\u00edtica fue creada el 15 de abril de 2024.<\/p>\n\n\n\n<p><strong>Santiago G\u00f3mez Gonz\u00e1lez<\/strong><\/p>\n\n\n\n<p>Representante legal<\/p>\n\n\n\n<p><\/p>\n","protected":false},"excerpt":{"rendered":"<p>Simetrik Assistant AI marca el primer paso en el uso de la inteligencia artificial generativa para facilitar a\u00fan m\u00e1s las tareas diarias de los usuarios de Simetrik. Gracias a la tecnolog\u00eda de IA como GPT-3.5, esta nueva funcionalidad se encuentra en etapa Beta y ofrece caracter\u00edsticas tales como: (i) Asistencia en documentaci\u00f3n:\u00a0\u00bfAtascado con una funci\u00f3n<a class=\"excerpt-read-more\" href=\"https:\/\/wp-lp-dev.simetrik.com\/es\/legal\/usage-policy-simetrik-assistant-ai\/\" title=\"ReadPol\u00edtica de uso Simetrik Assistant AI\">&#8230; Read more &raquo;<\/a><\/p>\n","protected":false},"author":4,"featured_media":0,"parent":2158,"menu_order":0,"comment_status":"closed","ping_status":"closed","template":"","meta":{"_acf_changed":true,"inline_featured_image":false,"footnotes":""},"class_list":["post-2260","page","type-page","status-publish","hentry"],"acf":[],"yoast_head":"<!-- This site is optimized with the Yoast SEO plugin v25.7 - https:\/\/yoast.com\/wordpress\/plugins\/seo\/ -->\n<title>Pol\u00edtica de uso Simetrik Assistant AI - Simetrik<\/title>\n<meta name=\"robots\" content=\"index, follow, max-snippet:-1, max-image-preview:large, max-video-preview:-1\" \/>\n<link rel=\"canonical\" href=\"https:\/\/wp-lp-dev.simetrik.com\/es\/legal\/usage-policy-simetrik-assistant-ai\/\" \/>\n<meta property=\"og:locale\" content=\"es_ES\" \/>\n<meta property=\"og:type\" content=\"article\" \/>\n<meta property=\"og:title\" content=\"Pol\u00edtica de uso Simetrik Assistant AI - Simetrik\" \/>\n<meta property=\"og:description\" content=\"Simetrik Assistant AI marca el primer paso en el uso de la inteligencia artificial generativa para facilitar a\u00fan m\u00e1s las tareas diarias de los usuarios de Simetrik. Gracias a la tecnolog\u00eda de IA como GPT-3.5, esta nueva funcionalidad se encuentra en etapa Beta y ofrece caracter\u00edsticas tales como: (i) Asistencia en documentaci\u00f3n:\u00a0\u00bfAtascado con una funci\u00f3n... Read more &raquo;\" \/>\n<meta property=\"og:url\" content=\"https:\/\/wp-lp-dev.simetrik.com\/es\/legal\/usage-policy-simetrik-assistant-ai\/\" \/>\n<meta property=\"og:site_name\" content=\"Simetrik\" \/>\n<meta property=\"article:modified_time\" content=\"2025-08-17T11:48:54+00:00\" \/>\n<meta name=\"twitter:card\" content=\"summary_large_image\" \/>\n<meta name=\"twitter:label1\" content=\"Tiempo de lectura\" \/>\n\t<meta name=\"twitter:data1\" content=\"8 minutos\" \/>\n<script type=\"application\/ld+json\" class=\"yoast-schema-graph\">{\"@context\":\"https:\/\/schema.org\",\"@graph\":[{\"@type\":\"WebPage\",\"@id\":\"https:\/\/wp-lp-dev.simetrik.com\/es\/legal\/usage-policy-simetrik-assistant-ai\/\",\"url\":\"https:\/\/wp-lp-dev.simetrik.com\/es\/legal\/usage-policy-simetrik-assistant-ai\/\",\"name\":\"Pol\u00edtica de uso Simetrik Assistant AI - Simetrik\",\"isPartOf\":{\"@id\":\"https:\/\/wp-lp-dev.simetrik.com\/es\/#website\"},\"datePublished\":\"2025-08-13T22:02:26+00:00\",\"dateModified\":\"2025-08-17T11:48:54+00:00\",\"breadcrumb\":{\"@id\":\"https:\/\/wp-lp-dev.simetrik.com\/es\/legal\/usage-policy-simetrik-assistant-ai\/#breadcrumb\"},\"inLanguage\":\"es\",\"potentialAction\":[{\"@type\":\"ReadAction\",\"target\":[\"https:\/\/wp-lp-dev.simetrik.com\/es\/legal\/usage-policy-simetrik-assistant-ai\/\"]}]},{\"@type\":\"BreadcrumbList\",\"@id\":\"https:\/\/wp-lp-dev.simetrik.com\/es\/legal\/usage-policy-simetrik-assistant-ai\/#breadcrumb\",\"itemListElement\":[{\"@type\":\"ListItem\",\"position\":1,\"name\":\"Home\",\"item\":\"https:\/\/wp-lp-dev.simetrik.com\/es\/\"},{\"@type\":\"ListItem\",\"position\":2,\"name\":\"Legal\",\"item\":\"https:\/\/wp-lp-dev.simetrik.com\/es\/legal\/\"},{\"@type\":\"ListItem\",\"position\":3,\"name\":\"Pol\u00edtica de uso Simetrik Assistant AI\"}]},{\"@type\":\"WebSite\",\"@id\":\"https:\/\/wp-lp-dev.simetrik.com\/es\/#website\",\"url\":\"https:\/\/wp-lp-dev.simetrik.com\/es\/\",\"name\":\"Simetrik\",\"description\":\"\",\"potentialAction\":[{\"@type\":\"SearchAction\",\"target\":{\"@type\":\"EntryPoint\",\"urlTemplate\":\"https:\/\/wp-lp-dev.simetrik.com\/es\/?s={search_term_string}\"},\"query-input\":{\"@type\":\"PropertyValueSpecification\",\"valueRequired\":true,\"valueName\":\"search_term_string\"}}],\"inLanguage\":\"es\"}]}<\/script>\n<!-- \/ Yoast SEO plugin. -->","yoast_head_json":{"title":"Pol\u00edtica de uso Simetrik Assistant AI - Simetrik","robots":{"index":"index","follow":"follow","max-snippet":"max-snippet:-1","max-image-preview":"max-image-preview:large","max-video-preview":"max-video-preview:-1"},"canonical":"https:\/\/wp-lp-dev.simetrik.com\/es\/legal\/usage-policy-simetrik-assistant-ai\/","og_locale":"es_ES","og_type":"article","og_title":"Pol\u00edtica de uso Simetrik Assistant AI - Simetrik","og_description":"Simetrik Assistant AI marca el primer paso en el uso de la inteligencia artificial generativa para facilitar a\u00fan m\u00e1s las tareas diarias de los usuarios de Simetrik. Gracias a la tecnolog\u00eda de IA como GPT-3.5, esta nueva funcionalidad se encuentra en etapa Beta y ofrece caracter\u00edsticas tales como: (i) Asistencia en documentaci\u00f3n:\u00a0\u00bfAtascado con una funci\u00f3n... Read more &raquo;","og_url":"https:\/\/wp-lp-dev.simetrik.com\/es\/legal\/usage-policy-simetrik-assistant-ai\/","og_site_name":"Simetrik","article_modified_time":"2025-08-17T11:48:54+00:00","twitter_card":"summary_large_image","twitter_misc":{"Tiempo de lectura":"8 minutos"},"schema":{"@context":"https:\/\/schema.org","@graph":[{"@type":"WebPage","@id":"https:\/\/wp-lp-dev.simetrik.com\/es\/legal\/usage-policy-simetrik-assistant-ai\/","url":"https:\/\/wp-lp-dev.simetrik.com\/es\/legal\/usage-policy-simetrik-assistant-ai\/","name":"Pol\u00edtica de uso Simetrik Assistant AI - Simetrik","isPartOf":{"@id":"https:\/\/wp-lp-dev.simetrik.com\/es\/#website"},"datePublished":"2025-08-13T22:02:26+00:00","dateModified":"2025-08-17T11:48:54+00:00","breadcrumb":{"@id":"https:\/\/wp-lp-dev.simetrik.com\/es\/legal\/usage-policy-simetrik-assistant-ai\/#breadcrumb"},"inLanguage":"es","potentialAction":[{"@type":"ReadAction","target":["https:\/\/wp-lp-dev.simetrik.com\/es\/legal\/usage-policy-simetrik-assistant-ai\/"]}]},{"@type":"BreadcrumbList","@id":"https:\/\/wp-lp-dev.simetrik.com\/es\/legal\/usage-policy-simetrik-assistant-ai\/#breadcrumb","itemListElement":[{"@type":"ListItem","position":1,"name":"Home","item":"https:\/\/wp-lp-dev.simetrik.com\/es\/"},{"@type":"ListItem","position":2,"name":"Legal","item":"https:\/\/wp-lp-dev.simetrik.com\/es\/legal\/"},{"@type":"ListItem","position":3,"name":"Pol\u00edtica de uso Simetrik Assistant AI"}]},{"@type":"WebSite","@id":"https:\/\/wp-lp-dev.simetrik.com\/es\/#website","url":"https:\/\/wp-lp-dev.simetrik.com\/es\/","name":"Simetrik","description":"","potentialAction":[{"@type":"SearchAction","target":{"@type":"EntryPoint","urlTemplate":"https:\/\/wp-lp-dev.simetrik.com\/es\/?s={search_term_string}"},"query-input":{"@type":"PropertyValueSpecification","valueRequired":true,"valueName":"search_term_string"}}],"inLanguage":"es"}]}},"_links":{"self":[{"href":"https:\/\/wp-lp-dev.simetrik.com\/es\/wp-json\/wp\/v2\/pages\/2260","targetHints":{"allow":["GET"]}}],"collection":[{"href":"https:\/\/wp-lp-dev.simetrik.com\/es\/wp-json\/wp\/v2\/pages"}],"about":[{"href":"https:\/\/wp-lp-dev.simetrik.com\/es\/wp-json\/wp\/v2\/types\/page"}],"author":[{"embeddable":true,"href":"https:\/\/wp-lp-dev.simetrik.com\/es\/wp-json\/wp\/v2\/users\/4"}],"replies":[{"embeddable":true,"href":"https:\/\/wp-lp-dev.simetrik.com\/es\/wp-json\/wp\/v2\/comments?post=2260"}],"version-history":[{"count":0,"href":"https:\/\/wp-lp-dev.simetrik.com\/es\/wp-json\/wp\/v2\/pages\/2260\/revisions"}],"up":[{"embeddable":true,"href":"https:\/\/wp-lp-dev.simetrik.com\/es\/wp-json\/wp\/v2\/pages\/2158"}],"wp:attachment":[{"href":"https:\/\/wp-lp-dev.simetrik.com\/es\/wp-json\/wp\/v2\/media?parent=2260"}],"curies":[{"name":"wp","href":"https:\/\/api.w.org\/{rel}","templated":true}]}}