{"id":2178,"date":"2025-08-13T21:49:25","date_gmt":"2025-08-13T21:49:25","guid":{"rendered":"https:\/\/wp-lp-dev.simetrik.com\/legal\/code-of-ethics-third-parties\/"},"modified":"2025-08-17T03:49:09","modified_gmt":"2025-08-17T03:49:09","slug":"code-of-ethics-third-parties","status":"publish","type":"page","link":"https:\/\/wp-lp-dev.simetrik.com\/es\/legal\/code-of-ethics-third-parties\/","title":{"rendered":"C\u00f3digo de \u00e9tica &#8211; Terceros"},"content":{"rendered":"\n<h3 class=\"wp-block-heading\">1.INTRODUCCI\u00d3N<\/h3>\n\n\n\n<p>Simetrik INC., sus filiales y subsidiarias (en adelante, \u00abLa Compa\u00f1\u00eda\u00bb), ha desarrollado el presente C\u00f3digo de \u00c9tica con el prop\u00f3sito de fomentar relaciones s\u00f3lidas y \u00e9ticas con todas las personas y entidades con las que interact\u00faa, incluyendo partners, proveedores, contratistas independientes, subcontratistas, clientes, inversionistas, socios comerciales, agentes, entre otros.<\/p>\n\n\n\n<p>Este C\u00f3digo busca garantizar que todas las actividades de La Compa\u00f1\u00eda se realicen bajo principios de transparencia, integridad, respeto, y honestidad promoviendo un comportamiento ejemplar y alineado con nuestros valores \u00e9ticos fundamentales.<\/p>\n\n\n\n<h3 class=\"wp-block-heading\">2. ALCANCE<\/h3>\n\n\n\n<p>El C\u00f3digo de \u00c9tica est\u00e1 dirigido a las personas naturales o jur\u00eddicas que presten sus servicios profesionales, aut\u00f3nomos e independientes a La Compa\u00f1\u00eda, as\u00ed como a todos aquellos terceros que se encuentren vinculadas a trav\u00e9s de una relaci\u00f3n contractual con La Compa\u00f1\u00eda.<\/p>\n\n\n\n<p>Para efectos de este C\u00f3digo, se considerar\u00e1n como \u201cTerceros\u201d a contratistas independientes, proveedores, socios comerciales, subcontratistas, clientes, inversionistas, as\u00ed como a quienes act\u00faen como partners o intermediarios de La Compa\u00f1\u00eda. Todos los Terceros estar\u00e1n obligados a cumplir con las disposiciones de este C\u00f3digo en relaci\u00f3n con sus operaciones realizadas con, para o en representaci\u00f3n de La Compa\u00f1\u00eda.<\/p>\n\n\n\n<p>En consecuencia, los Terceros se comprometen a implementar sistemas y controles efectivos que promuevan el cumplimiento de las leyes aplicables, as\u00ed como una cultura basada en la \u00e9tica, la transparencia y la honestidad en el desarrollo de sus actividades.<\/p>\n\n\n\n<h3 class=\"wp-block-heading\">3. OBJETIVO<\/h3>\n\n\n\n<p>El C\u00f3digo de \u00c9tica establece directrices que los Terceros deben mantener en todo momento para reflejar un comportamiento \u00e9tico que le permita establecer relaciones leg\u00edtimas y productivas con La Compa\u00f1\u00eda, actuando siempre con honradez e integridad en todos sus contactos y relaciones comerciales.<\/p>\n\n\n\n<h3 class=\"wp-block-heading\">4. RESPONSABILIDAD<\/h3>\n\n\n\n<p>La aplicaci\u00f3n del C\u00f3digo de \u00c9tica es responsabilidad de todos los Terceros y, por lo tanto, deber\u00e1n conocer y aceptar el presente documento y aplicarlo en todo momento.<\/p>\n\n\n\n<p>Los Terceros se comprometen a denunciar cualquier operaci\u00f3n o situaci\u00f3n sospechosa que infrinja nuestro C\u00f3digo de \u00c9tica, de acuerdo con las instrucciones y direcciones que se definen aqu\u00ed.<\/p>\n\n\n\n<h3 class=\"wp-block-heading\">5.FUNDAMENTAL PRINCIPLES<\/h3>\n\n\n\n<p>Los Terceros deben estar comprometidos con los m\u00e1s altos est\u00e1ndares de conducta \u00e9tica y pr\u00e1cticas empresariales responsables<\/p>\n\n\n\n<h3 class=\"wp-block-heading\">5.1 Cumplimiento Legal y Normativo<\/h3>\n\n\n\n<p>Respetar todas las leyes, normativas y regulaciones aplicables, incluidas las leyes internacionales sobre comercio, propiedad intelectual, protecci\u00f3n de datos y seguridad de la informaci\u00f3n. Garantizar el cumplimiento de normas anticorrupci\u00f3n, como la Ley de Pr\u00e1cticas Corruptas en el Extranjero (FCPA) y la Ley Antisoborno del Reino Unido (UK Bribary)<\/p>\n\n\n\n<h3 class=\"wp-block-heading\">Transparencia e Integridad<\/h3>\n\n\n\n<p>Actuar con honestidad en todas las interacciones comerciales y proporcionar informaci\u00f3n precisa y veraz en todas las transacciones y procesos relacionados con La Compa\u00f1\u00eda.<\/p>\n\n\n\n<p>Los Terceros no participar\u00e1n en ning\u00fan tipo de apropiaci\u00f3n indebida de informaci\u00f3n confidencial, fijaci\u00f3n de precios, manipulaci\u00f3n de licitaciones o conductas colusorias relacionadas con transacciones que afecten a La Compa\u00f1\u00eda o a cualquier otra persona natural o jur\u00eddica.<\/p>\n\n\n\n<p>La Compa\u00f1\u00eda no tolera las pr\u00e1cticas desleales para competir o ganar negocios. Todas nuestras decisiones de selecci\u00f3n de compra y acciones para realizar una venta se hacen objetivamente, basadas en precio, calidad y otros factores, y esperamos que nuestros clientes y proveedores hagan lo mismo.<\/p>\n\n\n\n<h3 class=\"wp-block-heading\">Conflictos de Intereses<\/h3>\n\n\n\n<p>Todos los Terceros deber\u00e1n revelar los conflictos de intereses, reales o potenciales, para evitar cualquier tipo de riesgo en la relaci\u00f3n comercial con La Compa\u00f1\u00eda.<\/p>\n\n\n\n<h3 class=\"wp-block-heading\">Soborno, Corrupci\u00f3n y Fraude<\/h3>\n\n\n\n<p>La Compa\u00f1\u00eda tiene cero tolerancia con cualquier forma de corrupci\u00f3n, soborno, extorsi\u00f3n y\/o malversaci\u00f3n y no realizar\u00e1 ning\u00fan tipo de negocios con Terceros que est\u00e9n involucrados en tales actividades. Los Terceros deber\u00e1n tener una pol\u00edtica anticorrupci\u00f3n o equivalente que proh\u00edba cualquier forma de soborno y\/o corrupci\u00f3n dentro de su organizaci\u00f3n y con terceros, incluyendo pagos de facilitaci\u00f3n.<\/p>\n\n\n\n<p>La Compa\u00f1\u00eda comprometida con la transparencia y la legalidad, ha establecido controles dise\u00f1ados para asegurar el registro adecuado de libros, registros y cuentas, entre otros controles, con el fin de garantizar que no puedan utilizarse para fines de fraude, corrupci\u00f3n y\/o soborno, as\u00ed como tambi\u00e9n ha implementado mecanismos de reporte como lo es el canal de denuncias o l\u00ednea \u00e9tica.<\/p>\n\n\n\n<h3 class=\"wp-block-heading\">Lavado de Activos y Financiaci\u00f3n del Terrorismo<\/h3>\n\n\n\n<p>Los Terceros deber\u00e1n cumplir con todas las leyes y regulaciones aplicables contra el lavado de dinero y la financiaci\u00f3n del terrorismo y deber\u00e1n asegurarse de no participar o facilitar estas actividades il\u00edcitas.<\/p>\n\n\n\n<h3 class=\"wp-block-heading\">Regalos y Atenciones<\/h3>\n\n\n\n<p>La Compa\u00f1\u00eda proh\u00edbe prometer, dar, pedir, aceptar o recibir regalos que no sean art\u00edculos promocionales o de marca de valor nominal. Los terceros i) no podr\u00e1n proporcionar regalos en relaci\u00f3n con sus tratos comerciales con clientes y funcionarios del gobierno; ii) no podr\u00e1n proporcionar ninguna hospitalidad a funcionarios del gobierno, o a personas privadas con la intenci\u00f3n de influenciarlos indebidamente, o cuando la atenci\u00f3n pueda percibirse como que influye indebidamente o crea una obligaci\u00f3n.<\/p>\n\n\n\n<h3 class=\"wp-block-heading\">Libros y controles internos<\/h3>\n\n\n\n<p>Los Terceros deber\u00e1n mantener sus libros y registros contables de forma que, con el suficiente nivel de detalle, reflejen una imagen fiel de las transacciones con La Compa\u00f1\u00eda, as\u00ed como ser capaces de facilitar previa solicitud, el acceso a dichos registros. Igualmente se comprometen a tener sistemas de control interno y contables que proporcionen el adecuado nivel de seguimiento.<\/p>\n\n\n\n<h3 class=\"wp-block-heading\">5.2. Respeto a los derechos humanos, normas laborales y medio ambiente<\/h3>\n\n\n\n<p>La Compa\u00f1\u00eda al igual que los Terceros est\u00e1n comprometidos con la defensa, respeto y protecci\u00f3n de los derechos laborales b\u00e1sicos, y de los derechos humanos y libertades p\u00fablicas reconocidas en la Declaraci\u00f3n Universal de Derechos Humanos, y muestra su apoyo a los diez principios contenidos en el Pacto Mundial de Naciones Unidas (Global Compact).<\/p>\n\n\n\n<p>Todos los Terceros deben respetar la protecci\u00f3n de los derechos humanos fundamentales, reconocidos internacionalmente, dentro de su \u00e1mbito de influencia y asegurarse de que sus empresas no son c\u00f3mplices en la vulneraci\u00f3n de los derechos humanos. Adem\u00e1s de promover unas relaciones basadas en el respeto por los dem\u00e1s, el respeto por su dignidad, la participaci\u00f3n y la colaboraci\u00f3n, propiciando un ambiente laboral basado en el respeto. Aspectos como el acoso, el abuso o la intimidaci\u00f3n, son inaceptables y no deber\u00e1n ser toleradas.<\/p>\n\n\n\n<h3 class=\"wp-block-heading\">Normas laborales<\/h3>\n\n\n\n<p>Al igual que La Compa\u00f1\u00eda, los Terceros deben garantizar la libertad de afiliaci\u00f3n y el reconocimiento efectivo del derecho a la negociaci\u00f3n colectiva; la eliminaci\u00f3n de toda forma de trabajo forzoso o realizado bajo coacci\u00f3n; la prohibici\u00f3n del trabajo infantil y de pr\u00e1cticas de discriminaci\u00f3n en el empleo y la ocupaci\u00f3n.<\/p>\n\n\n\n<p>La Compa\u00f1\u00eda no admite el trabajo infantil, no recurrir\u00e1 al trabajo infantil ni incorporar\u00e1 a su actividad empresarial ning\u00fan producto o servicio procedente del mismo en ninguno de los pa\u00edses en los que act\u00fae y velar\u00e1 por el cumplimiento de las disposiciones de la Organizaci\u00f3n Internacional del Trabajo (OIT) en relaci\u00f3n con el trabajo de menores de edad.<\/p>\n\n\n\n<h3 class=\"wp-block-heading\">Igualdad de Oportunidades: Diversidad, inclusi\u00f3n y no discriminaci\u00f3n<\/h3>\n\n\n\n<p>La Compa\u00f1\u00eda y Los Terceros deben proporcionar las mismas oportunidades para acceder al trabajo y se comprometen a promover la promoci\u00f3n profesional con igualdad, asegurando la no discriminaci\u00f3n por razones de sexo, origen, raza, estado civil o condici\u00f3n social.<\/p>\n\n\n\n<p>Los Terceros deben establecer principios y lineamientos que aseguren una cultura organizacional diversa, equitativa, incluyente y respetuosa, que valore las diferencias al interior de su organizaci\u00f3n. La Compa\u00f1\u00eda cuenta con su pol\u00edtica corporativa de Diversidad, Inclusi\u00f3n y No Discriminaci\u00f3n.<\/p>\n\n\n\n<h3 class=\"wp-block-heading\">Medio ambiente<\/h3>\n\n\n\n<p>Third Parties shall actively and responsibly contribute to environmental conservation by complying with legal requirements and minimizing the environmental impact of their activities. They should strive to reduce adverse environmental effects throughout the product\/service lifecycle and comply with relevant legislation and international standards.<\/p>\n\n\n\n<h3 class=\"wp-block-heading\">5.3. Company Protection, Information Security, and Confidentiality<\/h3>\n\n\n\n<p>Los Terceros se comprometer\u00e1n de manera activa y responsable con la conservaci\u00f3n del medio ambiente, respetando la legalidad, y siguiendo las recomendaciones de La Compa\u00f1\u00eda si las hubiera para reducir el impacto ambiental de sus actividades.<\/p>\n\n\n\n<p>Los Terceros que se relacionen con La Compa\u00f1\u00eda deber\u00e1n esforzarse por minimizar cualquier impacto ambiental adverso causado por sus productos y servicios durante todo su ciclo de vida: producci\u00f3n, transporte, uso y eliminaci\u00f3n o reciclaje. Los Terceros deber\u00e1n cumplir con toda la legislaci\u00f3n pertinente y los est\u00e1ndares internacionales. En los pa\u00edses donde no existe legislaci\u00f3n ambiental ni aplicaci\u00f3n de la legislaci\u00f3n vigente, deber\u00e1n adoptar pr\u00e1cticas razonables para gestionar el impacto.<\/p>\n\n\n\n<p>Los Terceros deber\u00e1n fomentar las iniciativas que promuevan una mayor responsabilidad ambiental; y favorecer el desarrollo y la difusi\u00f3n de las tecnolog\u00edas respetuosas con el medio ambiente<\/p>\n\n\n\n<h3 class=\"wp-block-heading\">5.3. Protecci\u00f3n de la empresa, informaci\u00f3n y seguridad de la informaci\u00f3n<\/h3>\n\n\n\n<p>La Compa\u00f1\u00eda considera que entre sus activos m\u00e1s importantes se encuentran su marca, su imagen y su reputaci\u00f3n. Por lo tanto, la divulgaci\u00f3n p\u00fablica de informaci\u00f3n s\u00f3lo podr\u00e1 realizarse por las personas y por los medios autorizados por La Compa\u00f1\u00eda. Ning\u00fan Tercero podr\u00e1 hacer uso del nombre y marca para usos diferentes de los permitidos por La Compa\u00f1\u00eda y sin pedir autorizaci\u00f3n previa y por escrito a La Compa\u00f1\u00eda. Todos los Terceros deben velar por que su proceder no da\u00f1e la imagen y la reputaci\u00f3n de La Compa\u00f1\u00eda.<\/p>\n\n\n\n<p>Los Terceros deber\u00e1n cumplir con todas las leyes aplicables que rigen los derechos de propiedad intelectual, incluyendo la protecci\u00f3n contra la violaci\u00f3n de los derechos de autor y marcas registradas.<\/p>\n\n\n\n<h3 class=\"wp-block-heading\">5.4. Canales de Denuncia: L\u00ednea \u00c9tica de Simetrik<\/h3>\n\n\n\n<p>Los Terceros deber\u00e1n informar cualquier caso de comportamiento ilegal, no \u00e9tico o de violaci\u00f3n de este C\u00f3digo, de forma an\u00f3nima a trav\u00e9s de la L\u00ednea \u00c9tica de Simetrik, operada por Ethics Global, a trav\u00e9s de:<\/p>\n\n\n\n<p><strong><strong>L\u00ednea telef\u00f3nica gratuita<\/strong><\/strong>:<\/p>\n\n\n\n<ul class=\"wp-block-list\">\n<li>Colombia: +57 1 800 518 9191<\/li>\n\n\n\n<li>Argentina: 0800 345 5478<\/li>\n\n\n\n<li>Brazil: 0800 900 0510<\/li>\n\n\n\n<li>Mexico: 800 043 8422<\/li>\n<\/ul>\n\n\n\n<p><strong>S\u00edtio Web<\/strong>\u00a0: https:\/\/simetrik.lineadeconfianza.com\/<\/p>\n\n\n\n<p><strong>App M\u00f3vil Ethics Global using the code V22-7259-SIM<\/strong><\/p>\n\n\n\n<p>Para todos los efectos se mantendr\u00e1 la reserva de la informaci\u00f3n y el anonimato del denunciante. Cualquier omisi\u00f3n de informar acerca de una violaci\u00f3n al C\u00f3digo de \u00c9tica constituye, por s\u00ed misma, una violaci\u00f3n a este mismo.<\/p>\n\n\n\n<h3 class=\"wp-block-heading\">6. CONSECUENCIAS Y ACCIONES CORRECTIVAS<\/h3>\n\n\n\n<p>En caso de que un Tercero incurra en una conducta perjudicial para La Compa\u00f1\u00eda en contravenci\u00f3n de este C\u00f3digo de \u00c9tica, ser\u00e1 sancionado de acuerdo con las previsiones contenidas en la Ley, en concordancia con el contrato y la relaci\u00f3n comercial, generando las sanciones legales a que haya lugar, que pueden ir desde una amonestaci\u00f3n hasta la finalizaci\u00f3n del contrato o relaci\u00f3n; sin perjuicio de cualquier acci\u00f3n, obligaci\u00f3n o sanci\u00f3n que resulte de la ley vigente.<\/p>\n\n\n\n<p>Los Terceros se comprometen a colaborar con La Compa\u00f1\u00eda en el supuesto que se produzca una investigaci\u00f3n de cualquier incumplimiento o irregularidad y que d\u00e9 lugar a una investigaci\u00f3n administrativa o judicial.<\/p>\n\n\n\n<h3 class=\"wp-block-heading\">7. ACTUALIZACI\u00d3N Y DIVULGACI\u00d3N<\/h3>\n\n\n\n<p>Este C\u00f3digo ser\u00e1 revisado y actualizado cuando se deban considerar nuevas reglamentaciones legales o internas. Todo cambio ser\u00e1 comunicado a los Terceros.<\/p>\n\n\n\n<h3 class=\"wp-block-heading\">8. VIGENCIA<\/h3>\n\n\n\n<p>Este C\u00f3digo entrar\u00e1 en vigor una vez sea publicado y previa aprobaci\u00f3n formal de la Junta Directiva de Simetrik INC.<\/p>\n\n\n\n<p><\/p>\n","protected":false},"excerpt":{"rendered":"<p>1.INTRODUCCI\u00d3N Simetrik INC., sus filiales y subsidiarias (en adelante, \u00abLa Compa\u00f1\u00eda\u00bb), ha desarrollado el presente C\u00f3digo de \u00c9tica con el prop\u00f3sito de fomentar relaciones s\u00f3lidas y \u00e9ticas con todas las personas y entidades con las que interact\u00faa, incluyendo partners, proveedores, contratistas independientes, subcontratistas, clientes, inversionistas, socios comerciales, agentes, entre otros. Este C\u00f3digo busca garantizar que<a class=\"excerpt-read-more\" href=\"https:\/\/wp-lp-dev.simetrik.com\/es\/legal\/code-of-ethics-third-parties\/\" title=\"ReadC\u00f3digo de \u00e9tica &#8211; Terceros\">&#8230; Read more &raquo;<\/a><\/p>\n","protected":false},"author":4,"featured_media":0,"parent":2158,"menu_order":0,"comment_status":"closed","ping_status":"closed","template":"","meta":{"_acf_changed":true,"inline_featured_image":false,"footnotes":""},"class_list":["post-2178","page","type-page","status-publish","hentry"],"acf":[],"yoast_head":"<!-- This site is optimized with the Yoast SEO plugin v25.7 - https:\/\/yoast.com\/wordpress\/plugins\/seo\/ -->\n<title>C\u00f3digo de \u00e9tica - Terceros - Simetrik<\/title>\n<meta name=\"robots\" content=\"index, follow, max-snippet:-1, max-image-preview:large, max-video-preview:-1\" \/>\n<link rel=\"canonical\" href=\"https:\/\/wp-lp-dev.simetrik.com\/es\/legal\/code-of-ethics-third-parties\/\" \/>\n<meta property=\"og:locale\" content=\"es_ES\" \/>\n<meta property=\"og:type\" content=\"article\" \/>\n<meta property=\"og:title\" content=\"C\u00f3digo de \u00e9tica - Terceros - Simetrik\" \/>\n<meta property=\"og:description\" content=\"1.INTRODUCCI\u00d3N Simetrik INC., sus filiales y subsidiarias (en adelante, \u00abLa Compa\u00f1\u00eda\u00bb), ha desarrollado el presente C\u00f3digo de \u00c9tica con el prop\u00f3sito de fomentar relaciones s\u00f3lidas y \u00e9ticas con todas las personas y entidades con las que interact\u00faa, incluyendo partners, proveedores, contratistas independientes, subcontratistas, clientes, inversionistas, socios comerciales, agentes, entre otros. Este C\u00f3digo busca garantizar que... Read more &raquo;\" \/>\n<meta property=\"og:url\" content=\"https:\/\/wp-lp-dev.simetrik.com\/es\/legal\/code-of-ethics-third-parties\/\" \/>\n<meta property=\"og:site_name\" content=\"Simetrik\" \/>\n<meta property=\"article:modified_time\" content=\"2025-08-17T03:49:09+00:00\" \/>\n<meta name=\"twitter:card\" content=\"summary_large_image\" \/>\n<meta name=\"twitter:label1\" content=\"Tiempo de lectura\" \/>\n\t<meta name=\"twitter:data1\" content=\"8 minutos\" \/>\n<script type=\"application\/ld+json\" class=\"yoast-schema-graph\">{\"@context\":\"https:\/\/schema.org\",\"@graph\":[{\"@type\":\"WebPage\",\"@id\":\"https:\/\/wp-lp-dev.simetrik.com\/es\/legal\/code-of-ethics-third-parties\/\",\"url\":\"https:\/\/wp-lp-dev.simetrik.com\/es\/legal\/code-of-ethics-third-parties\/\",\"name\":\"C\u00f3digo de \u00e9tica - Terceros - Simetrik\",\"isPartOf\":{\"@id\":\"https:\/\/wp-lp-dev.simetrik.com\/es\/#website\"},\"datePublished\":\"2025-08-13T21:49:25+00:00\",\"dateModified\":\"2025-08-17T03:49:09+00:00\",\"breadcrumb\":{\"@id\":\"https:\/\/wp-lp-dev.simetrik.com\/es\/legal\/code-of-ethics-third-parties\/#breadcrumb\"},\"inLanguage\":\"es\",\"potentialAction\":[{\"@type\":\"ReadAction\",\"target\":[\"https:\/\/wp-lp-dev.simetrik.com\/es\/legal\/code-of-ethics-third-parties\/\"]}]},{\"@type\":\"BreadcrumbList\",\"@id\":\"https:\/\/wp-lp-dev.simetrik.com\/es\/legal\/code-of-ethics-third-parties\/#breadcrumb\",\"itemListElement\":[{\"@type\":\"ListItem\",\"position\":1,\"name\":\"Home\",\"item\":\"https:\/\/wp-lp-dev.simetrik.com\/es\/\"},{\"@type\":\"ListItem\",\"position\":2,\"name\":\"Legal\",\"item\":\"https:\/\/wp-lp-dev.simetrik.com\/es\/legal\/\"},{\"@type\":\"ListItem\",\"position\":3,\"name\":\"C\u00f3digo de \u00e9tica &#8211; Terceros\"}]},{\"@type\":\"WebSite\",\"@id\":\"https:\/\/wp-lp-dev.simetrik.com\/es\/#website\",\"url\":\"https:\/\/wp-lp-dev.simetrik.com\/es\/\",\"name\":\"Simetrik\",\"description\":\"\",\"potentialAction\":[{\"@type\":\"SearchAction\",\"target\":{\"@type\":\"EntryPoint\",\"urlTemplate\":\"https:\/\/wp-lp-dev.simetrik.com\/es\/?s={search_term_string}\"},\"query-input\":{\"@type\":\"PropertyValueSpecification\",\"valueRequired\":true,\"valueName\":\"search_term_string\"}}],\"inLanguage\":\"es\"}]}<\/script>\n<!-- \/ Yoast SEO plugin. -->","yoast_head_json":{"title":"C\u00f3digo de \u00e9tica - Terceros - Simetrik","robots":{"index":"index","follow":"follow","max-snippet":"max-snippet:-1","max-image-preview":"max-image-preview:large","max-video-preview":"max-video-preview:-1"},"canonical":"https:\/\/wp-lp-dev.simetrik.com\/es\/legal\/code-of-ethics-third-parties\/","og_locale":"es_ES","og_type":"article","og_title":"C\u00f3digo de \u00e9tica - Terceros - Simetrik","og_description":"1.INTRODUCCI\u00d3N Simetrik INC., sus filiales y subsidiarias (en adelante, \u00abLa Compa\u00f1\u00eda\u00bb), ha desarrollado el presente C\u00f3digo de \u00c9tica con el prop\u00f3sito de fomentar relaciones s\u00f3lidas y \u00e9ticas con todas las personas y entidades con las que interact\u00faa, incluyendo partners, proveedores, contratistas independientes, subcontratistas, clientes, inversionistas, socios comerciales, agentes, entre otros. Este C\u00f3digo busca garantizar que... Read more &raquo;","og_url":"https:\/\/wp-lp-dev.simetrik.com\/es\/legal\/code-of-ethics-third-parties\/","og_site_name":"Simetrik","article_modified_time":"2025-08-17T03:49:09+00:00","twitter_card":"summary_large_image","twitter_misc":{"Tiempo de lectura":"8 minutos"},"schema":{"@context":"https:\/\/schema.org","@graph":[{"@type":"WebPage","@id":"https:\/\/wp-lp-dev.simetrik.com\/es\/legal\/code-of-ethics-third-parties\/","url":"https:\/\/wp-lp-dev.simetrik.com\/es\/legal\/code-of-ethics-third-parties\/","name":"C\u00f3digo de \u00e9tica - Terceros - Simetrik","isPartOf":{"@id":"https:\/\/wp-lp-dev.simetrik.com\/es\/#website"},"datePublished":"2025-08-13T21:49:25+00:00","dateModified":"2025-08-17T03:49:09+00:00","breadcrumb":{"@id":"https:\/\/wp-lp-dev.simetrik.com\/es\/legal\/code-of-ethics-third-parties\/#breadcrumb"},"inLanguage":"es","potentialAction":[{"@type":"ReadAction","target":["https:\/\/wp-lp-dev.simetrik.com\/es\/legal\/code-of-ethics-third-parties\/"]}]},{"@type":"BreadcrumbList","@id":"https:\/\/wp-lp-dev.simetrik.com\/es\/legal\/code-of-ethics-third-parties\/#breadcrumb","itemListElement":[{"@type":"ListItem","position":1,"name":"Home","item":"https:\/\/wp-lp-dev.simetrik.com\/es\/"},{"@type":"ListItem","position":2,"name":"Legal","item":"https:\/\/wp-lp-dev.simetrik.com\/es\/legal\/"},{"@type":"ListItem","position":3,"name":"C\u00f3digo de \u00e9tica &#8211; Terceros"}]},{"@type":"WebSite","@id":"https:\/\/wp-lp-dev.simetrik.com\/es\/#website","url":"https:\/\/wp-lp-dev.simetrik.com\/es\/","name":"Simetrik","description":"","potentialAction":[{"@type":"SearchAction","target":{"@type":"EntryPoint","urlTemplate":"https:\/\/wp-lp-dev.simetrik.com\/es\/?s={search_term_string}"},"query-input":{"@type":"PropertyValueSpecification","valueRequired":true,"valueName":"search_term_string"}}],"inLanguage":"es"}]}},"_links":{"self":[{"href":"https:\/\/wp-lp-dev.simetrik.com\/es\/wp-json\/wp\/v2\/pages\/2178","targetHints":{"allow":["GET"]}}],"collection":[{"href":"https:\/\/wp-lp-dev.simetrik.com\/es\/wp-json\/wp\/v2\/pages"}],"about":[{"href":"https:\/\/wp-lp-dev.simetrik.com\/es\/wp-json\/wp\/v2\/types\/page"}],"author":[{"embeddable":true,"href":"https:\/\/wp-lp-dev.simetrik.com\/es\/wp-json\/wp\/v2\/users\/4"}],"replies":[{"embeddable":true,"href":"https:\/\/wp-lp-dev.simetrik.com\/es\/wp-json\/wp\/v2\/comments?post=2178"}],"version-history":[{"count":0,"href":"https:\/\/wp-lp-dev.simetrik.com\/es\/wp-json\/wp\/v2\/pages\/2178\/revisions"}],"up":[{"embeddable":true,"href":"https:\/\/wp-lp-dev.simetrik.com\/es\/wp-json\/wp\/v2\/pages\/2158"}],"wp:attachment":[{"href":"https:\/\/wp-lp-dev.simetrik.com\/es\/wp-json\/wp\/v2\/media?parent=2178"}],"curies":[{"name":"wp","href":"https:\/\/api.w.org\/{rel}","templated":true}]}}