{"id":2168,"date":"2025-08-13T21:17:56","date_gmt":"2025-08-13T21:17:56","guid":{"rendered":"https:\/\/wp-lp-dev.simetrik.com\/cookie-policy\/"},"modified":"2025-08-19T01:18:07","modified_gmt":"2025-08-19T01:18:07","slug":"cookie-policy","status":"publish","type":"page","link":"https:\/\/wp-lp-dev.simetrik.com\/es\/cookie-policy\/","title":{"rendered":"Pol\u00edtica de Cookies"},"content":{"rendered":"\n<p>Simetrik INC. y todas sus filiales y\/o subsidiarias, presentes y\/o futuras (en adelante, \u00abSimetrik\u00bb), titular de este portal web, puede utilizar cookies propias y de terceros para distintas finalidades. Te informaremos y ofreceremos opciones de configuraci\u00f3n sobre el uso de cookies tanto en la primera conexi\u00f3n a nuestro portal web como en cualquier momento posterior que lo desees, mediante las opciones que ponemos a tu disposici\u00f3n.Le informamos de que en www.simetrik.com utilizamos cookies con el objetivo de facilitar el uso y la navegaci\u00f3n a trav\u00e9s de la p\u00e1gina web, y mejorar la calidad de la misma de acuerdo con los h\u00e1bitos y estilos de navegaci\u00f3n de los usuarios.<\/p>\n\n\n\n<h3 class=\"wp-block-heading\">1. \u00bfQU\u00c9 SON LAS COOKIES?<\/h3>\n\n\n\n<p>Las Cookies son una herramienta utilizada por los servidores web para almacenar y recuperar informaci\u00f3n acerca de los visitantes de un sitio. Se trata de peque\u00f1os archivos de texto que se env\u00edan a tu computadora, tablet o cualquier otro dispositivo que utilices para navegar por internet cuando accedes a determinadas p\u00e1ginas web. Tambi\u00e9n existen otras tecnolog\u00edas similares cuya funcionalidad es la misma. Las Cookies permiten, entre otras cosas, mantener un registro de tus h\u00e1bitos de navegaci\u00f3n, las preferencias de tu equipo o tus datos de inicio de sesi\u00f3n, record\u00e1ndolos cuando regreses.En Simetrik, utilizamos Cookies para mejorar tu experiencia de navegaci\u00f3n, recordar tus preferencias y ofrecerte contenido personalizado. Adem\u00e1s, nos ayudan a recopilar datos estad\u00edsticos sobre el uso de nuestro sitio web, permiti\u00e9ndonos analizar y optimizar su rendimiento<\/p>\n\n\n\n<h3 class=\"wp-block-heading\">2. TIPOS DE COOKIES QUE UTILIZAMOS EN EL SITIO WEB<\/h3>\n\n\n\n<p>Simetrik utiliza los siguientes tipos de Cookies en su p\u00e1gina web:<\/p>\n\n\n\n<h2 class=\"wp-block-heading\">Cookies necesarias<\/h2>\n\n\n\n<p>Estas cookies son esenciales para el funcionamiento b\u00e1sico del sitio web. Sin ellas, no podr\u00edas navegar correctamente ni utilizar algunas funciones clave.<\/p>\n\n\n\n<p>\u200d<img decoding=\"async\" src=\"https:\/\/www.datocms-assets.com\/154296\/1746041573-cookies01.svg\"><\/p>\n\n\n\n<h2 class=\"wp-block-heading\">Cookies de rendimiento<\/h2>\n\n\n\n<p>Estas cookies recopilan informaci\u00f3n sobre c\u00f3mo los usuarios utilizan nuestro sitio web, como las p\u00e1ginas m\u00e1s visitadas o los errores que puedan aparecer. Esta informaci\u00f3n es an\u00f3nima y solo se utiliza para mejorar el funcionamiento de nuestro sitio web.<\/p>\n\n\n\n<p>\u200d<img decoding=\"async\" src=\"https:\/\/www.datocms-assets.com\/154296\/1746041746-cookies-performance.svg\"><\/p>\n\n\n\n<h2 class=\"wp-block-heading\">Cookies de funcionalidad<\/h2>\n\n\n\n<p>Permiten recordar tus preferencias, como el idioma o la regi\u00f3n desde la que accedes, para ofrecerte una experiencia m\u00e1s personalizada.<\/p>\n\n\n\n<h2 class=\"wp-block-heading\">Cookies de marketing<\/h2>\n\n\n\n<p>Estas cookies se utilizan para ofrecerte anuncios relevantes y personalizados seg\u00fan tus intereses, y para medir la efectividad de nuestras campa\u00f1as publicitarias.<\/p>\n\n\n\n<figure class=\"wp-block-image\"><img decoding=\"async\" src=\"https:\/\/www.datocms-assets.com\/154296\/1746043640-cookies-marketing.svg\" alt=\"\"\/><\/figure>\n\n\n\n<h3 class=\"wp-block-heading\">3. COOKIES DE TERCEROS<\/h3>\n\n\n\n<p>En nuestro sitio web, tambi\u00e9n utilizamos cookies de terceros, como Google Analytics, que nos ayudan a analizar el rendimiento del sitio web y ofrecerte una mejor experiencia. Los terceros pueden tener acceso a los datos recopilados por estas cookies, y sus pol\u00edticas de privacidad pueden variar de las nuestras.\u200d<\/p>\n\n\n\n<figure class=\"wp-block-image\"><img decoding=\"async\" src=\"https:\/\/www.datocms-assets.com\/154296\/1746043447-cookies-third.svg\" alt=\"\"\/><\/figure>\n\n\n\n<h3 class=\"wp-block-heading\">4. \u00bfC\u00d3MO CONFIGURAR LAS COOKIES O DESHABILITARLAS?<\/h3>\n\n\n\n<p>Podr\u00e1s activar o desactivar el uso de cookies directamente desde el banner o aviso de cookies y el panel de preferencias asociado que aparecer\u00e1 en tu primera visita a nuestro sitio web. Si haces clic en el bot\u00f3n \u00abAceptar todas y continuar\u00bb del banner, estar\u00e1s permitiendo el uso de todas las cookies. Si no deseas que utilicemos alguna de las cookies, podr\u00e1s seleccionarlo en el panel de configuraci\u00f3n, haciendo clic en el bot\u00f3n \u00abConfigurar \/ Rechazar cookies\u00bb del banner.Al visitar nuestro sitio web por primera vez, se te pedir\u00e1 tu consentimiento para el uso de cookies. Puedes gestionar tus preferencias de cookies en cualquier momento, permitiendo o deshabilitando el uso de algunas o todas las categor\u00edas de cookies a trav\u00e9s del Gestor de Cookies disponible en el pie de p\u00e1gina.Adem\u00e1s, puedes configurar tu navegador para bloquear o eliminar las cookies. Ten en cuenta que, si deshabilitas algunas cookies, ciertas funcionalidades del sitio web pueden verse afectadas.Enlaces para gestionar cookies en los navegadores m\u00e1s comunes:<\/p>\n\n\n\n<ul class=\"wp-block-list\">\n<li><a href=\"https:\/\/support.google.com\/chrome\/answer\/95647?hl=es\">Google Chrome<\/a><\/li>\n\n\n\n<li><a href=\"http:\/\/support.mozilla.org\/es\/kb\/habilitar-y-deshabilitar-cookies-que-los-sitios-we\">Mozilla Firefox<\/a><\/li>\n\n\n\n<li><a href=\"http:\/\/windows.microsoft.com\/es-es\/windows-vista\/block-or-allow-cookies\">Internet Explorer<\/a><\/li>\n\n\n\n<li><a href=\"https:\/\/support.apple.com\/es-es\/guide\/safari\/sfri11471\/mac\">Safari<\/a><\/li>\n\n\n\n<li><a href=\"https:\/\/blogs.opera.com\/news\/2015\/08\/how-to-manage-cookies-in-opera\/\">Opera<\/a><\/li>\n\n\n\n<li><a href=\"http:\/\/www.windowsphone.com\/es-es\/how-to\/wp7\/web\/changing-privacy-and-other-browser-settings\">Internet Explorer (Windows Phone)<\/a><\/li>\n\n\n\n<li><a href=\"https:\/\/support.apple.com\/es-es\/HT201265\">Safari for IOS (iPhone and iPad)<\/a><\/li>\n\n\n\n<li><a href=\"http:\/\/support.google.com\/chrome\/answer\/2392971?hl=es\">Chrome for Android\u00a0<\/a><\/li>\n<\/ul>\n\n\n\n<h3 class=\"wp-block-heading\">5. \u00bfCU\u00c1NTO TIEMPO SE CONSERVAN LAS COOKIES?<\/h3>\n\n\n\n<p>Las cookies se utilizar\u00e1n solo durante el tiempo necesario para cumplir con los fines espec\u00edficos indicados para cada una de ellas. Simetrik ha definido los plazos de conservaci\u00f3n de sus cookies propias, que puedes verificar directamente en la configuraci\u00f3n de tu navegador.Para las cookies de terceros, los plazos de conservaci\u00f3n se pueden consultar en las pol\u00edticas de privacidad de esos terceros. Puedes encontrar los enlaces a estas pol\u00edticas en el panel de configuraci\u00f3n de cookies de nuestro sitio web.Una vez que una cookie caduca, se volver\u00e1 a activar \u00fanicamente si el usuario acepta su uso nuevamente.<\/p>\n\n\n\n<h3 class=\"wp-block-heading\">6. ACTUALIZACIONES DE LA POL\u00cdTICA DE COOKIES<\/h3>\n\n\n\n<p>Simetrik podr\u00e1 actualizar la presente Pol\u00edtica de Cookies en cualquier momento. Dicha actualizaci\u00f3n ser\u00e1 aplicable desde su publicaci\u00f3n en el portal web, por lo que se aconseja a los usuarios que la revisen peri\u00f3dicamente. No obstante, la inclusi\u00f3n de nuevas cookies o la utilizaci\u00f3n de cookies ya informadas para finalidades diferentes a las indicadas requerir\u00e1 la aceptaci\u00f3n previa del usuario.<\/p>\n","protected":false},"excerpt":{"rendered":"<p>Simetrik INC. y todas sus filiales y\/o subsidiarias, presentes y\/o futuras (en adelante, \u00abSimetrik\u00bb), titular de este portal web, puede utilizar cookies propias y de terceros para distintas finalidades. Te informaremos y ofreceremos opciones de configuraci\u00f3n sobre el uso de cookies tanto en la primera conexi\u00f3n a nuestro portal web como en cualquier momento posterior<a class=\"excerpt-read-more\" href=\"https:\/\/wp-lp-dev.simetrik.com\/es\/cookie-policy\/\" title=\"ReadPol\u00edtica de Cookies\">&#8230; Read more &raquo;<\/a><\/p>\n","protected":false},"author":4,"featured_media":0,"parent":0,"menu_order":0,"comment_status":"closed","ping_status":"closed","template":"","meta":{"_acf_changed":false,"inline_featured_image":false,"footnotes":""},"class_list":["post-2168","page","type-page","status-publish","hentry"],"acf":[],"yoast_head":"<!-- This site is optimized with the Yoast SEO plugin v25.7 - https:\/\/yoast.com\/wordpress\/plugins\/seo\/ -->\n<title>Pol\u00edtica de Cookies - Simetrik<\/title>\n<meta name=\"robots\" content=\"index, follow, max-snippet:-1, max-image-preview:large, max-video-preview:-1\" \/>\n<link rel=\"canonical\" href=\"https:\/\/wp-lp-dev.simetrik.com\/es\/cookie-policy\/\" \/>\n<meta property=\"og:locale\" content=\"es_ES\" \/>\n<meta property=\"og:type\" content=\"article\" \/>\n<meta property=\"og:title\" content=\"Pol\u00edtica de Cookies - Simetrik\" \/>\n<meta property=\"og:description\" content=\"Simetrik INC. y todas sus filiales y\/o subsidiarias, presentes y\/o futuras (en adelante, \u00abSimetrik\u00bb), titular de este portal web, puede utilizar cookies propias y de terceros para distintas finalidades. Te informaremos y ofreceremos opciones de configuraci\u00f3n sobre el uso de cookies tanto en la primera conexi\u00f3n a nuestro portal web como en cualquier momento posterior... Read more &raquo;\" \/>\n<meta property=\"og:url\" content=\"https:\/\/wp-lp-dev.simetrik.com\/es\/cookie-policy\/\" \/>\n<meta property=\"og:site_name\" content=\"Simetrik\" \/>\n<meta property=\"article:modified_time\" content=\"2025-08-19T01:18:07+00:00\" \/>\n<meta property=\"og:image\" content=\"https:\/\/www.datocms-assets.com\/154296\/1746041573-cookies01.svg\" \/>\n<meta name=\"twitter:card\" content=\"summary_large_image\" \/>\n<meta name=\"twitter:label1\" content=\"Tiempo de lectura\" \/>\n\t<meta name=\"twitter:data1\" content=\"5 minutos\" \/>\n<script type=\"application\/ld+json\" class=\"yoast-schema-graph\">{\"@context\":\"https:\/\/schema.org\",\"@graph\":[{\"@type\":\"WebPage\",\"@id\":\"https:\/\/wp-lp-dev.simetrik.com\/es\/cookie-policy\/\",\"url\":\"https:\/\/wp-lp-dev.simetrik.com\/es\/cookie-policy\/\",\"name\":\"Pol\u00edtica de Cookies - Simetrik\",\"isPartOf\":{\"@id\":\"https:\/\/wp-lp-dev.simetrik.com\/es\/#website\"},\"primaryImageOfPage\":{\"@id\":\"https:\/\/wp-lp-dev.simetrik.com\/es\/cookie-policy\/#primaryimage\"},\"image\":{\"@id\":\"https:\/\/wp-lp-dev.simetrik.com\/es\/cookie-policy\/#primaryimage\"},\"thumbnailUrl\":\"https:\/\/www.datocms-assets.com\/154296\/1746041573-cookies01.svg\",\"datePublished\":\"2025-08-13T21:17:56+00:00\",\"dateModified\":\"2025-08-19T01:18:07+00:00\",\"breadcrumb\":{\"@id\":\"https:\/\/wp-lp-dev.simetrik.com\/es\/cookie-policy\/#breadcrumb\"},\"inLanguage\":\"es\",\"potentialAction\":[{\"@type\":\"ReadAction\",\"target\":[\"https:\/\/wp-lp-dev.simetrik.com\/es\/cookie-policy\/\"]}]},{\"@type\":\"ImageObject\",\"inLanguage\":\"es\",\"@id\":\"https:\/\/wp-lp-dev.simetrik.com\/es\/cookie-policy\/#primaryimage\",\"url\":\"https:\/\/www.datocms-assets.com\/154296\/1746041573-cookies01.svg\",\"contentUrl\":\"https:\/\/www.datocms-assets.com\/154296\/1746041573-cookies01.svg\"},{\"@type\":\"BreadcrumbList\",\"@id\":\"https:\/\/wp-lp-dev.simetrik.com\/es\/cookie-policy\/#breadcrumb\",\"itemListElement\":[{\"@type\":\"ListItem\",\"position\":1,\"name\":\"Home\",\"item\":\"https:\/\/wp-lp-dev.simetrik.com\/es\/\"},{\"@type\":\"ListItem\",\"position\":2,\"name\":\"Pol\u00edtica de Cookies\"}]},{\"@type\":\"WebSite\",\"@id\":\"https:\/\/wp-lp-dev.simetrik.com\/es\/#website\",\"url\":\"https:\/\/wp-lp-dev.simetrik.com\/es\/\",\"name\":\"Simetrik\",\"description\":\"\",\"potentialAction\":[{\"@type\":\"SearchAction\",\"target\":{\"@type\":\"EntryPoint\",\"urlTemplate\":\"https:\/\/wp-lp-dev.simetrik.com\/es\/?s={search_term_string}\"},\"query-input\":{\"@type\":\"PropertyValueSpecification\",\"valueRequired\":true,\"valueName\":\"search_term_string\"}}],\"inLanguage\":\"es\"}]}<\/script>\n<!-- \/ Yoast SEO plugin. -->","yoast_head_json":{"title":"Pol\u00edtica de Cookies - Simetrik","robots":{"index":"index","follow":"follow","max-snippet":"max-snippet:-1","max-image-preview":"max-image-preview:large","max-video-preview":"max-video-preview:-1"},"canonical":"https:\/\/wp-lp-dev.simetrik.com\/es\/cookie-policy\/","og_locale":"es_ES","og_type":"article","og_title":"Pol\u00edtica de Cookies - Simetrik","og_description":"Simetrik INC. y todas sus filiales y\/o subsidiarias, presentes y\/o futuras (en adelante, \u00abSimetrik\u00bb), titular de este portal web, puede utilizar cookies propias y de terceros para distintas finalidades. Te informaremos y ofreceremos opciones de configuraci\u00f3n sobre el uso de cookies tanto en la primera conexi\u00f3n a nuestro portal web como en cualquier momento posterior... Read more &raquo;","og_url":"https:\/\/wp-lp-dev.simetrik.com\/es\/cookie-policy\/","og_site_name":"Simetrik","article_modified_time":"2025-08-19T01:18:07+00:00","og_image":[{"url":"https:\/\/www.datocms-assets.com\/154296\/1746041573-cookies01.svg","type":"","width":"","height":""}],"twitter_card":"summary_large_image","twitter_misc":{"Tiempo de lectura":"5 minutos"},"schema":{"@context":"https:\/\/schema.org","@graph":[{"@type":"WebPage","@id":"https:\/\/wp-lp-dev.simetrik.com\/es\/cookie-policy\/","url":"https:\/\/wp-lp-dev.simetrik.com\/es\/cookie-policy\/","name":"Pol\u00edtica de Cookies - Simetrik","isPartOf":{"@id":"https:\/\/wp-lp-dev.simetrik.com\/es\/#website"},"primaryImageOfPage":{"@id":"https:\/\/wp-lp-dev.simetrik.com\/es\/cookie-policy\/#primaryimage"},"image":{"@id":"https:\/\/wp-lp-dev.simetrik.com\/es\/cookie-policy\/#primaryimage"},"thumbnailUrl":"https:\/\/www.datocms-assets.com\/154296\/1746041573-cookies01.svg","datePublished":"2025-08-13T21:17:56+00:00","dateModified":"2025-08-19T01:18:07+00:00","breadcrumb":{"@id":"https:\/\/wp-lp-dev.simetrik.com\/es\/cookie-policy\/#breadcrumb"},"inLanguage":"es","potentialAction":[{"@type":"ReadAction","target":["https:\/\/wp-lp-dev.simetrik.com\/es\/cookie-policy\/"]}]},{"@type":"ImageObject","inLanguage":"es","@id":"https:\/\/wp-lp-dev.simetrik.com\/es\/cookie-policy\/#primaryimage","url":"https:\/\/www.datocms-assets.com\/154296\/1746041573-cookies01.svg","contentUrl":"https:\/\/www.datocms-assets.com\/154296\/1746041573-cookies01.svg"},{"@type":"BreadcrumbList","@id":"https:\/\/wp-lp-dev.simetrik.com\/es\/cookie-policy\/#breadcrumb","itemListElement":[{"@type":"ListItem","position":1,"name":"Home","item":"https:\/\/wp-lp-dev.simetrik.com\/es\/"},{"@type":"ListItem","position":2,"name":"Pol\u00edtica de Cookies"}]},{"@type":"WebSite","@id":"https:\/\/wp-lp-dev.simetrik.com\/es\/#website","url":"https:\/\/wp-lp-dev.simetrik.com\/es\/","name":"Simetrik","description":"","potentialAction":[{"@type":"SearchAction","target":{"@type":"EntryPoint","urlTemplate":"https:\/\/wp-lp-dev.simetrik.com\/es\/?s={search_term_string}"},"query-input":{"@type":"PropertyValueSpecification","valueRequired":true,"valueName":"search_term_string"}}],"inLanguage":"es"}]}},"_links":{"self":[{"href":"https:\/\/wp-lp-dev.simetrik.com\/es\/wp-json\/wp\/v2\/pages\/2168","targetHints":{"allow":["GET"]}}],"collection":[{"href":"https:\/\/wp-lp-dev.simetrik.com\/es\/wp-json\/wp\/v2\/pages"}],"about":[{"href":"https:\/\/wp-lp-dev.simetrik.com\/es\/wp-json\/wp\/v2\/types\/page"}],"author":[{"embeddable":true,"href":"https:\/\/wp-lp-dev.simetrik.com\/es\/wp-json\/wp\/v2\/users\/4"}],"replies":[{"embeddable":true,"href":"https:\/\/wp-lp-dev.simetrik.com\/es\/wp-json\/wp\/v2\/comments?post=2168"}],"version-history":[{"count":2,"href":"https:\/\/wp-lp-dev.simetrik.com\/es\/wp-json\/wp\/v2\/pages\/2168\/revisions"}],"predecessor-version":[{"id":2646,"href":"https:\/\/wp-lp-dev.simetrik.com\/es\/wp-json\/wp\/v2\/pages\/2168\/revisions\/2646"}],"wp:attachment":[{"href":"https:\/\/wp-lp-dev.simetrik.com\/es\/wp-json\/wp\/v2\/media?parent=2168"}],"curies":[{"name":"wp","href":"https:\/\/api.w.org\/{rel}","templated":true}]}}